{"id":60566,"date":"2025-10-22T11:46:43","date_gmt":"2025-10-22T10:46:43","guid":{"rendered":"https:\/\/ultrasfactory.com\/product\/nitrata-2g-zb303\/"},"modified":"2025-11-07T21:58:33","modified_gmt":"2025-11-07T20:58:33","slug":"nitrata-2g-zb303","status":"publish","type":"product","link":"https:\/\/uf.estima.site\/pt-pt\/product\/nitrata-2g-zb303\/","title":{"rendered":"Nitrata 2G ZB303"},"content":{"rendered":"<p>O <strong data-start=\"674\" data-end=\"696\">Nitrata 2G (ZB303)<\/strong> da <strong data-start=\"702\" data-end=\"713\">Zom Bum<\/strong> \u00e9 um pacote de bombinhas flash compacto e de alto impacto, concebido para uma igni\u00e7\u00e3o consistente e um poderoso relat\u00f3rio de unidade \u00fanica. Fornecida como uma <strong data-start=\"847\" data-end=\"871\">embalagem de retalho de 20 pe\u00e7as<\/strong>, cada bolacha cont\u00e9m \u2248 <strong data-start=\"895\" data-end=\"912\">2 g de NEM\/NEC<\/strong>, o que confere ao conjunto um forte desempenho ac\u00fastico e est\u00e1 em conformidade com a classifica\u00e7\u00e3o CE para efeitos de consumo mais fortes no exterior. O Nitrata 2G foi concebido para utiliza\u00e7\u00e3o no exterior, efeitos controlados e aplica\u00e7\u00f5es festivas em que \u00e9 necess\u00e1rio um estrondo forte e fi\u00e1vel e um flash brilhante.<\/p>\n","protected":false},"excerpt":{"rendered":"<ul>\n<li><strong>20 unidades<\/strong><\/li>\n<li><strong>NEC: 20g<\/strong><\/li>\n<\/ul>\n","protected":false},"featured_media":60567,"comment_status":"closed","ping_status":"closed","template":"","meta":{"_acf_changed":false},"product_brand":[],"product_cat":[487,495],"product_tag":[],"class_list":{"0":"post-60566","1":"product","2":"type-product","3":"status-publish","4":"has-post-thumbnail","6":"product_cat-fogos-de-artificio","7":"product_cat-promocao","8":"pa_brandx-zom-bum","10":"first","11":"instock","12":"sale","13":"taxable","14":"shipping-taxable","15":"purchasable","16":"product-type-simple"},"acf":[],"_links":{"self":[{"href":"https:\/\/uf.estima.site\/pt-pt\/wp-json\/wp\/v2\/product\/60566","targetHints":{"allow":["GET"]}}],"collection":[{"href":"https:\/\/uf.estima.site\/pt-pt\/wp-json\/wp\/v2\/product"}],"about":[{"href":"https:\/\/uf.estima.site\/pt-pt\/wp-json\/wp\/v2\/types\/product"}],"replies":[{"embeddable":true,"href":"https:\/\/uf.estima.site\/pt-pt\/wp-json\/wp\/v2\/comments?post=60566"}],"wp:featuredmedia":[{"embeddable":true,"href":"https:\/\/uf.estima.site\/pt-pt\/wp-json\/wp\/v2\/media\/60567"}],"wp:attachment":[{"href":"https:\/\/uf.estima.site\/pt-pt\/wp-json\/wp\/v2\/media?parent=60566"}],"wp:term":[{"taxonomy":"product_brand","embeddable":true,"href":"https:\/\/uf.estima.site\/pt-pt\/wp-json\/wp\/v2\/product_brand?post=60566"},{"taxonomy":"product_cat","embeddable":true,"href":"https:\/\/uf.estima.site\/pt-pt\/wp-json\/wp\/v2\/product_cat?post=60566"},{"taxonomy":"product_tag","embeddable":true,"href":"https:\/\/uf.estima.site\/pt-pt\/wp-json\/wp\/v2\/product_tag?post=60566"}],"curies":[{"name":"wp","href":"https:\/\/api.w.org\/{rel}","templated":true}]}}