{"id":60572,"date":"2025-10-22T11:55:57","date_gmt":"2025-10-22T10:55:57","guid":{"rendered":"https:\/\/ultrasfactory.com\/product\/nitrata-pequeno-zom-bum-explosion-zb105\/"},"modified":"2025-11-21T10:45:37","modified_gmt":"2025-11-21T09:45:37","slug":"nitrata-pequeno-zom-bum-explosion-zb105","status":"publish","type":"product","link":"https:\/\/uf.estima.site\/pt-pt\/product\/nitrata-pequeno-zom-bum-explosion-zb105\/","title":{"rendered":"Nitrata Pequeno Zom Bum Explosion ZB105"},"content":{"rendered":"<p><iframe loading=\"lazy\" title=\"Nitrata Small Zom Bum Explosion ZB105 | ULTRASFACTORY.COM #fireworks #banger #firecracker #b\u00f6ller\" width=\"563\" height=\"1000\" src=\"https:\/\/www.youtube.com\/embed\/B7E8t1DXvnM?feature=oembed\" frameborder=\"0\" allow=\"accelerometer; autoplay; clipboard-write; encrypted-media; gyroscope; picture-in-picture; web-share\" referrerpolicy=\"strict-origin-when-cross-origin\" allowfullscreen><\/iframe><\/p>\n<p data-start=\"736\" data-end=\"1272\">O <strong data-start=\"740\" data-end=\"765\">Nitrata Small &#8211; ZB105<\/strong> da <strong data-start=\"771\" data-end=\"782\">Zom Bum<\/strong> \u00e9 um foguete de flash compacto e de alto impacto, concebido para proporcionar um flash n\u00edtido e um estrondo poderoso para celebra\u00e7\u00f5es ao ar livre, efeitos teatrais e sequ\u00eancias pirot\u00e9cnicas controladas. Vendido atrav\u00e9s de v\u00e1rios retalhistas europeus em pequenas embalagens de retalho<strong data-start=\"1094\" data-end=\"1100\">,F3<\/strong><\/p>\n<p data-start=\"1274\" data-end=\"1632\">Os retalhistas oferecem a ZB105 em v\u00e1rios formatos de embalagens <strong data-start=\"1334\" data-end=\"1357\">de 30 pe\u00e7as<\/strong>, por isso escolhe a SKU que corresponde ao teu stock e limites de envio. O produto \u00e9 comercializado como um cracker de alto ru\u00eddo e alto brilho e deve ser sempre utilizado ao ar livre, respeitando totalmente as leis locais e as dist\u00e2ncias de seguran\u00e7a.<\/p>\n","protected":false},"excerpt":{"rendered":"<p>O Nitrata Small &#8211; ZB105 da Zom Bum \u00e9 um foguete de flash compacto e de alto impacto, concebido para proporcionar um flash n\u00edtido e um estrondo poderoso para celebra\u00e7\u00f5es ao ar livre, efeitos teatrais e sequ\u00eancias pirot\u00e9cnicas controladas. Vendido atrav\u00e9s de v\u00e1rios retalhistas europeus em pequenas embalagens de retalho,F3 Os retalhistas oferecem a ZB105 [&hellip;]<\/p>\n","protected":false},"featured_media":60573,"comment_status":"closed","ping_status":"closed","template":"","meta":{"_acf_changed":false},"product_brand":[],"product_cat":[487,495],"product_tag":[],"class_list":{"0":"post-60572","1":"product","2":"type-product","3":"status-publish","4":"has-post-thumbnail","6":"product_cat-fogos-de-artificio","7":"product_cat-promocao","8":"pa_brandx-zom-bum","10":"first","11":"instock","12":"sale","13":"taxable","14":"shipping-taxable","15":"purchasable","16":"product-type-simple"},"acf":[],"_links":{"self":[{"href":"https:\/\/uf.estima.site\/pt-pt\/wp-json\/wp\/v2\/product\/60572","targetHints":{"allow":["GET"]}}],"collection":[{"href":"https:\/\/uf.estima.site\/pt-pt\/wp-json\/wp\/v2\/product"}],"about":[{"href":"https:\/\/uf.estima.site\/pt-pt\/wp-json\/wp\/v2\/types\/product"}],"replies":[{"embeddable":true,"href":"https:\/\/uf.estima.site\/pt-pt\/wp-json\/wp\/v2\/comments?post=60572"}],"wp:featuredmedia":[{"embeddable":true,"href":"https:\/\/uf.estima.site\/pt-pt\/wp-json\/wp\/v2\/media\/60573"}],"wp:attachment":[{"href":"https:\/\/uf.estima.site\/pt-pt\/wp-json\/wp\/v2\/media?parent=60572"}],"wp:term":[{"taxonomy":"product_brand","embeddable":true,"href":"https:\/\/uf.estima.site\/pt-pt\/wp-json\/wp\/v2\/product_brand?post=60572"},{"taxonomy":"product_cat","embeddable":true,"href":"https:\/\/uf.estima.site\/pt-pt\/wp-json\/wp\/v2\/product_cat?post=60572"},{"taxonomy":"product_tag","embeddable":true,"href":"https:\/\/uf.estima.site\/pt-pt\/wp-json\/wp\/v2\/product_tag?post=60572"}],"curies":[{"name":"wp","href":"https:\/\/api.w.org\/{rel}","templated":true}]}}