{"id":60584,"date":"2025-10-16T08:24:31","date_gmt":"2025-10-16T07:24:31","guid":{"rendered":"https:\/\/ultrasfactory.com\/product\/harmonia-sfc43\/"},"modified":"2025-11-02T15:01:51","modified_gmt":"2025-11-02T14:01:51","slug":"harmonia-sfc43","status":"publish","type":"product","link":"https:\/\/uf.estima.site\/pt-pt\/product\/harmonia-sfc43\/","title":{"rendered":"Harmonia SFC43"},"content":{"rendered":"<p><iframe loading=\"lazy\" title=\"Reprodutor de v\u00eddeo do YouTube\" src=\"https:\/\/www.youtube.com\/embed\/UWLBfVuc_f4?si=oVt24COGvueH9VGE\" width=\"560\" height=\"315\" frameborder=\"0\" allowfullscreen=\"allowfullscreen\"><\/iframe><\/p>\n<p data-start=\"610\" data-end=\"971\">O <strong data-start=\"614\" data-end=\"634\">HARMONIA &#8211; SFC43<\/strong> \u00e9 um<strong data-start=\"640\" data-end=\"685\"> bolo de fogo de artif\u00edcio multi-efeitos de<\/strong> 74 disparos<strong data-start=\"640\" data-end=\"685\"> e 30 mm<\/strong> concebido para um desempenho de n\u00edvel de exibi\u00e7\u00e3o em espect\u00e1culos de fogo de artif\u00edcio profissionais e de retalho de alta qualidade. Concebido para proporcionar <strong data-start=\"800\" data-end=\"824\">fortes pausas a\u00e9reas<\/strong>, <strong data-start=\"826\" data-end=\"850\">efeitos de cor brilhantes<\/strong> e <strong data-start=\"856\" data-end=\"876\">disparos sequenciados<\/strong>, o SFC43 proporciona um elemento de espet\u00e1culo equilibrado, perfeito para destaques a meio do programa ou pistas de finaliza\u00e7\u00e3o.<\/p>\n<p data-start=\"973\" data-end=\"1338\">A sequ\u00eancia do efeito come\u00e7a normalmente com as <strong data-start=\"1015\" data-end=\"1056\">caudas douradas a elevarem-se no c\u00e9u<\/strong>, transformando-se em <strong data-start=\"1076\" data-end=\"1125\">salgueiros dourados com d\u00e1lias de cores vivas<\/strong> (como vermelho, verde, roxo, azul, lim\u00e3o ou laranja) e <strong data-start=\"1184\" data-end=\"1201\">estrobosc\u00f3pios brancos<\/strong> que acrescentam um contraste n\u00edtido. O padr\u00e3o de disparo \u00e9 retil\u00edneo (em forma de I), garantindo um ritmo constante e uma leitura clara de todos os \u00e2ngulos de vis\u00e3o.<\/p>\n<p data-start=\"1340\" data-end=\"1606\">Com 74 <strong data-start=\"1345\" data-end=\"1366\">disparos potentes<\/strong> e um calibre de 30 mm, a HARMONIA SFC43 proporciona efeitos a\u00e9reos arrojados \u00e0 altura de um espet\u00e1culo profissional. \u00c9 ideal para organizadores de eventos, pirot\u00e9cnicos e retalhistas de fogo de artif\u00edcio de primeira qualidade que pretendem um <strong data-start=\"1560\" data-end=\"1583\">aspeto limpo e cl\u00e1ssico<\/strong> com uma intensidade moderna.<\/p>\n","protected":false},"excerpt":{"rendered":"<ul>\n<li><strong>74 tiros<\/strong><\/li>\n<li><strong>CALIBRE MIX 25\/30mm<\/strong><\/li>\n<li><strong>NEC: 992,8g<\/strong><\/li>\n<li><strong>F2<\/strong><\/li>\n<\/ul>\n","protected":false},"featured_media":60585,"comment_status":"closed","ping_status":"closed","template":"","meta":{"_acf_changed":false},"product_brand":[],"product_cat":[477,495],"product_tag":[],"class_list":{"0":"post-60584","1":"product","2":"type-product","3":"status-publish","4":"has-post-thumbnail","6":"product_cat-baterias","7":"product_cat-promocao","8":"pa_brandx-iskra-line","10":"first","11":"instock","12":"sale","13":"taxable","14":"shipping-taxable","15":"purchasable","16":"product-type-simple"},"acf":[],"_links":{"self":[{"href":"https:\/\/uf.estima.site\/pt-pt\/wp-json\/wp\/v2\/product\/60584","targetHints":{"allow":["GET"]}}],"collection":[{"href":"https:\/\/uf.estima.site\/pt-pt\/wp-json\/wp\/v2\/product"}],"about":[{"href":"https:\/\/uf.estima.site\/pt-pt\/wp-json\/wp\/v2\/types\/product"}],"replies":[{"embeddable":true,"href":"https:\/\/uf.estima.site\/pt-pt\/wp-json\/wp\/v2\/comments?post=60584"}],"wp:featuredmedia":[{"embeddable":true,"href":"https:\/\/uf.estima.site\/pt-pt\/wp-json\/wp\/v2\/media\/60585"}],"wp:attachment":[{"href":"https:\/\/uf.estima.site\/pt-pt\/wp-json\/wp\/v2\/media?parent=60584"}],"wp:term":[{"taxonomy":"product_brand","embeddable":true,"href":"https:\/\/uf.estima.site\/pt-pt\/wp-json\/wp\/v2\/product_brand?post=60584"},{"taxonomy":"product_cat","embeddable":true,"href":"https:\/\/uf.estima.site\/pt-pt\/wp-json\/wp\/v2\/product_cat?post=60584"},{"taxonomy":"product_tag","embeddable":true,"href":"https:\/\/uf.estima.site\/pt-pt\/wp-json\/wp\/v2\/product_tag?post=60584"}],"curies":[{"name":"wp","href":"https:\/\/api.w.org\/{rel}","templated":true}]}}