{"id":60586,"date":"2025-10-22T12:02:06","date_gmt":"2025-10-22T11:02:06","guid":{"rendered":"https:\/\/ultrasfactory.com\/product\/crazy-screamer-2g-zb307\/"},"modified":"2025-11-07T21:58:33","modified_gmt":"2025-11-07T20:58:33","slug":"crazy-screamer-2g-zb307","status":"publish","type":"product","link":"https:\/\/uf.estima.site\/pt-pt\/product\/crazy-screamer-2g-zb307\/","title":{"rendered":"Crazy Screamer 2G ZB307"},"content":{"rendered":"<p data-start=\"738\" data-end=\"1467\">O <strong data-start=\"742\" data-end=\"771\">Crazy Screamer 2G (ZB307)<\/strong> da <strong data-start=\"777\" data-end=\"788\">Zom Bum<\/strong> \u00e9 um pacote de alto impacto de efeitos screamer\/firecracker concebido para emitir um grito agudo e alto seguido de um forte som &#8211; ideal para celebra\u00e7\u00f5es ao ar livre, sequ\u00eancias de efeitos controlados e utiliza\u00e7\u00e3o em teatro\/filmes onde \u00e9 necess\u00e1rio um efeito auditivo pronunciado. Fornecido numa <g id=\"gid_2\">embalagem de retalho de 20 pe\u00e7as<\/g>, cada unidade cont\u00e9m aproximadamente <g id=\"gid_3\">2 g de NEM\/NEC<\/g>, dando \u00e0 embalagem um <g id=\"gid_4\">NEC total de ~40 g<\/g>. Classificado como <strong data-start=\"1193\" data-end=\"1211\">CE categoria F3<\/strong> As fontes e as folhas de especifica\u00e7\u00f5es do retalhista s\u00e3o citadas abaixo para verifica\u00e7\u00e3o.  <\/p>\n<p data-start=\"1469\" data-end=\"1834\">Fabricadas e marcadas com a etiqueta <strong data-start=\"1504\" data-end=\"1524\">Zom Bum \/ ZomBum<\/strong>, estas crackers foram concebidas para uma igni\u00e7\u00e3o consistente e uma sa\u00edda ac\u00fastica potente. Devem ser utilizadas estritamente ao ar livre, seguindo todas as regras legais e de seguran\u00e7a locais &#8211; incluindo restri\u00e7\u00f5es de idade, dist\u00e2ncias m\u00ednimas para os espectadores e papelada ADR\/transporte para distribui\u00e7\u00e3o. <\/p>\n","protected":false},"excerpt":{"rendered":"<ul>\n<li><strong>20 unidades<\/strong><\/li>\n<li><strong>NEC: 40g<\/strong><\/li>\n<\/ul>\n","protected":false},"featured_media":60587,"comment_status":"closed","ping_status":"closed","template":"","meta":{"_acf_changed":false},"product_brand":[],"product_cat":[487,495],"product_tag":[],"class_list":{"0":"post-60586","1":"product","2":"type-product","3":"status-publish","4":"has-post-thumbnail","6":"product_cat-fogos-de-artificio","7":"product_cat-promocao","8":"pa_brandx-zom-bum","10":"first","11":"instock","12":"sale","13":"taxable","14":"shipping-taxable","15":"purchasable","16":"product-type-simple"},"acf":[],"_links":{"self":[{"href":"https:\/\/uf.estima.site\/pt-pt\/wp-json\/wp\/v2\/product\/60586","targetHints":{"allow":["GET"]}}],"collection":[{"href":"https:\/\/uf.estima.site\/pt-pt\/wp-json\/wp\/v2\/product"}],"about":[{"href":"https:\/\/uf.estima.site\/pt-pt\/wp-json\/wp\/v2\/types\/product"}],"replies":[{"embeddable":true,"href":"https:\/\/uf.estima.site\/pt-pt\/wp-json\/wp\/v2\/comments?post=60586"}],"wp:featuredmedia":[{"embeddable":true,"href":"https:\/\/uf.estima.site\/pt-pt\/wp-json\/wp\/v2\/media\/60587"}],"wp:attachment":[{"href":"https:\/\/uf.estima.site\/pt-pt\/wp-json\/wp\/v2\/media?parent=60586"}],"wp:term":[{"taxonomy":"product_brand","embeddable":true,"href":"https:\/\/uf.estima.site\/pt-pt\/wp-json\/wp\/v2\/product_brand?post=60586"},{"taxonomy":"product_cat","embeddable":true,"href":"https:\/\/uf.estima.site\/pt-pt\/wp-json\/wp\/v2\/product_cat?post=60586"},{"taxonomy":"product_tag","embeddable":true,"href":"https:\/\/uf.estima.site\/pt-pt\/wp-json\/wp\/v2\/product_tag?post=60586"}],"curies":[{"name":"wp","href":"https:\/\/api.w.org\/{rel}","templated":true}]}}