{"id":60613,"date":"2025-09-15T12:36:10","date_gmt":"2025-09-15T11:36:10","guid":{"rendered":"https:\/\/ultrasfactory.com\/product\/demon-cracker-k0203\/"},"modified":"2025-10-31T12:40:57","modified_gmt":"2025-10-31T11:40:57","slug":"demon-cracker-k0203","status":"publish","type":"product","link":"https:\/\/uf.estima.site\/pt-pt\/product\/demon-cracker-k0203\/","title":{"rendered":"Demon Cracker K0203"},"content":{"rendered":"<p><iframe loading=\"lazy\" title=\"\ud83e\udde8 Petardy DEMON CRACKER K0203 Maxsem \ud83e\udde8\" width=\"563\" height=\"1000\" src=\"https:\/\/www.youtube.com\/embed\/eFihvLsMZc0?feature=oembed\" frameborder=\"0\" allow=\"accelerometer; autoplay; clipboard-write; encrypted-media; gyroscope; picture-in-picture; web-share\" referrerpolicy=\"strict-origin-when-cross-origin\" allowfullscreen><\/iframe><\/p>\n<p>Ilumina qualquer celebra\u00e7\u00e3o com o <strong data-start=\"273\" data-end=\"296\">Demon Cracker K0203<\/strong>, um foguete compacto e potente do tipo f\u00f3sforo, concebido para um estrondo alto e n\u00edtido e uma igni\u00e7\u00e3o fi\u00e1vel. Ideal para festas de fim de ano, casamentos, festivais de rua e pequenos eventos ao ar livre, o Demon Cracker K0203 proporciona efeitos consistentes de um ou v\u00e1rios estouros numa embalagem pequena e f\u00e1cil de utilizar. Fabricado de acordo com as especifica\u00e7\u00f5es pirot\u00e9cnicas padr\u00e3o do consumidor, \u00e9 uma op\u00e7\u00e3o para quando pretendes um impacto ac\u00fastico dram\u00e1tico sem a complexidade de fogos de artif\u00edcio maiores.<\/p>\n","protected":false},"excerpt":{"rendered":"<table>\n<thead>\n<tr>\n<th>Caracter\u00edstica<\/th>\n<th>detalhe<\/th>\n<\/tr>\n<\/thead>\n<tbody>\n<tr>\n<td>Nome do produto<\/td>\n<td>Cracker do dem\u00f3nio K0203<\/td>\n<\/tr>\n<tr>\n<td>Tipo<\/td>\n<td>Estalador de f\u00f3sforos \/ foguete (1,4G banger de consumo) &#8211; efeito de estrondo forte.<\/td>\n<\/tr>\n<tr>\n<td>Tamanho comum da embalagem<\/td>\n<td>16 unidades (varia consoante o retalhista\/fabricante).<\/td>\n<\/tr>\n<tr>\n<td>Categoria \/ Certifica\u00e7\u00e3o<\/td>\n<td>CE categoria de consumidor F2 (conforme lista dos retalhistas).<\/td>\n<\/tr>\n<tr>\n<td>Conte\u00fado l\u00edquido de explosivos (exemplo)<\/td>\n<td>~9,6 g por embalagem (especifica\u00e7\u00e3o do retalhista).<\/td>\n<\/tr>\n<tr>\n<td><\/td>\n<td><\/td>\n<\/tr>\n<tr>\n<td><\/td>\n<td><\/td>\n<\/tr>\n<\/tbody>\n<\/table>\n","protected":false},"featured_media":60614,"comment_status":"closed","ping_status":"closed","template":"","meta":{"_acf_changed":false},"product_brand":[],"product_cat":[487,495],"product_tag":[],"class_list":{"0":"post-60613","1":"product","2":"type-product","3":"status-publish","4":"has-post-thumbnail","6":"product_cat-fogos-de-artificio","7":"product_cat-promocao","8":"pa_brandx-maxsem","10":"first","11":"instock","12":"sale","13":"taxable","14":"shipping-taxable","15":"purchasable","16":"product-type-simple"},"acf":[],"_links":{"self":[{"href":"https:\/\/uf.estima.site\/pt-pt\/wp-json\/wp\/v2\/product\/60613","targetHints":{"allow":["GET"]}}],"collection":[{"href":"https:\/\/uf.estima.site\/pt-pt\/wp-json\/wp\/v2\/product"}],"about":[{"href":"https:\/\/uf.estima.site\/pt-pt\/wp-json\/wp\/v2\/types\/product"}],"replies":[{"embeddable":true,"href":"https:\/\/uf.estima.site\/pt-pt\/wp-json\/wp\/v2\/comments?post=60613"}],"wp:featuredmedia":[{"embeddable":true,"href":"https:\/\/uf.estima.site\/pt-pt\/wp-json\/wp\/v2\/media\/60614"}],"wp:attachment":[{"href":"https:\/\/uf.estima.site\/pt-pt\/wp-json\/wp\/v2\/media?parent=60613"}],"wp:term":[{"taxonomy":"product_brand","embeddable":true,"href":"https:\/\/uf.estima.site\/pt-pt\/wp-json\/wp\/v2\/product_brand?post=60613"},{"taxonomy":"product_cat","embeddable":true,"href":"https:\/\/uf.estima.site\/pt-pt\/wp-json\/wp\/v2\/product_cat?post=60613"},{"taxonomy":"product_tag","embeddable":true,"href":"https:\/\/uf.estima.site\/pt-pt\/wp-json\/wp\/v2\/product_tag?post=60613"}],"curies":[{"name":"wp","href":"https:\/\/api.w.org\/{rel}","templated":true}]}}