{"id":60677,"date":"2025-09-15T08:45:48","date_gmt":"2025-09-15T07:45:48","guid":{"rendered":"https:\/\/ultrasfactory.com\/product\/kit-de-controlo-ic20-16-1\/"},"modified":"2025-10-28T14:37:32","modified_gmt":"2025-10-28T13:37:32","slug":"kit-de-controlo-ic20-16-1","status":"publish","type":"product","link":"https:\/\/uf.estima.site\/pt-pt\/product\/kit-de-controlo-ic20-16-1\/","title":{"rendered":"Kit de controlo IC20-16-1"},"content":{"rendered":"<p><iframe loading=\"lazy\" title=\"Reprodutor de v\u00eddeo do YouTube\" src=\"https:\/\/www.youtube.com\/embed\/DfJElqDIAh8?si=IoSkwGTk_TJ6Y8fs\" width=\"560\" height=\"315\" frameborder=\"0\" allowfullscreen=\"allowfullscreen\"><\/iframe><\/p>\n<p data-start=\"161\" data-end=\"509\">O <strong data-start=\"165\" data-end=\"185\">B\u0142\u0119kit IC20-16-1<\/strong> \u00e9 uma <strong data-start=\"199\" data-end=\"233\">bateria<\/strong> compacta <strong data-start=\"199\" data-end=\"233\">de fogos de artif\u00edcio de 16 disparos de 20 mm<\/strong>, concebida para proporcionar elegantes efeitos azuis com toques coloridos. Com um <strong data-start=\"305\" data-end=\"323\">NEC de 137,6 g<\/strong> e uma dura\u00e7\u00e3o de cerca de <strong data-start=\"349\" data-end=\"363\">19 segundos<\/strong>, este bolo com certifica\u00e7\u00e3o CE F2 produz caudas azuis que explodem em v\u00edvidas pe\u00f3nias azuis, real\u00e7adas por estrelas estrobosc\u00f3picas douradas, verdes, vermelhas e brancas. <\/p>\n<p data-start=\"511\" data-end=\"674\">Perfeito para espect\u00e1culos mais pequenos, casamentos e celebra\u00e7\u00f5es ao ar livre, o B\u0142\u0119kit IC20-16-1 combina efeitos de cor elegantes com um desempenho seguro e fi\u00e1vel num formato pr\u00e1tico.<\/p>\n","protected":false},"excerpt":{"rendered":"<ul>\n<li data-start=\"74\" data-end=\"109\">\n<p data-start=\"76\" data-end=\"109\"><strong>16 fotos<\/strong><\/p>\n<\/li>\n<li data-start=\"110\" data-end=\"137\">\n<p data-start=\"112\" data-end=\"137\"><strong>Calibre: 20 mm (\u2248 0,8&#8243;)<\/strong><\/p>\n<\/li>\n<li data-start=\"138\" data-end=\"159\">\n<p data-start=\"140\" data-end=\"159\"><strong>Categoria: F2 (CE)<\/strong><\/p>\n<\/li>\n<li data-start=\"160\" data-end=\"200\">\n<p data-start=\"162\" data-end=\"200\"><strong>NEC (teor l\u00edquido de explosivos): 137.6 g<\/strong><\/p>\n<\/li>\n<li data-start=\"201\" data-end=\"226\">\n<p data-start=\"203\" data-end=\"226\"><strong>Dura\u00e7\u00e3o: ~19 segundos<\/strong><\/p>\n<\/li>\n<li data-start=\"227\" data-end=\"317\">\n<p data-start=\"229\" data-end=\"317\"><strong>Efeitos: caudas azuis \u2192 pe\u00f3nia azul com estrelas estrobosc\u00f3picas em dourado, verde, vermelho e branco<\/strong><\/p>\n<\/li>\n<\/ul>\n","protected":false},"featured_media":60679,"comment_status":"closed","ping_status":"closed","template":"","meta":{"_acf_changed":false},"product_brand":[],"product_cat":[477,495],"product_tag":[],"class_list":{"0":"post-60677","1":"product","2":"type-product","3":"status-publish","4":"has-post-thumbnail","6":"product_cat-baterias","7":"product_cat-promocao","8":"pa_brandx-iskra-line","10":"first","11":"instock","12":"sale","13":"taxable","14":"shipping-taxable","15":"purchasable","16":"product-type-simple"},"acf":[],"_links":{"self":[{"href":"https:\/\/uf.estima.site\/pt-pt\/wp-json\/wp\/v2\/product\/60677","targetHints":{"allow":["GET"]}}],"collection":[{"href":"https:\/\/uf.estima.site\/pt-pt\/wp-json\/wp\/v2\/product"}],"about":[{"href":"https:\/\/uf.estima.site\/pt-pt\/wp-json\/wp\/v2\/types\/product"}],"replies":[{"embeddable":true,"href":"https:\/\/uf.estima.site\/pt-pt\/wp-json\/wp\/v2\/comments?post=60677"}],"wp:featuredmedia":[{"embeddable":true,"href":"https:\/\/uf.estima.site\/pt-pt\/wp-json\/wp\/v2\/media\/60679"}],"wp:attachment":[{"href":"https:\/\/uf.estima.site\/pt-pt\/wp-json\/wp\/v2\/media?parent=60677"}],"wp:term":[{"taxonomy":"product_brand","embeddable":true,"href":"https:\/\/uf.estima.site\/pt-pt\/wp-json\/wp\/v2\/product_brand?post=60677"},{"taxonomy":"product_cat","embeddable":true,"href":"https:\/\/uf.estima.site\/pt-pt\/wp-json\/wp\/v2\/product_cat?post=60677"},{"taxonomy":"product_tag","embeddable":true,"href":"https:\/\/uf.estima.site\/pt-pt\/wp-json\/wp\/v2\/product_tag?post=60677"}],"curies":[{"name":"wp","href":"https:\/\/api.w.org\/{rel}","templated":true}]}}