{"id":60682,"date":"2025-09-11T09:17:19","date_gmt":"2025-09-11T08:17:19","guid":{"rendered":"https:\/\/ultrasfactory.com\/product\/nao-ha-limites-para-o-ouro-pxc219\/"},"modified":"2025-10-28T14:37:33","modified_gmt":"2025-10-28T13:37:33","slug":"nao-ha-limites-para-o-ouro-pxc219","status":"publish","type":"product","link":"https:\/\/uf.estima.site\/pt-pt\/product\/nao-ha-limites-para-o-ouro-pxc219\/","title":{"rendered":"N\u00e3o h\u00e1 limites para o ouro PXC219"},"content":{"rendered":"<p><iframe loading=\"lazy\" title=\"Reprodutor de v\u00eddeo do YouTube\" src=\"https:\/\/www.youtube.com\/embed\/OR-mk6FFIGE?si=ewqWkKLSP3bVQWts\" width=\"560\" height=\"315\" frameborder=\"0\" allowfullscreen=\"allowfullscreen\"><\/iframe><\/p>\n<p data-start=\"101\" data-end=\"408\">O <strong data-start=\"105\" data-end=\"130\">No Limits Gold PXC219<\/strong> da Piromax \u00e9 um <strong data-start=\"155\" data-end=\"176\">fogo de artif\u00edcio de fonte de<\/strong> qualidade superior concebido para proporcionar um poderoso efeito de pulveriza\u00e7\u00e3o dourado. Compacta e segura de utilizar, esta <strong data-start=\"272\" data-end=\"287\">fonte F2<\/strong> com certifica\u00e7\u00e3o CE produz um fluxo espesso e cintilante de fa\u00edscas douradas, perfeito para festas ao ar livre, casamentos e celebra\u00e7\u00f5es festivas. <\/p>\n<p data-start=\"410\" data-end=\"681\">Com um longo tempo de combust\u00e3o e uma intensidade de cor brilhante, a PXC219 cria um efeito de estilo profissional num formato de f\u00e1cil utiliza\u00e7\u00e3o. F\u00e1cil de acender e com um desempenho consistente, \u00e9 a escolha ideal quando pretendes um toque de eleg\u00e2ncia e glamour no teu espet\u00e1culo de fogo de artif\u00edcio. <\/p>\n","protected":false},"excerpt":{"rendered":"<ul>\n<li data-start=\"719\" data-end=\"744\">\n<p data-start=\"721\" data-end=\"744\"><strong>Tamanho da embalagem: 1 fonte<\/strong><\/p>\n<\/li>\n<li data-start=\"793\" data-end=\"821\">\n<p data-start=\"795\" data-end=\"821\"><strong>NEC: 1600g<\/strong><\/p>\n<\/li>\n<li data-start=\"822\" data-end=\"847\">\n<p data-start=\"824\" data-end=\"847\"><strong>Fabricante: Piromax<\/strong><\/p>\n<\/li>\n<li data-start=\"822\" data-end=\"847\"><strong>80 tiros<\/strong><\/li>\n<\/ul>\n","protected":false},"featured_media":60686,"comment_status":"closed","ping_status":"closed","template":"","meta":{"_acf_changed":false},"product_brand":[],"product_cat":[477,495],"product_tag":[],"class_list":{"0":"post-60682","1":"product","2":"type-product","3":"status-publish","4":"has-post-thumbnail","6":"product_cat-baterias","7":"product_cat-promocao","8":"pa_brandx-piromax","10":"first","11":"instock","12":"sale","13":"taxable","14":"shipping-taxable","15":"purchasable","16":"product-type-simple"},"acf":[],"_links":{"self":[{"href":"https:\/\/uf.estima.site\/pt-pt\/wp-json\/wp\/v2\/product\/60682","targetHints":{"allow":["GET"]}}],"collection":[{"href":"https:\/\/uf.estima.site\/pt-pt\/wp-json\/wp\/v2\/product"}],"about":[{"href":"https:\/\/uf.estima.site\/pt-pt\/wp-json\/wp\/v2\/types\/product"}],"replies":[{"embeddable":true,"href":"https:\/\/uf.estima.site\/pt-pt\/wp-json\/wp\/v2\/comments?post=60682"}],"wp:featuredmedia":[{"embeddable":true,"href":"https:\/\/uf.estima.site\/pt-pt\/wp-json\/wp\/v2\/media\/60686"}],"wp:attachment":[{"href":"https:\/\/uf.estima.site\/pt-pt\/wp-json\/wp\/v2\/media?parent=60682"}],"wp:term":[{"taxonomy":"product_brand","embeddable":true,"href":"https:\/\/uf.estima.site\/pt-pt\/wp-json\/wp\/v2\/product_brand?post=60682"},{"taxonomy":"product_cat","embeddable":true,"href":"https:\/\/uf.estima.site\/pt-pt\/wp-json\/wp\/v2\/product_cat?post=60682"},{"taxonomy":"product_tag","embeddable":true,"href":"https:\/\/uf.estima.site\/pt-pt\/wp-json\/wp\/v2\/product_tag?post=60682"}],"curies":[{"name":"wp","href":"https:\/\/api.w.org\/{rel}","templated":true}]}}