{"id":60712,"date":"2025-09-19T10:46:46","date_gmt":"2025-09-19T09:46:46","guid":{"rendered":"https:\/\/ultrasfactory.com\/product\/apito-voador-rm6s2501\/"},"modified":"2025-10-28T14:37:40","modified_gmt":"2025-10-28T13:37:40","slug":"apito-voador-rm6s2501","status":"publish","type":"product","link":"https:\/\/uf.estima.site\/pt-pt\/product\/apito-voador-rm6s2501\/","title":{"rendered":"Apito voador RM6S2501"},"content":{"rendered":"<p><iframe loading=\"lazy\" title=\"Reprodutor de v\u00eddeo do YouTube\" src=\"https:\/\/www.youtube.com\/embed\/AbPmSzbQQKY?si=EHb3VJfJD9Mwbysl\" width=\"560\" height=\"315\" frameborder=\"0\" allowfullscreen=\"allowfullscreen\"><\/iframe><\/p>\n<p data-start=\"112\" data-end=\"398\">O <strong data-start=\"116\" data-end=\"143\">Flying Whistle RM6S2501<\/strong> \u00e9 um fogo de artif\u00edcio pequeno mas de alta energia que se lan\u00e7a com um som estridente de assobio seguido de uma explos\u00e3o de luz. Compacto e f\u00e1cil de utilizar, cada pe\u00e7a proporciona um efeito r\u00e1pido e chamativo, tornando-o numa adi\u00e7\u00e3o divertida a festas e celebra\u00e7\u00f5es ao ar livre. <\/p>\n<p data-start=\"400\" data-end=\"656\">Classificados na <strong data-start=\"417\" data-end=\"435\">categoria CE F2<\/strong>, estes panfletos com assobio s\u00e3o seguros para utiliza\u00e7\u00e3o pelo consumidor em \u00e1reas exteriores abertas. S\u00e3o vendidos em embalagens pr\u00e1ticas de v\u00e1rias pe\u00e7as, oferecendo um excelente valor e muita divers\u00e3o para os entusiastas de fogo de artif\u00edcio que gostam de efeitos de ru\u00eddo e movimento. <\/p>\n<p data-start=\"400\" data-end=\"656\">\n","protected":false},"excerpt":{"rendered":"<ul>\n<li data-start=\"697\" data-end=\"740\">\n<p data-start=\"699\" data-end=\"740\"><strong>4 unidades<\/strong><\/p>\n<\/li>\n<li data-start=\"697\" data-end=\"740\"><strong>6 tiros<\/strong><\/li>\n<li data-start=\"697\" data-end=\"740\"><strong>Categoria: F2 (CE)<\/strong><\/li>\n<li data-start=\"763\" data-end=\"806\">\n<p data-start=\"765\" data-end=\"806\"><strong>Efeito: apito voador com explos\u00e3o de luz<\/strong><\/p>\n<\/li>\n<li data-start=\"763\" data-end=\"806\">\n<p data-start=\"765\" data-end=\"806\"><strong>25mm<\/strong><\/p>\n<\/li>\n<li data-start=\"843\" data-end=\"877\">\n<p data-start=\"845\" data-end=\"877\"><strong>Fabricante PYROSHINE<\/strong><\/p>\n<\/li>\n<\/ul>\n","protected":false},"featured_media":60710,"comment_status":"closed","ping_status":"closed","template":"","meta":{"_acf_changed":false},"product_brand":[],"product_cat":[495,491],"product_tag":[],"class_list":{"0":"post-60712","1":"product","2":"type-product","3":"status-publish","4":"has-post-thumbnail","6":"product_cat-promocao","7":"product_cat-velas-romanas","8":"pa_brandx-pyro-shine","10":"first","11":"instock","12":"sale","13":"taxable","14":"shipping-taxable","15":"purchasable","16":"product-type-simple"},"acf":[],"_links":{"self":[{"href":"https:\/\/uf.estima.site\/pt-pt\/wp-json\/wp\/v2\/product\/60712","targetHints":{"allow":["GET"]}}],"collection":[{"href":"https:\/\/uf.estima.site\/pt-pt\/wp-json\/wp\/v2\/product"}],"about":[{"href":"https:\/\/uf.estima.site\/pt-pt\/wp-json\/wp\/v2\/types\/product"}],"replies":[{"embeddable":true,"href":"https:\/\/uf.estima.site\/pt-pt\/wp-json\/wp\/v2\/comments?post=60712"}],"wp:featuredmedia":[{"embeddable":true,"href":"https:\/\/uf.estima.site\/pt-pt\/wp-json\/wp\/v2\/media\/60710"}],"wp:attachment":[{"href":"https:\/\/uf.estima.site\/pt-pt\/wp-json\/wp\/v2\/media?parent=60712"}],"wp:term":[{"taxonomy":"product_brand","embeddable":true,"href":"https:\/\/uf.estima.site\/pt-pt\/wp-json\/wp\/v2\/product_brand?post=60712"},{"taxonomy":"product_cat","embeddable":true,"href":"https:\/\/uf.estima.site\/pt-pt\/wp-json\/wp\/v2\/product_cat?post=60712"},{"taxonomy":"product_tag","embeddable":true,"href":"https:\/\/uf.estima.site\/pt-pt\/wp-json\/wp\/v2\/product_tag?post=60712"}],"curies":[{"name":"wp","href":"https:\/\/api.w.org\/{rel}","templated":true}]}}