{"id":60714,"date":"2025-09-19T10:47:51","date_gmt":"2025-09-19T09:47:51","guid":{"rendered":"https:\/\/ultrasfactory.com\/product\/pyro-freaky-127sf2-cpb8\/"},"modified":"2025-10-28T14:37:42","modified_gmt":"2025-10-28T13:37:42","slug":"pyro-freaky-127sf2-cpb8","status":"publish","type":"product","link":"https:\/\/uf.estima.site\/pt-pt\/product\/pyro-freaky-127sf2-cpb8\/","title":{"rendered":"Pyro Freaky 127SF2-CPB8"},"content":{"rendered":"<p><iframe loading=\"lazy\" title=\"Reprodutor de v\u00eddeo do YouTube\" src=\"https:\/\/www.youtube.com\/embed\/8wQhmYbmZEg?si=QCPL-lnntyGjunRb\" width=\"560\" height=\"315\" frameborder=\"0\" allowfullscreen=\"allowfullscreen\"><\/iframe><\/p>\n<p data-start=\"112\" data-end=\"381\">O <strong data-start=\"116\" data-end=\"143\">Pyro Freaky 127SF2-CPB8<\/strong> \u00e9 um poderoso <strong data-start=\"158\" data-end=\"185\">bolo de fogo de artif\u00edcio composto<\/strong> concebido para espect\u00e1culos longos e variados. Com uns impressionantes <strong data-start=\"244\" data-end=\"257\">127 tiros<\/strong> disparados de tubos de grande calibre, este item da categoria F2 combina m\u00faltiplos efeitos e \u00e2ngulos de disparo num espet\u00e1culo integrado. <\/p>\n<p data-start=\"383\" data-end=\"709\">Carregado com <strong data-start=\"395\" data-end=\"410\">~2000 g de NEC<\/strong>, proporciona um tempo de funcionamento de cerca de <strong data-start=\"448\" data-end=\"466\">90-120 segundos<\/strong>, enchendo o c\u00e9u com coroas de brocado, pe\u00f3nias coloridas, cris\u00e2ntemos crepitantes e efeitos estrobosc\u00f3picos deslumbrantes. Constru\u00eddo como uma unidade composta (pr\u00e9-fundida), o Pyro Freaky \u00e9 f\u00e1cil de montar &#8211; basta acender uma vez para obter uma sequ\u00eancia completa de estilo profissional. <\/p>\n<p data-start=\"711\" data-end=\"880\">Perfeito para a v\u00e9spera de Ano Novo, casamentos e finais de festivais, este bolo \u00e9 um produto central que oferece uma igni\u00e7\u00e3o consistente, uma variedade de efeitos e um final deslumbrante.<\/p>\n","protected":false},"excerpt":{"rendered":"<ul>\n<li data-start=\"921\" data-end=\"966\">\n<p data-start=\"923\" data-end=\"966\"><strong>127 fotos<\/strong><\/p>\n<\/li>\n<li data-start=\"967\" data-end=\"996\">\n<p data-start=\"969\" data-end=\"996\"><strong>Calibre: 20-30 mm (misto)<\/strong><\/p>\n<\/li>\n<li data-start=\"997\" data-end=\"1018\">\n<p data-start=\"999\" data-end=\"1018\"><strong>Categoria: F2 (CE)<\/strong><\/p>\n<\/li>\n<li data-start=\"1019\" data-end=\"1035\">\n<p data-start=\"1021\" data-end=\"1035\"><strong>NEC: ~2000 g<\/strong><\/p>\n<\/li>\n<li data-start=\"1036\" data-end=\"1065\">\n<p data-start=\"1038\" data-end=\"1065\"><strong>Dura\u00e7\u00e3o: ~90-120 segundos<\/strong><\/p>\n<\/li>\n<li data-start=\"1066\" data-end=\"1158\">\n<p data-start=\"1068\" data-end=\"1158\"><strong>Efeitos: coroas de brocado, pe\u00f3nias, cris\u00e2ntemos, estrobosc\u00f3pios, crepita\u00e7\u00e3o, voleios em forma de leque<\/strong><\/p>\n<\/li>\n<li data-start=\"1159\" data-end=\"1201\">\n<p data-start=\"1161\" data-end=\"1201\"><strong>Fabricante PYROSHINE<\/strong><\/p>\n<\/li>\n<\/ul>\n","protected":false},"featured_media":60706,"comment_status":"closed","ping_status":"closed","template":"","meta":{"_acf_changed":false},"product_brand":[],"product_cat":[477,495],"product_tag":[],"class_list":{"0":"post-60714","1":"product","2":"type-product","3":"status-publish","4":"has-post-thumbnail","6":"product_cat-baterias","7":"product_cat-promocao","8":"pa_brandx-pyro-shine","10":"first","11":"instock","12":"sale","13":"taxable","14":"shipping-taxable","15":"purchasable","16":"product-type-simple"},"acf":[],"_links":{"self":[{"href":"https:\/\/uf.estima.site\/pt-pt\/wp-json\/wp\/v2\/product\/60714","targetHints":{"allow":["GET"]}}],"collection":[{"href":"https:\/\/uf.estima.site\/pt-pt\/wp-json\/wp\/v2\/product"}],"about":[{"href":"https:\/\/uf.estima.site\/pt-pt\/wp-json\/wp\/v2\/types\/product"}],"replies":[{"embeddable":true,"href":"https:\/\/uf.estima.site\/pt-pt\/wp-json\/wp\/v2\/comments?post=60714"}],"wp:featuredmedia":[{"embeddable":true,"href":"https:\/\/uf.estima.site\/pt-pt\/wp-json\/wp\/v2\/media\/60706"}],"wp:attachment":[{"href":"https:\/\/uf.estima.site\/pt-pt\/wp-json\/wp\/v2\/media?parent=60714"}],"wp:term":[{"taxonomy":"product_brand","embeddable":true,"href":"https:\/\/uf.estima.site\/pt-pt\/wp-json\/wp\/v2\/product_brand?post=60714"},{"taxonomy":"product_cat","embeddable":true,"href":"https:\/\/uf.estima.site\/pt-pt\/wp-json\/wp\/v2\/product_cat?post=60714"},{"taxonomy":"product_tag","embeddable":true,"href":"https:\/\/uf.estima.site\/pt-pt\/wp-json\/wp\/v2\/product_tag?post=60714"}],"curies":[{"name":"wp","href":"https:\/\/api.w.org\/{rel}","templated":true}]}}