{"id":60722,"date":"2025-09-23T13:03:42","date_gmt":"2025-09-23T12:03:42","guid":{"rendered":"https:\/\/ultrasfactory.com\/product\/genius-cb101\/"},"modified":"2025-10-28T14:37:44","modified_gmt":"2025-10-28T13:37:44","slug":"genius-cb101","status":"publish","type":"product","link":"https:\/\/uf.estima.site\/pt-pt\/product\/genius-cb101\/","title":{"rendered":"Genius CB101"},"content":{"rendered":"<p><iframe loading=\"lazy\" title=\"Reprodutor de v\u00eddeo do YouTube\" src=\"https:\/\/www.youtube.com\/embed\/4fX-sgB0ddw?si=F4_ewkea0lLGnbUd\" width=\"560\" height=\"315\" frameborder=\"0\" allowfullscreen=\"allowfullscreen\"><\/iframe><\/p>\n<p data-start=\"990\" data-end=\"1607\">A pilha de fogo de artif\u00edcio Genius CB101 oferece <strong data-start=\"1031\" data-end=\"1050\">100 disparos r\u00e1pidos<\/strong> num potente <strong data-start=\"1065\" data-end=\"1082\">calibre de 25 mm<\/strong>, criando uma mistura intensa de efeitos vibrantes, como explos\u00f5es de salgueiros dourados, caudas vermelhas e verdes, estrobosc\u00f3pios e estrelas coloridas. Com uma dura\u00e7\u00e3o aproximada de <strong data-start=\"1239\" data-end=\"1253\">60 segundos<\/strong>, esta bateria compacta proporciona um espet\u00e1culo de grande impacto num curto espa\u00e7o de tempo. Classificada como <g id=\"gid_3\">CE F2<\/g> e ADR <g id=\"gid_4\">1.3G<\/g>, a CB101 \u00e9 adequada para utiliza\u00e7\u00e3o pelo consumidor, ao mesmo tempo que proporciona efeitos de estilo profissional. O seu padr\u00e3o de disparo em forma de leque, as cores brilhantes e as fortes sequ\u00eancias estrobosc\u00f3picas tornam-no ideal para o final de um espet\u00e1culo ou como destaque durante um evento.   <\/p>\n","protected":false},"excerpt":{"rendered":"<ul>\n<li data-start=\"154\" data-end=\"168\">\n<p data-start=\"156\" data-end=\"168\"><strong>Dispara: 100<\/strong><\/p>\n<\/li>\n<li data-start=\"201\" data-end=\"232\">\n<p data-start=\"203\" data-end=\"232\"><strong>Categoria (CE): F2<\/strong><\/p>\n<\/li>\n<li data-start=\"233\" data-end=\"251\">\n<p data-start=\"235\" data-end=\"251\"><strong>Calibre: 25 mm<\/strong><\/p>\n<\/li>\n<li data-start=\"233\" data-end=\"251\"><strong>Jorge<\/strong><\/li>\n<\/ul>\n","protected":false},"featured_media":60723,"comment_status":"closed","ping_status":"closed","template":"","meta":{"_acf_changed":false},"product_brand":[],"product_cat":[477,495],"product_tag":[],"class_list":{"0":"post-60722","1":"product","2":"type-product","3":"status-publish","4":"has-post-thumbnail","6":"product_cat-baterias","7":"product_cat-promocao","8":"pa_brandx-jorge","10":"first","11":"instock","12":"sale","13":"taxable","14":"shipping-taxable","15":"purchasable","16":"product-type-simple"},"acf":[],"_links":{"self":[{"href":"https:\/\/uf.estima.site\/pt-pt\/wp-json\/wp\/v2\/product\/60722","targetHints":{"allow":["GET"]}}],"collection":[{"href":"https:\/\/uf.estima.site\/pt-pt\/wp-json\/wp\/v2\/product"}],"about":[{"href":"https:\/\/uf.estima.site\/pt-pt\/wp-json\/wp\/v2\/types\/product"}],"replies":[{"embeddable":true,"href":"https:\/\/uf.estima.site\/pt-pt\/wp-json\/wp\/v2\/comments?post=60722"}],"wp:featuredmedia":[{"embeddable":true,"href":"https:\/\/uf.estima.site\/pt-pt\/wp-json\/wp\/v2\/media\/60723"}],"wp:attachment":[{"href":"https:\/\/uf.estima.site\/pt-pt\/wp-json\/wp\/v2\/media?parent=60722"}],"wp:term":[{"taxonomy":"product_brand","embeddable":true,"href":"https:\/\/uf.estima.site\/pt-pt\/wp-json\/wp\/v2\/product_brand?post=60722"},{"taxonomy":"product_cat","embeddable":true,"href":"https:\/\/uf.estima.site\/pt-pt\/wp-json\/wp\/v2\/product_cat?post=60722"},{"taxonomy":"product_tag","embeddable":true,"href":"https:\/\/uf.estima.site\/pt-pt\/wp-json\/wp\/v2\/product_tag?post=60722"}],"curies":[{"name":"wp","href":"https:\/\/api.w.org\/{rel}","templated":true}]}}