{"id":60760,"date":"2025-09-11T08:49:45","date_gmt":"2025-09-11T07:49:45","guid":{"rendered":"https:\/\/ultrasfactory.com\/product\/flor-dourada-estrela-roxa-xb2006\/"},"modified":"2025-10-28T14:38:06","modified_gmt":"2025-10-28T13:38:06","slug":"flor-dourada-estrela-roxa-xb2006","status":"publish","type":"product","link":"https:\/\/uf.estima.site\/pt-pt\/product\/flor-dourada-estrela-roxa-xb2006\/","title":{"rendered":"Flor dourada estrela roxa XB2006"},"content":{"rendered":"<p><iframe loading=\"lazy\" title=\"Reprodutor de v\u00eddeo do YouTube\" src=\"https:\/\/www.youtube.com\/embed\/90B44CTytiU?si=TGhTHSkSQ9oy6B6C\" width=\"560\" height=\"315\" frameborder=\"0\" allowfullscreen=\"allowfullscreen\"><\/iframe><\/p>\n<p data-start=\"110\" data-end=\"539\">O <strong data-start=\"114\" data-end=\"148\">Gold Flower Purple Star XB2006<\/strong> \u00e9 um fogo de artif\u00edcio de um s\u00f3 disparo com estilo, concebido para impressionar com eleg\u00e2ncia e cores vibrantes. Cada lan\u00e7amento produz um <strong data-start=\"269\" data-end=\"293\">efeito de flor dourada<\/strong> brilhante que se transforma em <strong data-start=\"320\" data-end=\"336\">estrelas roxas<\/strong> deslumbrantes, criando um contraste impressionante no c\u00e9u noturno. Compacto mas poderoso, este efeito \u00e9 perfeito para casamentos, festas e espect\u00e1culos de estilo profissional onde a coordena\u00e7\u00e3o de cores e o impacto visual s\u00e3o mais importantes.  <\/p>\n<p data-start=\"541\" data-end=\"837\">Como parte da <strong data-start=\"556\" data-end=\"577\">s\u00e9rie Triplex XB<\/strong>, este efeito \u00e9 fabricado de acordo com as normas CE, oferecendo um desempenho seguro e fi\u00e1vel. Com um <strong data-start=\"671\" data-end=\"688\">calibre de 20 mm<\/strong> e um disparo \u00fanico preciso, o XB2006 proporciona imagens n\u00edtidas e de alta qualidade que podem ser combinadas com outros efeitos para uma exibi\u00e7\u00e3o personalizada. <\/p>\n","protected":false},"excerpt":{"rendered":"<ul data-start=\"878\" data-end=\"1026\">\n<li data-start=\"878\" data-end=\"918\">\n<p data-start=\"880\" data-end=\"918\"><strong>Tamanho da embalagem: 1 unidade (tubo de dose \u00fanica)<\/strong><\/p>\n<\/li>\n<li data-start=\"919\" data-end=\"940\">\n<p data-start=\"921\" data-end=\"940\"><strong>Categoria: F2 (CE)<\/strong><\/p>\n<\/li>\n<li data-start=\"941\" data-end=\"959\">\n<p data-start=\"943\" data-end=\"959\"><strong>Calibre: 20 mm<\/strong><\/p>\n<\/li>\n<li data-start=\"960\" data-end=\"1000\">\n<p data-start=\"962\" data-end=\"1000\"><strong>Efeito: Flor dourada com estrela roxa<\/strong><\/p>\n<\/li>\n<li data-start=\"1001\" data-end=\"1026\">\n<p data-start=\"1003\" data-end=\"1026\"><strong>Fabricante: Triplex<\/strong><\/p>\n<\/li>\n<\/ul>\n","protected":false},"featured_media":60761,"comment_status":"closed","ping_status":"closed","template":"","meta":{"_acf_changed":false},"product_brand":[],"product_cat":[477,495],"product_tag":[],"class_list":{"0":"post-60760","1":"product","2":"type-product","3":"status-publish","4":"has-post-thumbnail","6":"product_cat-baterias","7":"product_cat-promocao","8":"pa_brandx-triplex","10":"first","11":"instock","12":"sale","13":"taxable","14":"shipping-taxable","15":"purchasable","16":"product-type-simple"},"acf":[],"_links":{"self":[{"href":"https:\/\/uf.estima.site\/pt-pt\/wp-json\/wp\/v2\/product\/60760","targetHints":{"allow":["GET"]}}],"collection":[{"href":"https:\/\/uf.estima.site\/pt-pt\/wp-json\/wp\/v2\/product"}],"about":[{"href":"https:\/\/uf.estima.site\/pt-pt\/wp-json\/wp\/v2\/types\/product"}],"replies":[{"embeddable":true,"href":"https:\/\/uf.estima.site\/pt-pt\/wp-json\/wp\/v2\/comments?post=60760"}],"wp:featuredmedia":[{"embeddable":true,"href":"https:\/\/uf.estima.site\/pt-pt\/wp-json\/wp\/v2\/media\/60761"}],"wp:attachment":[{"href":"https:\/\/uf.estima.site\/pt-pt\/wp-json\/wp\/v2\/media?parent=60760"}],"wp:term":[{"taxonomy":"product_brand","embeddable":true,"href":"https:\/\/uf.estima.site\/pt-pt\/wp-json\/wp\/v2\/product_brand?post=60760"},{"taxonomy":"product_cat","embeddable":true,"href":"https:\/\/uf.estima.site\/pt-pt\/wp-json\/wp\/v2\/product_cat?post=60760"},{"taxonomy":"product_tag","embeddable":true,"href":"https:\/\/uf.estima.site\/pt-pt\/wp-json\/wp\/v2\/product_tag?post=60760"}],"curies":[{"name":"wp","href":"https:\/\/api.w.org\/{rel}","templated":true}]}}