{"id":60776,"date":"2025-09-15T08:50:00","date_gmt":"2025-09-15T07:50:00","guid":{"rendered":"https:\/\/ultrasfactory.com\/product\/pirotecnico-rkd-24106\/"},"modified":"2025-10-28T14:38:10","modified_gmt":"2025-10-28T13:38:10","slug":"pirotecnico-rkd-24106","status":"publish","type":"product","link":"https:\/\/uf.estima.site\/pt-pt\/product\/pirotecnico-rkd-24106\/","title":{"rendered":"Pirot\u00e9cnico RKD-24106"},"content":{"rendered":"<p><iframe loading=\"lazy\" title=\"Reprodutor de v\u00eddeo do YouTube\" src=\"https:\/\/www.youtube.com\/embed\/kXLk0h-o95I?si=quPTiSof8IclUJSf\" width=\"560\" height=\"315\" frameborder=\"0\" allowfullscreen=\"allowfullscreen\"><\/iframe><\/p>\n<p>A <strong data-start=\"443\" data-end=\"468\">Pyro Addict RKD-24106<\/strong> \u00e9 uma <strong data-start=\"486\" data-end=\"521\">bateria de fogo de artif\u00edcio<\/strong> de alto impacto com <strong data-start=\"486\" data-end=\"521\">42 disparos e 30 mm,<\/strong> concebida para poderosas exibi\u00e7\u00f5es no exterior. Com uma dura\u00e7\u00e3o de aproximadamente <g id=\"gid_2\">35 segundos<\/g> e um <g id=\"gid_3\">NEC<\/g> substancial <g id=\"gid_3\">de 900 g<\/g>, este bolo F3 (ADR 1.3G) proporciona efeitos sustentados de n\u00edvel profissional que chamam a aten\u00e7\u00e3o. De constru\u00e7\u00e3o robusta e concebido para uma igni\u00e7\u00e3o fi\u00e1vel, o RKD-24106 \u00e9 ideal para festivais, grandes celebra\u00e7\u00f5es e espect\u00e1culos coreografados onde \u00e9 necess\u00e1ria uma pe\u00e7a central compacta mas potente.  <\/p>\n","protected":false},"excerpt":{"rendered":"<ul>\n<li data-start=\"961\" data-end=\"993\">\n<p data-start=\"963\" data-end=\"993\"><strong>42 disparos<\/strong><\/p>\n<\/li>\n<li data-start=\"994\" data-end=\"1012\">\n<p data-start=\"996\" data-end=\"1012\"><strong>Calibre: 30 mm<\/strong><\/p>\n<\/li>\n<li data-start=\"1013\" data-end=\"1037\">\n<p data-start=\"1015\" data-end=\"1037\"><strong>Dura\u00e7\u00e3o: 35 segundos<\/strong><\/p>\n<\/li>\n<li data-start=\"1038\" data-end=\"1052\">\n<p data-start=\"1040\" data-end=\"1052\"><strong>NEC: 900 g<\/strong><\/p>\n<\/li>\n<li data-start=\"1053\" data-end=\"1080\">\n<p data-start=\"1055\" data-end=\"1080\"><strong>Categoria: F3 (ADR 1.3G)<\/strong><\/p>\n<\/li>\n<li data-start=\"1081\" data-end=\"1106\">\n<p data-start=\"1083\" data-end=\"1106\"><strong>Peso bruto: 15,5 kg<\/strong><\/p>\n<\/li>\n<li data-start=\"1107\" data-end=\"1134\">\n<p data-start=\"1109\" data-end=\"1134\"><strong>Fabricante: RIAKEO<\/strong><\/p>\n<\/li>\n<\/ul>\n","protected":false},"featured_media":60773,"comment_status":"closed","ping_status":"closed","template":"","meta":{"_acf_changed":false},"product_brand":[],"product_cat":[477,495],"product_tag":[],"class_list":{"0":"post-60776","1":"product","2":"type-product","3":"status-publish","4":"has-post-thumbnail","6":"product_cat-baterias","7":"product_cat-promocao","8":"pa_brandx-riakeo","10":"first","11":"instock","12":"sale","13":"taxable","14":"shipping-taxable","15":"purchasable","16":"product-type-simple"},"acf":[],"_links":{"self":[{"href":"https:\/\/uf.estima.site\/pt-pt\/wp-json\/wp\/v2\/product\/60776","targetHints":{"allow":["GET"]}}],"collection":[{"href":"https:\/\/uf.estima.site\/pt-pt\/wp-json\/wp\/v2\/product"}],"about":[{"href":"https:\/\/uf.estima.site\/pt-pt\/wp-json\/wp\/v2\/types\/product"}],"replies":[{"embeddable":true,"href":"https:\/\/uf.estima.site\/pt-pt\/wp-json\/wp\/v2\/comments?post=60776"}],"wp:featuredmedia":[{"embeddable":true,"href":"https:\/\/uf.estima.site\/pt-pt\/wp-json\/wp\/v2\/media\/60773"}],"wp:attachment":[{"href":"https:\/\/uf.estima.site\/pt-pt\/wp-json\/wp\/v2\/media?parent=60776"}],"wp:term":[{"taxonomy":"product_brand","embeddable":true,"href":"https:\/\/uf.estima.site\/pt-pt\/wp-json\/wp\/v2\/product_brand?post=60776"},{"taxonomy":"product_cat","embeddable":true,"href":"https:\/\/uf.estima.site\/pt-pt\/wp-json\/wp\/v2\/product_cat?post=60776"},{"taxonomy":"product_tag","embeddable":true,"href":"https:\/\/uf.estima.site\/pt-pt\/wp-json\/wp\/v2\/product_tag?post=60776"}],"curies":[{"name":"wp","href":"https:\/\/api.w.org\/{rel}","templated":true}]}}