{"id":60801,"date":"2025-09-15T08:59:08","date_gmt":"2025-09-15T07:59:08","guid":{"rendered":"https:\/\/ultrasfactory.com\/product\/czary-ic50-25-6\/"},"modified":"2025-10-28T14:38:11","modified_gmt":"2025-10-28T13:38:11","slug":"czary-ic50-25-6","status":"publish","type":"product","link":"https:\/\/uf.estima.site\/pt-pt\/product\/czary-ic50-25-6\/","title":{"rendered":"Czary IC50-25-6"},"content":{"rendered":"<p><iframe loading=\"lazy\" title=\"Reprodutor de v\u00eddeo do YouTube\" src=\"https:\/\/www.youtube.com\/embed\/Cy8_uqHV5i8?si=1o5qwVbkM9JhjaJY\" width=\"560\" height=\"315\" frameborder=\"0\" allowfullscreen=\"allowfullscreen\"><\/iframe><br \/>\nA <strong data-start=\"119\" data-end=\"138\">Czary IC50-25-6<\/strong> \u00e9 uma espetacular<strong data-start=\"156\" data-end=\"199\"> bateria de fogo de artif\u00edcio<\/strong> de <strong data-start=\"156\" data-end=\"199\">25 disparos<\/strong><strong data-start=\"156\" data-end=\"199\"> e calibre 50 mm<\/strong> da linha Iskra, concebida para efeitos de encher o c\u00e9u. Com um potente <strong data-start=\"276\" data-end=\"293\">NEC de 1000 g<\/strong> e uma dura\u00e7\u00e3o de cerca de <strong data-start=\"318\" data-end=\"332\">27 segundos<\/strong>, este bolo com certifica\u00e7\u00e3o F3 proporciona efeitos visuais de n\u00edvel profissional num produto de consumo. <\/p>\n<p data-start=\"419\" data-end=\"787\">O seu padr\u00e3o de disparo em forma de Z lan\u00e7a salgueiros de tit\u00e2nio dourado com estrobosc\u00f3pio dourado, corolas com estrobosc\u00f3pio verde e coroas de brocado com estrobosc\u00f3pio vermelho, terminando com um deslumbrante final em leque de duas salvas. De tamanho compacto, mas com uma enorme capacidade de explos\u00e3o a\u00e9rea, o Czary IC50-25-6 \u00e9 o fogo de artif\u00edcio perfeito para a v\u00e9spera de Ano Novo, casamentos e grandes celebra\u00e7\u00f5es ao ar livre. <\/p>\n","protected":false},"excerpt":{"rendered":"<ul>\n<li data-start=\"828\" data-end=\"863\">\n<p data-start=\"830\" data-end=\"863\"><strong>(25 fotos)<\/strong><\/p>\n<\/li>\n<li data-start=\"864\" data-end=\"887\">\n<p data-start=\"866\" data-end=\"887\"><strong>Calibre: 50 mm (2&#8243;)<\/strong><\/p>\n<\/li>\n<li data-start=\"888\" data-end=\"909\">\n<p data-start=\"890\" data-end=\"909\"><strong>Categoria: F3 (CE)<\/strong><\/p>\n<\/li>\n<li data-start=\"910\" data-end=\"925\">\n<p data-start=\"912\" data-end=\"925\"><strong>NEC: 1000 g<\/strong><\/p>\n<\/li>\n<li data-start=\"926\" data-end=\"951\">\n<p data-start=\"928\" data-end=\"951\"><strong>Dura\u00e7\u00e3o: ~27 segundos<\/strong><\/p>\n<\/li>\n<li data-start=\"952\" data-end=\"1066\">\n<p data-start=\"954\" data-end=\"1066\"><strong>Efeitos: Salgueiros dourados de tit\u00e2nio em forma de Z, corola com estrobosc\u00f3pio verde, coroa de brocado com estrobosc\u00f3pio vermelho, final em leque<\/strong><\/p>\n<\/li>\n<li data-start=\"1067\" data-end=\"1095\">\n<p data-start=\"1069\" data-end=\"1095\"><strong>Fabricante: Linha Iskra<\/strong><\/p>\n<\/li>\n<\/ul>\n","protected":false},"featured_media":60774,"comment_status":"closed","ping_status":"closed","template":"","meta":{"_acf_changed":false},"product_brand":[],"product_cat":[477,495],"product_tag":[],"class_list":{"0":"post-60801","1":"product","2":"type-product","3":"status-publish","4":"has-post-thumbnail","6":"product_cat-baterias","7":"product_cat-promocao","8":"pa_brandx-iskra-line","10":"first","11":"instock","12":"sale","13":"taxable","14":"shipping-taxable","15":"purchasable","16":"product-type-simple"},"acf":[],"_links":{"self":[{"href":"https:\/\/uf.estima.site\/pt-pt\/wp-json\/wp\/v2\/product\/60801","targetHints":{"allow":["GET"]}}],"collection":[{"href":"https:\/\/uf.estima.site\/pt-pt\/wp-json\/wp\/v2\/product"}],"about":[{"href":"https:\/\/uf.estima.site\/pt-pt\/wp-json\/wp\/v2\/types\/product"}],"replies":[{"embeddable":true,"href":"https:\/\/uf.estima.site\/pt-pt\/wp-json\/wp\/v2\/comments?post=60801"}],"wp:featuredmedia":[{"embeddable":true,"href":"https:\/\/uf.estima.site\/pt-pt\/wp-json\/wp\/v2\/media\/60774"}],"wp:attachment":[{"href":"https:\/\/uf.estima.site\/pt-pt\/wp-json\/wp\/v2\/media?parent=60801"}],"wp:term":[{"taxonomy":"product_brand","embeddable":true,"href":"https:\/\/uf.estima.site\/pt-pt\/wp-json\/wp\/v2\/product_brand?post=60801"},{"taxonomy":"product_cat","embeddable":true,"href":"https:\/\/uf.estima.site\/pt-pt\/wp-json\/wp\/v2\/product_cat?post=60801"},{"taxonomy":"product_tag","embeddable":true,"href":"https:\/\/uf.estima.site\/pt-pt\/wp-json\/wp\/v2\/product_tag?post=60801"}],"curies":[{"name":"wp","href":"https:\/\/api.w.org\/{rel}","templated":true}]}}