{"id":60834,"date":"2025-10-16T07:55:20","date_gmt":"2025-10-16T06:55:20","guid":{"rendered":"https:\/\/ultrasfactory.com\/product\/torpedo-jw008\/"},"modified":"2025-10-28T14:38:17","modified_gmt":"2025-10-28T13:38:17","slug":"torpedo-jw008","status":"publish","type":"product","link":"https:\/\/uf.estima.site\/pt-pt\/product\/torpedo-jw008\/","title":{"rendered":"Torpedo JW008"},"content":{"rendered":"<p><iframe loading=\"lazy\" title=\"Reprodutor de v\u00eddeo do YouTube\" src=\"https:\/\/www.youtube.com\/embed\/rW8QSiI1Mr4?si=BNs8fZuwQtq-HE2V\" width=\"560\" height=\"315\" frameborder=\"0\" allowfullscreen=\"allowfullscreen\"><\/iframe><\/p>\n<p data-start=\"460\" data-end=\"1043\">A <strong data-start=\"464\" data-end=\"483\">JW008 &#8211; TORPEDA<\/strong> da <strong data-start=\"489\" data-end=\"508\">Jorge Fireworks<\/strong> \u00e9 uma bateria de 25 disparos de alto impacto, concebida para produzir efeitos dram\u00e1ticos a grande altitude em espect\u00e1culos profissionais ao ar livre e eventos de alta qualidade. Cada tubo tem um calibre de 48 mm, concebido para produzir grandes e v\u00edvidas rupturas a\u00e9reas &#8211; desde o salgueiro branco brilhante com ameixa vermelha e d\u00e1lia azul at\u00e9 \u00e0s caudas de coco em ouro tit\u00e2nio, estrobos intensos, chuvas de meteoros e finais de salgueiro crepitante. Os efeitos cuidadosamente sequenciados criam um espet\u00e1culo variado e cinematogr\u00e1fico que se l\u00ea bem a longas dist\u00e2ncias e a grandes multid\u00f5es  <\/p>\n<p data-start=\"1045\" data-end=\"1500\">Classificada como <strong data-start=\"1059\" data-end=\"1071\">ADR 1.3G<\/strong> para transporte e etiquetada como <strong data-start=\"1098\" data-end=\"1116\">CE Categoria F3<\/strong>, a JW008 destina-se a utiliza\u00e7\u00e3o profissional\/exposi\u00e7\u00e3o (verifica os regulamentos locais). O tempo de funcionamento t\u00edpico \u00e9 de \u2248 <g id=\"gid_2\">50 segundos<\/g> e o n\u00edvel de som \u00e9 de <g id=\"gid_3\"><x id=\"gid_4\"><\/x>90 dB<\/g>, o que faz desta bateria uma escolha arrojada para finais, elementos de espect\u00e1culos em destaque ou an\u00fancios de retalho profissionais. O produtor disponibiliza um v\u00eddeo de demonstra\u00e7\u00e3o que mostra o padr\u00e3o de disparo e os efeitos.  <\/p>\n","protected":false},"excerpt":{"rendered":"<ul>\n<li><strong>25 tiros<\/strong><\/li>\n<li><strong>48 mm<\/strong><\/li>\n<li><strong>Jorge<\/strong><\/li>\n<li><strong>TOP STUFF<\/strong><\/li>\n<\/ul>\n","protected":false},"featured_media":60839,"comment_status":"closed","ping_status":"closed","template":"","meta":{"_acf_changed":false},"product_brand":[],"product_cat":[477,495],"product_tag":[],"class_list":{"0":"post-60834","1":"product","2":"type-product","3":"status-publish","4":"has-post-thumbnail","6":"product_cat-baterias","7":"product_cat-promocao","8":"pa_brandx-jorge","10":"first","11":"instock","12":"sale","13":"taxable","14":"shipping-taxable","15":"purchasable","16":"product-type-simple"},"acf":[],"_links":{"self":[{"href":"https:\/\/uf.estima.site\/pt-pt\/wp-json\/wp\/v2\/product\/60834","targetHints":{"allow":["GET"]}}],"collection":[{"href":"https:\/\/uf.estima.site\/pt-pt\/wp-json\/wp\/v2\/product"}],"about":[{"href":"https:\/\/uf.estima.site\/pt-pt\/wp-json\/wp\/v2\/types\/product"}],"replies":[{"embeddable":true,"href":"https:\/\/uf.estima.site\/pt-pt\/wp-json\/wp\/v2\/comments?post=60834"}],"wp:featuredmedia":[{"embeddable":true,"href":"https:\/\/uf.estima.site\/pt-pt\/wp-json\/wp\/v2\/media\/60839"}],"wp:attachment":[{"href":"https:\/\/uf.estima.site\/pt-pt\/wp-json\/wp\/v2\/media?parent=60834"}],"wp:term":[{"taxonomy":"product_brand","embeddable":true,"href":"https:\/\/uf.estima.site\/pt-pt\/wp-json\/wp\/v2\/product_brand?post=60834"},{"taxonomy":"product_cat","embeddable":true,"href":"https:\/\/uf.estima.site\/pt-pt\/wp-json\/wp\/v2\/product_cat?post=60834"},{"taxonomy":"product_tag","embeddable":true,"href":"https:\/\/uf.estima.site\/pt-pt\/wp-json\/wp\/v2\/product_tag?post=60834"}],"curies":[{"name":"wp","href":"https:\/\/api.w.org\/{rel}","templated":true}]}}