{"id":60847,"date":"2025-10-16T07:57:09","date_gmt":"2025-10-16T06:57:09","guid":{"rendered":"https:\/\/ultrasfactory.com\/product\/grande-rabo-jw009\/"},"modified":"2025-10-28T14:38:19","modified_gmt":"2025-10-28T13:38:19","slug":"grande-rabo-jw009","status":"publish","type":"product","link":"https:\/\/uf.estima.site\/pt-pt\/product\/grande-rabo-jw009\/","title":{"rendered":"Grande rabo JW009"},"content":{"rendered":"<p><iframe loading=\"lazy\" title=\"Reprodutor de v\u00eddeo do YouTube\" src=\"https:\/\/www.youtube.com\/embed\/In_SfJqyyIA?si=b_v0KiPBZJp1y130\" width=\"560\" height=\"315\" frameborder=\"0\" allowfullscreen=\"allowfullscreen\"><\/iframe><\/p>\n<p data-start=\"732\" data-end=\"1281\">A <strong data-start=\"736\" data-end=\"755\">Big Bum (JW009)<\/strong> da <strong data-start=\"761\" data-end=\"780\">Jorge Fireworks<\/strong> \u00e9 uma bateria multi-shot de grande impacto concebida para proporcionar um espet\u00e1culo compacto mas estrondoso. Com <g id=\"gid_2\">28 disparos<\/g> de tubos mistos de calibre 36\/48 mm, a Big Bum produz fortes explos\u00f5es a grande altitude &#8211; ti-willow dourado com d\u00e1lias cor-de-rosa, lim\u00e3o e azul-petr\u00f3leo, e intervalos de ameixa dourada\/vermelha\/branca &#8211; dando \u00e0 sequ\u00eancia tanto pot\u00eancia como variedade de cores. A bateria funciona durante cerca de <strong data-start=\"1135\" data-end=\"1149\">40 segundos<\/strong>, emite um som muito alto (&gt;90 dB) e foi constru\u00edda e embalada para utiliza\u00e7\u00e3o profissional no exterior  <\/p>\n<p data-start=\"1283\" data-end=\"1673\">O Big Bum est\u00e1 classificado para transporte como <strong data-start=\"1322\" data-end=\"1334\">ADR 1.3G<\/strong> e para utiliza\u00e7\u00e3o em mercados onde se aplica a norma CE F3 (as distin\u00e7\u00f5es entre as categorias profissional e expositor variam de pa\u00eds para pa\u00eds) &#8211; certifica-te de que segues os regulamentos locais e as dist\u00e2ncias de seguran\u00e7a recomendadas. O produto \u00e9 vendido em formatos de embalagem comerciais comuns (unidades de cart\u00e3o) e aparece frequentemente em sortidos de retalhistas profissionais. <\/p>\n","protected":false},"excerpt":{"rendered":"<ul>\n<li><strong>28 tiros<\/strong><\/li>\n<li><strong>CALIBRE MIX 36\/48mm<\/strong><\/li>\n<li><strong>Jorge<\/strong><\/li>\n<li><strong>TOP STUFF<\/strong><\/li>\n<\/ul>\n","protected":false},"featured_media":60833,"comment_status":"closed","ping_status":"closed","template":"","meta":{"_acf_changed":false},"product_brand":[],"product_cat":[477,495],"product_tag":[],"class_list":{"0":"post-60847","1":"product","2":"type-product","3":"status-publish","4":"has-post-thumbnail","6":"product_cat-baterias","7":"product_cat-promocao","8":"pa_brandx-jorge","10":"first","11":"instock","12":"sale","13":"taxable","14":"shipping-taxable","15":"purchasable","16":"product-type-simple"},"acf":[],"_links":{"self":[{"href":"https:\/\/uf.estima.site\/pt-pt\/wp-json\/wp\/v2\/product\/60847","targetHints":{"allow":["GET"]}}],"collection":[{"href":"https:\/\/uf.estima.site\/pt-pt\/wp-json\/wp\/v2\/product"}],"about":[{"href":"https:\/\/uf.estima.site\/pt-pt\/wp-json\/wp\/v2\/types\/product"}],"replies":[{"embeddable":true,"href":"https:\/\/uf.estima.site\/pt-pt\/wp-json\/wp\/v2\/comments?post=60847"}],"wp:featuredmedia":[{"embeddable":true,"href":"https:\/\/uf.estima.site\/pt-pt\/wp-json\/wp\/v2\/media\/60833"}],"wp:attachment":[{"href":"https:\/\/uf.estima.site\/pt-pt\/wp-json\/wp\/v2\/media?parent=60847"}],"wp:term":[{"taxonomy":"product_brand","embeddable":true,"href":"https:\/\/uf.estima.site\/pt-pt\/wp-json\/wp\/v2\/product_brand?post=60847"},{"taxonomy":"product_cat","embeddable":true,"href":"https:\/\/uf.estima.site\/pt-pt\/wp-json\/wp\/v2\/product_cat?post=60847"},{"taxonomy":"product_tag","embeddable":true,"href":"https:\/\/uf.estima.site\/pt-pt\/wp-json\/wp\/v2\/product_tag?post=60847"}],"curies":[{"name":"wp","href":"https:\/\/api.w.org\/{rel}","templated":true}]}}