{"id":60848,"date":"2025-10-16T08:17:59","date_gmt":"2025-10-16T07:17:59","guid":{"rendered":"https:\/\/ultrasfactory.com\/product\/dia-noite-cor-fumo-xt1090\/"},"modified":"2025-10-28T14:38:19","modified_gmt":"2025-10-28T13:38:19","slug":"dia-noite-cor-fumo-xt1090","status":"publish","type":"product","link":"https:\/\/uf.estima.site\/pt-pt\/product\/dia-noite-cor-fumo-xt1090\/","title":{"rendered":"Dia Noite Cor Fumo XT1090"},"content":{"rendered":"<p><iframe loading=\"lazy\" title=\"Reprodutor de v\u00eddeo do YouTube\" src=\"https:\/\/www.youtube.com\/embed\/lLzgbblpbmU?si=Oz3lmL1iPY-vzS-y\" width=\"560\" height=\"315\" frameborder=\"0\" allowfullscreen=\"allowfullscreen\"><\/iframe><\/p>\n<p data-start=\"701\" data-end=\"973\">A <strong data-start=\"705\" data-end=\"764\">XT1090 Day\/Night Color Smoke &amp; Strobe V 112S 1.2\u2033 PROFI<\/strong> \u00e9 uma <strong data-start=\"779\" data-end=\"828\">bateria de fogos de artif\u00edcio composta de efeito profissional<\/strong> topo de gama, concebida para exibi\u00e7\u00f5es avan\u00e7adas ao ar livre, espect\u00e1culos em festivais e sequ\u00eancias pirot\u00e9cnicas que requerem <strong data-start=\"917\" data-end=\"970\">visibilidade diurna e intensidade estrobosc\u00f3pica nocturna<\/strong>.<\/p>\n<p data-start=\"975\" data-end=\"1294\">Concebida com <strong data-start=\"991\" data-end=\"1004\">112 disparos<\/strong> de tubos de calibre de 1,2&#8243; (\u224830 mm), a XT1090 proporciona um padr\u00e3o de disparo sincronizado em forma de V que combina <strong data-start=\"1106\" data-end=\"1137\">rastos de fumo espesso<\/strong> e <strong data-start=\"1106\" data-end=\"1137\">colorido<\/strong> e <strong data-start=\"1142\" data-end=\"1169\">poderosos flashes estrobosc\u00f3picos<\/strong>, o que a torna uma excelente escolha para <strong data-start=\"1205\" data-end=\"1226\">pistas de transi\u00e7\u00e3o<\/strong>, <strong data-start=\"1228\" data-end=\"1246\">efeitos de desfile<\/strong> e <strong data-start=\"1252\" data-end=\"1269\">momentos de palco<\/strong> em exibi\u00e7\u00f5es de grande escala.<\/p>\n<p data-start=\"1296\" data-end=\"1636\">O desempenho come\u00e7a com caudas de fumo pesadas e brilhantes que atravessam a luz do dia &#8211; uma carater\u00edstica rara e de qualidade superior na pirotecnia &#8211; seguidas de <strong data-start=\"1443\" data-end=\"1475\">intensos flashes estrobosc\u00f3picos brancos<\/strong> que dominam em condi\u00e7\u00f5es de pouca luz ou de noite. Este design de &#8220;dupla visibilidade&#8221; confere \u00e0 XT1090 uma utilidade \u00fanica em espect\u00e1culos que fazem a ponte entre os segmentos da tarde e da noite. <\/p>\n<p data-start=\"1638\" data-end=\"1784\">Ideal para pirot\u00e9cnicos profissionais, operadores de eventos ao vivo e designers de espect\u00e1culos que procuram uma elevada defini\u00e7\u00e3o visual e efeitos atmosf\u00e9ricos n\u00edtidos.<\/p>\n","protected":false},"excerpt":{"rendered":"<ul>\n<li><strong>T1<\/strong><\/li>\n<li><strong>Triplex<\/strong><\/li>\n<li><strong>112 tiros<\/strong><\/li>\n<li><strong>45m at\u00e9 ao c\u00e9u<\/strong><\/li>\n<li><strong>FANT\u00c1STICO PARA EVENTOS<\/strong><\/li>\n<\/ul>\n","protected":false},"featured_media":60835,"comment_status":"closed","ping_status":"closed","template":"","meta":{"_acf_changed":false},"product_brand":[],"product_cat":[477,495],"product_tag":[],"class_list":{"0":"post-60848","1":"product","2":"type-product","3":"status-publish","4":"has-post-thumbnail","6":"product_cat-baterias","7":"product_cat-promocao","8":"pa_brandx-triplex","10":"first","11":"instock","12":"sale","13":"taxable","14":"shipping-taxable","15":"purchasable","16":"product-type-simple"},"acf":[],"_links":{"self":[{"href":"https:\/\/uf.estima.site\/pt-pt\/wp-json\/wp\/v2\/product\/60848","targetHints":{"allow":["GET"]}}],"collection":[{"href":"https:\/\/uf.estima.site\/pt-pt\/wp-json\/wp\/v2\/product"}],"about":[{"href":"https:\/\/uf.estima.site\/pt-pt\/wp-json\/wp\/v2\/types\/product"}],"replies":[{"embeddable":true,"href":"https:\/\/uf.estima.site\/pt-pt\/wp-json\/wp\/v2\/comments?post=60848"}],"wp:featuredmedia":[{"embeddable":true,"href":"https:\/\/uf.estima.site\/pt-pt\/wp-json\/wp\/v2\/media\/60835"}],"wp:attachment":[{"href":"https:\/\/uf.estima.site\/pt-pt\/wp-json\/wp\/v2\/media?parent=60848"}],"wp:term":[{"taxonomy":"product_brand","embeddable":true,"href":"https:\/\/uf.estima.site\/pt-pt\/wp-json\/wp\/v2\/product_brand?post=60848"},{"taxonomy":"product_cat","embeddable":true,"href":"https:\/\/uf.estima.site\/pt-pt\/wp-json\/wp\/v2\/product_cat?post=60848"},{"taxonomy":"product_tag","embeddable":true,"href":"https:\/\/uf.estima.site\/pt-pt\/wp-json\/wp\/v2\/product_tag?post=60848"}],"curies":[{"name":"wp","href":"https:\/\/api.w.org\/{rel}","templated":true}]}}