{"id":60854,"date":"2025-10-21T10:50:30","date_gmt":"2025-10-21T09:50:30","guid":{"rendered":"https:\/\/ultrasfactory.com\/product\/turbo-cracker-fp20\/"},"modified":"2025-11-10T16:40:05","modified_gmt":"2025-11-10T15:40:05","slug":"turbo-cracker-fp20","status":"publish","type":"product","link":"https:\/\/uf.estima.site\/pt-pt\/product\/turbo-cracker-fp20\/","title":{"rendered":"Turbo Cracker FP20"},"content":{"rendered":"<p><iframe loading=\"lazy\" title=\"Turbo Cracker FP20 - Jorge - Bangers | ULTRASFACTORY.COM  #fireworks #foryou #b\u00f6ller #pyro\" width=\"563\" height=\"1000\" src=\"https:\/\/www.youtube.com\/embed\/yvjIEugbmPg?feature=oembed\" frameborder=\"0\" allow=\"accelerometer; autoplay; clipboard-write; encrypted-media; gyroscope; picture-in-picture; web-share\" referrerpolicy=\"strict-origin-when-cross-origin\" allowfullscreen><\/iframe><\/p>\n<p data-start=\"637\" data-end=\"943\">As <strong data-start=\"641\" data-end=\"666\">FP20 &#8211; Turbo Crackers<\/strong> da <strong data-start=\"672\" data-end=\"691\">Jorge Fireworks<\/strong> s\u00e3o um conjunto de <strong data-start=\"705\" data-end=\"738\">bombinhas de flash de alta pot\u00eancia<\/strong> concebidas para um impacto sonoro m\u00e1ximo e uma igni\u00e7\u00e3o fi\u00e1vel. Cada bolacha produz um som agudo e alto com um efeito de flash intenso, proporcionando a experi\u00eancia cl\u00e1ssica das bolachas com uma conformidade de seguran\u00e7a moderna.<\/p>\n<p data-start=\"945\" data-end=\"1276\">Embalado numa<strong data-start=\"957\" data-end=\"981\">unidade de retalho de 10 pe\u00e7as<\/strong>, o FP20 oferece um desempenho poderoso num formato compacto e f\u00e1cil de manusear, tornando-o uma escolha popular para as celebra\u00e7\u00f5es de Ano Novo, festivais e efeitos pirot\u00e9cnicos controlados. Trata-se de <strong data-start=\"1169\" data-end=\"1197\"> fogos de artif\u00edcio<\/strong> com a marca <strong data-start=\"1206\" data-end=\"1218\">ADR 1.4G<\/strong>, adequados para utiliza\u00e7\u00e3o exterior por adultos, de acordo com a regulamenta\u00e7\u00e3o local.<\/p>\n<p data-start=\"1278\" data-end=\"1498\">As Turbo Crackers t\u00eam uma constru\u00e7\u00e3o forte em papel e uma igni\u00e7\u00e3o r\u00e1pida por fus\u00edvel. Com uma detona\u00e7\u00e3o ruidosa e limpa e em conformidade com a CE, s\u00e3o ideais para clientes que pretendem <strong data-start=\"1450\" data-end=\"1467\">o m\u00e1ximo de som<\/strong> num produto de consumo legal. <\/p>\n","protected":false},"excerpt":{"rendered":"<ul>\n<li><strong>10 unidades<\/strong><\/li>\n<li><strong>Jorge<\/strong><\/li>\n<li><strong>NEW BANGERS<\/strong><\/li>\n<li><strong>15 mm<\/strong><\/li>\n<li><strong>NEC: 1g pcs<\/strong><\/li>\n<\/ul>\n","protected":false},"featured_media":60851,"comment_status":"closed","ping_status":"closed","template":"","meta":{"_acf_changed":false},"product_brand":[],"product_cat":[487,495],"product_tag":[],"class_list":{"0":"post-60854","1":"product","2":"type-product","3":"status-publish","4":"has-post-thumbnail","6":"product_cat-fogos-de-artificio","7":"product_cat-promocao","8":"pa_brandx-jorge","10":"first","11":"instock","12":"sale","13":"taxable","14":"shipping-taxable","15":"purchasable","16":"product-type-simple"},"acf":[],"_links":{"self":[{"href":"https:\/\/uf.estima.site\/pt-pt\/wp-json\/wp\/v2\/product\/60854","targetHints":{"allow":["GET"]}}],"collection":[{"href":"https:\/\/uf.estima.site\/pt-pt\/wp-json\/wp\/v2\/product"}],"about":[{"href":"https:\/\/uf.estima.site\/pt-pt\/wp-json\/wp\/v2\/types\/product"}],"replies":[{"embeddable":true,"href":"https:\/\/uf.estima.site\/pt-pt\/wp-json\/wp\/v2\/comments?post=60854"}],"wp:featuredmedia":[{"embeddable":true,"href":"https:\/\/uf.estima.site\/pt-pt\/wp-json\/wp\/v2\/media\/60851"}],"wp:attachment":[{"href":"https:\/\/uf.estima.site\/pt-pt\/wp-json\/wp\/v2\/media?parent=60854"}],"wp:term":[{"taxonomy":"product_brand","embeddable":true,"href":"https:\/\/uf.estima.site\/pt-pt\/wp-json\/wp\/v2\/product_brand?post=60854"},{"taxonomy":"product_cat","embeddable":true,"href":"https:\/\/uf.estima.site\/pt-pt\/wp-json\/wp\/v2\/product_cat?post=60854"},{"taxonomy":"product_tag","embeddable":true,"href":"https:\/\/uf.estima.site\/pt-pt\/wp-json\/wp\/v2\/product_tag?post=60854"}],"curies":[{"name":"wp","href":"https:\/\/api.w.org\/{rel}","templated":true}]}}