{"id":60939,"date":"2025-09-03T14:50:10","date_gmt":"2025-09-03T13:50:10","guid":{"rendered":"https:\/\/ultrasfactory.com\/product\/crazy-fountain-zbc180\/"},"modified":"2025-10-28T14:46:26","modified_gmt":"2025-10-28T13:46:26","slug":"crazy-fountain-zbc180","status":"publish","type":"product","link":"https:\/\/uf.estima.site\/pt-pt\/product\/crazy-fountain-zbc180\/","title":{"rendered":"Crazy Fountain ZBC180"},"content":{"rendered":"<p><iframe loading=\"lazy\" title=\"Reprodutor de v\u00eddeo do YouTube\" src=\"https:\/\/www.youtube.com\/embed\/DwQ3XIJIV7Q?si=Tg9bZhL3z9_4TdH2\" width=\"560\" height=\"315\" frameborder=\"0\" allowfullscreen=\"allowfullscreen\"><\/iframe><\/p>\n","protected":false},"excerpt":{"rendered":"<table>\n<thead>\n<tr>\n<th>Carater\u00edstica<\/th>\n<th>Especifica\u00e7\u00e3o<\/th>\n<\/tr>\n<\/thead>\n<tbody>\n<tr>\n<td>Nome do produto<\/td>\n<td>Crazy Fountain ZBC180<\/td>\n<\/tr>\n<tr>\n<td>Efeito<\/td>\n<td>Fonte multi-efeitos: crepita\u00e7\u00f5es e estrelas coloridas seguidas de cintila\u00e7\u00e3o branca<\/td>\n<\/tr>\n<tr>\n<td>Tiros<\/td>\n<td>8 efeitos sequenciais<\/td>\n<\/tr>\n<tr>\n<td>Calibre<\/td>\n<td>16 mm<\/td>\n<\/tr>\n<tr>\n<td>Dura\u00e7\u00e3o<\/td>\n<td>~180 segundos (3 min)<\/td>\n<\/tr>\n<tr>\n<td>NEC<\/td>\n<td>200 g total<\/td>\n<\/tr>\n<tr>\n<td>Dimens\u00f5es<\/td>\n<td>~170 \u00d7 170 \u00d7 150 mm<\/td>\n<\/tr>\n<tr>\n<td>Certifica\u00e7\u00e3o<\/td>\n<td>CE, Categoria F2<\/td>\n<\/tr>\n<tr>\n<td>Nota de seguran\u00e7a<\/td>\n<td>Apenas adultos; segue as orienta\u00e7\u00f5es de seguran\u00e7a<\/td>\n<\/tr>\n<\/tbody>\n<\/table>\n","protected":false},"featured_media":60951,"comment_status":"closed","ping_status":"closed","template":"","meta":{"_acf_changed":false},"product_brand":[],"product_cat":[475,495],"product_tag":[],"class_list":{"0":"post-60939","1":"product","2":"type-product","3":"status-publish","4":"has-post-thumbnail","6":"product_cat-fontes","7":"product_cat-promocao","8":"pa_brandx-zom-bum","10":"first","11":"instock","12":"sale","13":"taxable","14":"shipping-taxable","15":"purchasable","16":"product-type-simple"},"acf":[],"_links":{"self":[{"href":"https:\/\/uf.estima.site\/pt-pt\/wp-json\/wp\/v2\/product\/60939","targetHints":{"allow":["GET"]}}],"collection":[{"href":"https:\/\/uf.estima.site\/pt-pt\/wp-json\/wp\/v2\/product"}],"about":[{"href":"https:\/\/uf.estima.site\/pt-pt\/wp-json\/wp\/v2\/types\/product"}],"replies":[{"embeddable":true,"href":"https:\/\/uf.estima.site\/pt-pt\/wp-json\/wp\/v2\/comments?post=60939"}],"wp:featuredmedia":[{"embeddable":true,"href":"https:\/\/uf.estima.site\/pt-pt\/wp-json\/wp\/v2\/media\/60951"}],"wp:attachment":[{"href":"https:\/\/uf.estima.site\/pt-pt\/wp-json\/wp\/v2\/media?parent=60939"}],"wp:term":[{"taxonomy":"product_brand","embeddable":true,"href":"https:\/\/uf.estima.site\/pt-pt\/wp-json\/wp\/v2\/product_brand?post=60939"},{"taxonomy":"product_cat","embeddable":true,"href":"https:\/\/uf.estima.site\/pt-pt\/wp-json\/wp\/v2\/product_cat?post=60939"},{"taxonomy":"product_tag","embeddable":true,"href":"https:\/\/uf.estima.site\/pt-pt\/wp-json\/wp\/v2\/product_tag?post=60939"}],"curies":[{"name":"wp","href":"https:\/\/api.w.org\/{rel}","templated":true}]}}