{"id":60963,"date":"2025-08-22T12:06:32","date_gmt":"2025-08-22T11:06:32","guid":{"rendered":"https:\/\/ultrasfactory.com\/product\/ovo-de-dragao-para-flor-rodopiante-v-xb3037\/"},"modified":"2025-10-28T14:46:28","modified_gmt":"2025-10-28T13:46:28","slug":"ovo-de-dragao-para-flor-rodopiante-v-xb3037","status":"publish","type":"product","link":"https:\/\/uf.estima.site\/pt-pt\/product\/ovo-de-dragao-para-flor-rodopiante-v-xb3037\/","title":{"rendered":"&#8220;Ovo de drag\u00e3o para flor rodopiante V&#8221; XB3037"},"content":{"rendered":"<h3 data-start=\"592\" data-end=\"670\"><strong data-start=\"596\" data-end=\"670\">Triplex XB3037 &#8220;Ovo de drag\u00e3o para flor rodopiante V&#8221; &#8211; 49 disparos, bolo de 30 mm<\/strong><\/h3>\n<p data-start=\"672\" data-end=\"1243\">Experimenta um espet\u00e1culo a\u00e9reo dram\u00e1tico com o <strong data-start=\"720\" data-end=\"772\">Triplex XB3037 &#8220;Dragon Egg to Whirling Flower V&#8221;,<\/strong> um bolo de fogo de artif\u00edcio <strong data-start=\"795\" data-end=\"806\">de 49 disparos de<\/strong> n\u00edvel profissional. Os seus tubos de 30 mm e a disposi\u00e7\u00e3o angular dos disparos criam um espet\u00e1culo visualmente din\u00e2mico que come\u00e7a com um <g id=\"gid_2\">efeito<\/g> hipnotizante de <g id=\"gid_2\">ovo de drag\u00e3o<\/g> e evolui para um <g id=\"gid_3\">padr\u00e3o de flores vibrantes e rotativas<\/g>. Com a classifica\u00e7\u00e3o CE <g id=\"gid_4\">F3<\/g>, este bolo foi concebido para garantir a seguran\u00e7a na utiliza\u00e7\u00e3o profissional, ao mesmo tempo que proporciona efeitos espectaculares. Quer seja utilizada como final ou como destaque num espet\u00e1culo maior, esta bateria cativa pela sua eleg\u00e2ncia e poder.   <\/p>\n","protected":false},"excerpt":{"rendered":"<ul>\n<li data-start=\"192\" data-end=\"220\">\n<p data-start=\"194\" data-end=\"220\"><strong data-start=\"194\" data-end=\"210\">C\u00f3digo do produto<\/strong>: XB3037<\/p>\n<\/li>\n<li data-start=\"221\" data-end=\"266\">\n<p data-start=\"223\" data-end=\"266\"><strong data-start=\"223\" data-end=\"231\">Nome<\/strong>: Ovo de Drag\u00e3o para Flor Girat\u00f3ria V<\/p>\n<\/li>\n<li data-start=\"267\" data-end=\"296\">\n<p data-start=\"269\" data-end=\"296\"><strong data-start=\"269\" data-end=\"285\">Fabricante<\/strong>: Triplex<\/p>\n<\/li>\n<li data-start=\"297\" data-end=\"364\">\n<p data-start=\"299\" data-end=\"364\"><strong data-start=\"299\" data-end=\"307\">Tipo<\/strong>: Bolo de fogo de artif\u00edcio profissional (Profi, disposi\u00e7\u00e3o em \u00e2ngulo\/ventilador)<\/p>\n<\/li>\n<li data-start=\"365\" data-end=\"392\">\n<p data-start=\"367\" data-end=\"392\"><strong data-start=\"367\" data-end=\"386\">N\u00famero de remates<\/strong>: 49<\/p>\n<\/li>\n<li data-start=\"393\" data-end=\"422\">\n<p data-start=\"395\" data-end=\"422\"><strong data-start=\"395\" data-end=\"406\">Calibre<\/strong>: 30 mm (1,2\u2033)<\/p>\n<\/li>\n<li data-start=\"423\" data-end=\"467\">\n<p data-start=\"425\" data-end=\"467\"><strong data-start=\"425\" data-end=\"442\">Categoria (CE)<\/strong>: F3 &#8211; uso profissional<\/p>\n<\/li>\n<li data-start=\"468\" data-end=\"559\">\n<p data-start=\"470\" data-end=\"559\"><strong data-start=\"470\" data-end=\"486\">Estilo do efeito<\/strong>: Explos\u00f5es de ovos de drag\u00e3o que se transformam em efeitos de flores coloridas e rodopiantes<\/p>\n<\/li>\n<\/ul>\n","protected":false},"featured_media":60964,"comment_status":"closed","ping_status":"closed","template":"","meta":{"_acf_changed":false},"product_brand":[],"product_cat":[477,495],"product_tag":[],"class_list":{"0":"post-60963","1":"product","2":"type-product","3":"status-publish","4":"has-post-thumbnail","6":"product_cat-baterias","7":"product_cat-promocao","8":"pa_brandx-triplex","10":"first","11":"instock","12":"sale","13":"taxable","14":"shipping-taxable","15":"purchasable","16":"product-type-simple"},"acf":[],"_links":{"self":[{"href":"https:\/\/uf.estima.site\/pt-pt\/wp-json\/wp\/v2\/product\/60963","targetHints":{"allow":["GET"]}}],"collection":[{"href":"https:\/\/uf.estima.site\/pt-pt\/wp-json\/wp\/v2\/product"}],"about":[{"href":"https:\/\/uf.estima.site\/pt-pt\/wp-json\/wp\/v2\/types\/product"}],"replies":[{"embeddable":true,"href":"https:\/\/uf.estima.site\/pt-pt\/wp-json\/wp\/v2\/comments?post=60963"}],"wp:featuredmedia":[{"embeddable":true,"href":"https:\/\/uf.estima.site\/pt-pt\/wp-json\/wp\/v2\/media\/60964"}],"wp:attachment":[{"href":"https:\/\/uf.estima.site\/pt-pt\/wp-json\/wp\/v2\/media?parent=60963"}],"wp:term":[{"taxonomy":"product_brand","embeddable":true,"href":"https:\/\/uf.estima.site\/pt-pt\/wp-json\/wp\/v2\/product_brand?post=60963"},{"taxonomy":"product_cat","embeddable":true,"href":"https:\/\/uf.estima.site\/pt-pt\/wp-json\/wp\/v2\/product_cat?post=60963"},{"taxonomy":"product_tag","embeddable":true,"href":"https:\/\/uf.estima.site\/pt-pt\/wp-json\/wp\/v2\/product_tag?post=60963"}],"curies":[{"name":"wp","href":"https:\/\/api.w.org\/{rel}","templated":true}]}}