{"id":60969,"date":"2025-09-03T14:43:17","date_gmt":"2025-09-03T13:43:17","guid":{"rendered":"https:\/\/ultrasfactory.com\/product\/zom-bum-cracker-rotate-zb290\/"},"modified":"2025-10-31T12:40:00","modified_gmt":"2025-10-31T11:40:00","slug":"zom-bum-cracker-rotate-zb290","status":"publish","type":"product","link":"https:\/\/uf.estima.site\/pt-pt\/product\/zom-bum-cracker-rotate-zb290\/","title":{"rendered":"Zom Bum Cracker Rotate ZB290"},"content":{"rendered":"<p><iframe loading=\"lazy\" title=\"Zom Bum Cracker Rotate ZB290 #shorts #fireworks #pyro\" width=\"563\" height=\"1000\" src=\"https:\/\/www.youtube.com\/embed\/RB-QzTpyQPE?feature=oembed\" frameborder=\"0\" allow=\"accelerometer; autoplay; clipboard-write; encrypted-media; gyroscope; picture-in-picture; web-share\" referrerpolicy=\"strict-origin-when-cross-origin\" allowfullscreen><\/iframe><\/p>\n<p>&nbsp;<\/p>\n","protected":false},"excerpt":{"rendered":"<table>\n<thead>\n<tr>\n<th>Carater\u00edstica<\/th>\n<th>Especifica\u00e7\u00e3o<\/th>\n<\/tr>\n<\/thead>\n<tbody>\n<tr>\n<td>Nome do produto<\/td>\n<td>Zom Bum Cracker Rotate (ZB290)<\/td>\n<\/tr>\n<tr>\n<td>Efeito<\/td>\n<td>Pi\u00e3o com efeito crepitante<\/td>\n<\/tr>\n<tr>\n<td>Pe\u00e7as por embalagem<\/td>\n<td>20 unidades<\/td>\n<\/tr>\n<tr>\n<td>NEC<\/td>\n<td>46 g por embalagem (~2,3 g por pe\u00e7a)<\/td>\n<\/tr>\n<tr>\n<td>Peso<\/td>\n<td>~150 g total<\/td>\n<\/tr>\n<tr>\n<td>Dimens\u00f5es<\/td>\n<td>~16 cm \u00d7 3 cm \u00d7 6 cm<\/td>\n<\/tr>\n<tr>\n<td>Certifica\u00e7\u00e3o<\/td>\n<td>CE, Categoria F2<\/td>\n<\/tr>\n<tr>\n<td>Distribuidor<\/td>\n<td>Pol-Expance<\/td>\n<\/tr>\n<tr>\n<td>Nota de seguran\u00e7a<\/td>\n<td>Apenas adultos; segue todas as instru\u00e7\u00f5es de seguran\u00e7a<\/td>\n<\/tr>\n<\/tbody>\n<\/table>\n","protected":false},"featured_media":60971,"comment_status":"closed","ping_status":"closed","template":"","meta":{"_acf_changed":false},"product_brand":[],"product_cat":[492,495],"product_tag":[],"class_list":{"0":"post-60969","1":"product","2":"type-product","3":"status-publish","4":"has-post-thumbnail","6":"product_cat-outro","7":"product_cat-promocao","8":"pa_brandx-zom-bum","10":"first","11":"instock","12":"sale","13":"taxable","14":"shipping-taxable","15":"purchasable","16":"product-type-simple"},"acf":[],"_links":{"self":[{"href":"https:\/\/uf.estima.site\/pt-pt\/wp-json\/wp\/v2\/product\/60969","targetHints":{"allow":["GET"]}}],"collection":[{"href":"https:\/\/uf.estima.site\/pt-pt\/wp-json\/wp\/v2\/product"}],"about":[{"href":"https:\/\/uf.estima.site\/pt-pt\/wp-json\/wp\/v2\/types\/product"}],"replies":[{"embeddable":true,"href":"https:\/\/uf.estima.site\/pt-pt\/wp-json\/wp\/v2\/comments?post=60969"}],"wp:featuredmedia":[{"embeddable":true,"href":"https:\/\/uf.estima.site\/pt-pt\/wp-json\/wp\/v2\/media\/60971"}],"wp:attachment":[{"href":"https:\/\/uf.estima.site\/pt-pt\/wp-json\/wp\/v2\/media?parent=60969"}],"wp:term":[{"taxonomy":"product_brand","embeddable":true,"href":"https:\/\/uf.estima.site\/pt-pt\/wp-json\/wp\/v2\/product_brand?post=60969"},{"taxonomy":"product_cat","embeddable":true,"href":"https:\/\/uf.estima.site\/pt-pt\/wp-json\/wp\/v2\/product_cat?post=60969"},{"taxonomy":"product_tag","embeddable":true,"href":"https:\/\/uf.estima.site\/pt-pt\/wp-json\/wp\/v2\/product_tag?post=60969"}],"curies":[{"name":"wp","href":"https:\/\/api.w.org\/{rel}","templated":true}]}}