{"id":61064,"date":"2025-07-24T13:18:31","date_gmt":"2025-07-24T12:18:31","guid":{"rendered":"https:\/\/ultrasfactory.com\/product\/lucky-hf24090q\/"},"modified":"2025-10-28T14:47:20","modified_gmt":"2025-10-28T13:47:20","slug":"lucky-hf24090q","status":"publish","type":"product","link":"https:\/\/uf.estima.site\/pt-pt\/product\/lucky-hf24090q\/","title":{"rendered":"Lucky HF24090Q"},"content":{"rendered":"<p><iframe loading=\"lazy\" title=\"Reprodutor de v\u00eddeo do YouTube\" src=\"https:\/\/www.youtube.com\/embed\/tCtLy8lVLQo?si=2QX3RiSPE8qvVdDR\" width=\"560\" height=\"315\" frameborder=\"0\" allowfullscreen=\"allowfullscreen\"><\/iframe><\/p>\n<h3 data-start=\"120\" data-end=\"190\"><strong data-start=\"127\" data-end=\"190\">Riakeo HF24090Q &#8220;Lucky&#8221; &#8211; 21 disparos | Bateria de fogo de artif\u00edcio de 30 mm<\/strong><\/h3>\n<p data-start=\"192\" data-end=\"466\">D\u00e1 cor vibrante e brilho dourado \u00e0 tua celebra\u00e7\u00e3o com <strong data-start=\"259\" data-end=\"270\">&#8220;Lucky&#8221;<\/strong> &#8211; um <strong data-start=\"296\" data-end=\"312\">bolo<\/strong> compacto mas poderoso <strong data-start=\"296\" data-end=\"312\">de 21 tiros<\/strong> da <strong data-start=\"318\" data-end=\"328\">Riakeo<\/strong>. Com <strong data-start=\"335\" data-end=\"358\">tubos de calibre 30 mm<\/strong>, este fogo de artif\u00edcio proporciona um espet\u00e1culo a\u00e9reo colorido e oportuno, ideal tanto para uso casual como semi-profissional. <\/p>\n<h3 data-start=\"814\" data-end=\"839\"><strong data-start=\"820\" data-end=\"839\">Efeitos Visuais:<\/strong><\/h3>\n<ul data-start=\"841\" data-end=\"1012\">\n<li data-start=\"841\" data-end=\"869\">\n<p data-start=\"843\" data-end=\"869\">Coroas douradas e brilhantes<\/p>\n<\/li>\n<li data-start=\"870\" data-end=\"898\">\n<p data-start=\"872\" data-end=\"898\">Explos\u00e3o de d\u00e1lias rosa-lim\u00e3o<\/p>\n<\/li>\n<li data-start=\"899\" data-end=\"944\">\n<p data-start=\"901\" data-end=\"944\">Transi\u00e7\u00f5es para estrelas vermelhas e verdes da d\u00e1lia<\/p>\n<\/li>\n<li data-start=\"945\" data-end=\"1012\">\n<p data-start=\"947\" data-end=\"1012\">Fotos finais com combina\u00e7\u00f5es de azul-lim\u00e3o e coroas douradas brilhantes<\/p>\n<\/li>\n<\/ul>\n<p>&nbsp;<\/p>\n<h3 data-start=\"1393\" data-end=\"1416\"><strong data-start=\"1400\" data-end=\"1416\">Conselhos de seguran\u00e7a:<\/strong><\/h3>\n<ul data-start=\"1418\" data-end=\"1595\">\n<li data-start=\"1418\" data-end=\"1438\">\n<p data-start=\"1420\" data-end=\"1438\">Apenas para utiliza\u00e7\u00e3o no exterior<\/p>\n<\/li>\n<li data-start=\"1439\" data-end=\"1472\">\n<p data-start=\"1441\" data-end=\"1472\">Coloca-o numa superf\u00edcie est\u00e1vel e plana<\/p>\n<\/li>\n<li data-start=\"1473\" data-end=\"1517\">\n<p data-start=\"1475\" data-end=\"1517\">Mant\u00e9m uma dist\u00e2ncia m\u00ednima de 25 metros<\/p>\n<\/li>\n<li data-start=\"1518\" data-end=\"1554\">\n<p data-start=\"1520\" data-end=\"1554\">Utiliza apenas sob a supervis\u00e3o de um adulto<\/p>\n<\/li>\n<li data-start=\"1555\" data-end=\"1595\">\n<p data-start=\"1557\" data-end=\"1595\">Segue todas as leis e instru\u00e7\u00f5es locais<\/p>\n<\/li>\n<\/ul>\n<p>&nbsp;<\/p>\n<p>&nbsp;<\/p>\n","protected":false},"excerpt":{"rendered":"<h3 data-start=\"86\" data-end=\"148\"><strong data-start=\"93\" data-end=\"148\">Riakeo HF-24090Q &#8220;Lucky&#8221; &#8211; 21 disparos | Bateria de 30 mm<\/strong><\/h3>\n<p data-start=\"150\" data-end=\"443\"><strong data-start=\"150\" data-end=\"166\">C\u00f3digo do produto<\/strong>: HF-24090Q<br data-start=\"177\" data-end=\"180\"><strong data-start=\"180\" data-end=\"188\">Nome<\/strong>: Lucky<br data-start=\"195\" data-end=\"198\"><strong data-start=\"198\" data-end=\"207\">Marca<\/strong>: Riakeo<br data-start=\"215\" data-end=\"218\"><strong data-start=\"218\" data-end=\"227\">Chuta<\/strong>: 21<br data-start=\"231\" data-end=\"234\"><strong data-start=\"234\" data-end=\"245\">Calibre<\/strong>: 30 mm (1,2\u2033)<br data-start=\"259\" data-end=\"262\"><strong data-start=\"262\" data-end=\"274\">Categoria<\/strong>: CE F2 \/ ADR 1.3G<br data-start=\"292\" data-end=\"295\"><strong data-start=\"295\" data-end=\"326\">Conte\u00fado explosivo l\u00edquido (NEC)<\/strong>: ~411,5 g<br data-start=\"336\" data-end=\"339\"><strong data-start=\"339\" data-end=\"351\">Dura\u00e7\u00e3o<\/strong>: ~30 segundos<br data-start=\"364\" data-end=\"367\"><strong data-start=\"367\" data-end=\"384\">Altura de voo<\/strong>: 20-25 m<\/p>\n","protected":false},"featured_media":61068,"comment_status":"closed","ping_status":"closed","template":"","meta":{"_acf_changed":false},"product_brand":[],"product_cat":[477,495],"product_tag":[651],"class_list":{"0":"post-61064","1":"product","2":"type-product","3":"status-publish","4":"has-post-thumbnail","6":"product_cat-baterias","7":"product_cat-promocao","8":"product_tag-riakeo","9":"pa_brandx-riakeo","11":"first","12":"instock","13":"sale","14":"taxable","15":"shipping-taxable","16":"purchasable","17":"product-type-simple"},"acf":[],"_links":{"self":[{"href":"https:\/\/uf.estima.site\/pt-pt\/wp-json\/wp\/v2\/product\/61064","targetHints":{"allow":["GET"]}}],"collection":[{"href":"https:\/\/uf.estima.site\/pt-pt\/wp-json\/wp\/v2\/product"}],"about":[{"href":"https:\/\/uf.estima.site\/pt-pt\/wp-json\/wp\/v2\/types\/product"}],"replies":[{"embeddable":true,"href":"https:\/\/uf.estima.site\/pt-pt\/wp-json\/wp\/v2\/comments?post=61064"}],"wp:featuredmedia":[{"embeddable":true,"href":"https:\/\/uf.estima.site\/pt-pt\/wp-json\/wp\/v2\/media\/61068"}],"wp:attachment":[{"href":"https:\/\/uf.estima.site\/pt-pt\/wp-json\/wp\/v2\/media?parent=61064"}],"wp:term":[{"taxonomy":"product_brand","embeddable":true,"href":"https:\/\/uf.estima.site\/pt-pt\/wp-json\/wp\/v2\/product_brand?post=61064"},{"taxonomy":"product_cat","embeddable":true,"href":"https:\/\/uf.estima.site\/pt-pt\/wp-json\/wp\/v2\/product_cat?post=61064"},{"taxonomy":"product_tag","embeddable":true,"href":"https:\/\/uf.estima.site\/pt-pt\/wp-json\/wp\/v2\/product_tag?post=61064"}],"curies":[{"name":"wp","href":"https:\/\/api.w.org\/{rel}","templated":true}]}}