{"id":61085,"date":"2025-07-24T13:46:18","date_gmt":"2025-07-24T12:46:18","guid":{"rendered":"https:\/\/ultrasfactory.com\/product\/mina-red-stage-xt1053\/"},"modified":"2025-10-28T14:47:31","modified_gmt":"2025-10-28T13:47:31","slug":"mina-red-stage-xt1053","status":"publish","type":"product","link":"https:\/\/uf.estima.site\/pt-pt\/product\/mina-red-stage-xt1053\/","title":{"rendered":"Mina Red Stage XT1053"},"content":{"rendered":"<p><iframe loading=\"lazy\" title=\"Reprodutor de v\u00eddeo do YouTube\" src=\"https:\/\/www.youtube.com\/embed\/Mt3hpnyD0Vo?si=57L72kMuw2fR7D7l\" width=\"560\" height=\"315\" frameborder=\"0\" allowfullscreen=\"allowfullscreen\"><\/iframe><\/p>\n<ul>\n<li data-start=\"152\" data-end=\"208\">\n<p data-start=\"154\" data-end=\"208\"><strong data-start=\"154\" data-end=\"169\">Tipo de efeito<\/strong>: <span class=\"relative -mx-px my-[-0.2rem] rounded px-px py-[0.2rem] transition-colors duration-100 ease-in-out\">Mina de est\u00e1gio de disparo \u00fanico<\/span><\/p>\n<\/li>\n<li data-start=\"209\" data-end=\"225\">\n<p data-start=\"211\" data-end=\"225\"><strong data-start=\"211\" data-end=\"220\">Cor<\/strong>: vermelho<\/p>\n<\/li>\n<li data-start=\"226\" data-end=\"289\">\n<p data-start=\"228\" data-end=\"289\"><strong data-start=\"228\" data-end=\"248\">Altura do efeito<\/strong>: <span class=\"relative -mx-px my-[-0.2rem] rounded px-px py-[0.2rem] transition-colors duration-100 ease-in-out\">At\u00e9 15 metros<\/span><\/p>\n<\/li>\n<li data-start=\"290\" data-end=\"345\">\n<p data-start=\"292\" data-end=\"345\"><strong data-start=\"292\" data-end=\"304\">Categoria<\/strong>: <span class=\"relative -mx-px my-[-0.2rem] rounded px-px py-[0.2rem] transition-colors duration-100 ease-in-out\">CE T1<\/span><\/p>\n<\/li>\n<li data-start=\"346\" data-end=\"408\">\n<p data-start=\"348\" data-end=\"408\"><strong data-start=\"348\" data-end=\"367\">M\u00e9todo de igni\u00e7\u00e3o<\/strong>: <span class=\"relative -mx-px my-[-0.2rem] rounded px-px py-[0.2rem] transition-colors duration-100 ease-in-out\">Igni\u00e7\u00e3o el\u00e9ctrica (por exemplo, bateria de 9V ou sistema de igni\u00e7\u00e3o \u00e0 dist\u00e2ncia)<\/span><\/p>\n<\/li>\n<li data-start=\"409\" data-end=\"471\">\n<p data-start=\"411\" data-end=\"471\"><strong data-start=\"411\" data-end=\"430\">Dist\u00e2ncia de seguran\u00e7a<\/strong>: <span class=\"relative -mx-px my-[-0.2rem] rounded px-px py-[0.2rem] transition-colors duration-100 ease-in-out\">M\u00ednimo de 8 metros<\/span><\/p>\n<\/li>\n<li data-start=\"409\" data-end=\"471\">\n<p data-start=\"411\" data-end=\"471\"><strong data-start=\"474\" data-end=\"481\">Utiliza<\/strong>: <span class=\"relative -mx-px my-[-0.2rem] rounded px-px py-[0.2rem] transition-colors duration-100 ease-in-out\">Concebido para utiliza\u00e7\u00e3o no exterior em superf\u00edcies n\u00e3o inflam\u00e1veis<\/span><\/p>\n<\/li>\n<\/ul>\n","protected":false},"excerpt":{"rendered":"<p><span class=\"relative -mx-px my-[-0.2rem] rounded px-px py-[0.2rem] transition-colors duration-100 ease-in-out\">O <strong data-start=\"4\" data-end=\"25\">XT1053 Stage Mine<\/strong> \u00e9 um efeito pirot\u00e9cnico profissional concebido para criar um impacto visual dram\u00e1tico durante v\u00e1rios eventos, como casamentos, concertos, espect\u00e1culos teatrais e celebra\u00e7\u00f5es ao ar livre.<\/span> <span class=\"relative -mx-px my-[-0.2rem] rounded px-px py-[0.2rem] transition-colors duration-100 ease-in-out\">Fabricado pela Triplex, este dispositivo de disparo \u00fanico emite um efeito de fa\u00edsca vermelha vibrante que atinge at\u00e9 15 metros de altura<\/span><\/p>\n","protected":false},"featured_media":61086,"comment_status":"closed","ping_status":"closed","template":"","meta":{"_acf_changed":false},"product_brand":[],"product_cat":[476,475,495],"product_tag":[],"class_list":{"0":"post-61085","1":"product","2":"type-product","3":"status-publish","4":"has-post-thumbnail","6":"product_cat-eventos","7":"product_cat-fontes","8":"product_cat-promocao","10":"first","11":"instock","12":"sale","13":"taxable","14":"shipping-taxable","15":"purchasable","16":"product-type-simple"},"acf":[],"_links":{"self":[{"href":"https:\/\/uf.estima.site\/pt-pt\/wp-json\/wp\/v2\/product\/61085","targetHints":{"allow":["GET"]}}],"collection":[{"href":"https:\/\/uf.estima.site\/pt-pt\/wp-json\/wp\/v2\/product"}],"about":[{"href":"https:\/\/uf.estima.site\/pt-pt\/wp-json\/wp\/v2\/types\/product"}],"replies":[{"embeddable":true,"href":"https:\/\/uf.estima.site\/pt-pt\/wp-json\/wp\/v2\/comments?post=61085"}],"wp:featuredmedia":[{"embeddable":true,"href":"https:\/\/uf.estima.site\/pt-pt\/wp-json\/wp\/v2\/media\/61086"}],"wp:attachment":[{"href":"https:\/\/uf.estima.site\/pt-pt\/wp-json\/wp\/v2\/media?parent=61085"}],"wp:term":[{"taxonomy":"product_brand","embeddable":true,"href":"https:\/\/uf.estima.site\/pt-pt\/wp-json\/wp\/v2\/product_brand?post=61085"},{"taxonomy":"product_cat","embeddable":true,"href":"https:\/\/uf.estima.site\/pt-pt\/wp-json\/wp\/v2\/product_cat?post=61085"},{"taxonomy":"product_tag","embeddable":true,"href":"https:\/\/uf.estima.site\/pt-pt\/wp-json\/wp\/v2\/product_tag?post=61085"}],"curies":[{"name":"wp","href":"https:\/\/api.w.org\/{rel}","templated":true}]}}