{"id":61087,"date":"2025-09-05T10:48:04","date_gmt":"2025-09-05T09:48:04","guid":{"rendered":"https:\/\/ultrasfactory.com\/product\/opera-de-pequim-5-hf-88-2432s\/"},"modified":"2025-10-28T14:47:32","modified_gmt":"2025-10-28T13:47:32","slug":"opera-de-pequim-5-hf-88-2432s","status":"publish","type":"product","link":"https:\/\/uf.estima.site\/pt-pt\/product\/opera-de-pequim-5-hf-88-2432s\/","title":{"rendered":"\u00d3pera de Pequim 5 HF-88-2432S"},"content":{"rendered":"<p><iframe loading=\"lazy\" title=\"Reprodutor de v\u00eddeo do YouTube\" src=\"https:\/\/www.youtube.com\/embed\/YpxoLhsDNsU?si=lK-1LSYUndJkVvCr\" width=\"560\" height=\"315\" frameborder=\"0\" allowfullscreen=\"allowfullscreen\"><\/iframe><\/p>\n","protected":false},"excerpt":{"rendered":"<ul>\n<li data-start=\"1488\" data-end=\"1531\">\n<p data-start=\"1490\" data-end=\"1531\">88 tiros | calibre 30 mm | ~1.720 g NEC<\/p>\n<\/li>\n<li data-start=\"1532\" data-end=\"1554\">\n<p data-start=\"1534\" data-end=\"1554\">Dura\u00e7\u00e3o: ~35-50 s<\/p>\n<\/li>\n<li data-start=\"1555\" data-end=\"1629\">\n<p data-start=\"1557\" data-end=\"1629\">Efeitos: Fontes ascendentes de cor n\u00e9on \u2192 ramos de salgueiro em ouro tit\u00e2nio<\/p>\n<\/li>\n<li data-start=\"1630\" data-end=\"1667\">\n<p data-start=\"1632\" data-end=\"1667\">Disposi\u00e7\u00e3o: Queima em linha reta (em forma de I)<\/p>\n<\/li>\n<li data-start=\"1668\" data-end=\"1716\">\n<p data-start=\"1670\" data-end=\"1716\">Classifica\u00e7\u00e3o: CE F2, ~90 dB de som<\/p>\n<\/li>\n<li data-start=\"1717\" data-end=\"1839\">\n<p data-start=\"1719\" data-end=\"1839\">Ideal para: Entradas brilhantes e de alto n\u00edvel ou cl\u00edmax a meio do espet\u00e1culo que misturam cores vibrantes com eleg\u00e2ncia pirot\u00e9cnica cl\u00e1ssica.<\/p>\n<\/li>\n<li data-start=\"1717\" data-end=\"1839\">Revela o drama com a <strong data-start=\"1904\" data-end=\"1922\">Peking Opera 5 &#8211; uma<\/strong>obra-prima de 88 disparos que acende chamas de n\u00e9on para o c\u00e9u antes de explodir em cascatas de flores de salgueiro em ouro tit\u00e2nio. Com uma dura\u00e7\u00e3o de at\u00e9 50 segundos, este composto potente tem quase 1,72 kg de eleg\u00e2ncia explosiva, perfeito para destaques ousados a meio do espet\u00e1culo ou aberturas cintilantes que exigem aten\u00e7\u00e3o. <\/li>\n<\/ul>\n","protected":false},"featured_media":60957,"comment_status":"closed","ping_status":"closed","template":"","meta":{"_acf_changed":false},"product_brand":[],"product_cat":[477,495],"product_tag":[],"class_list":{"0":"post-61087","1":"product","2":"type-product","3":"status-publish","4":"has-post-thumbnail","6":"product_cat-baterias","7":"product_cat-promocao","8":"pa_brandx-riakeo","10":"first","11":"instock","12":"sale","13":"taxable","14":"shipping-taxable","15":"purchasable","16":"product-type-simple"},"acf":[],"_links":{"self":[{"href":"https:\/\/uf.estima.site\/pt-pt\/wp-json\/wp\/v2\/product\/61087","targetHints":{"allow":["GET"]}}],"collection":[{"href":"https:\/\/uf.estima.site\/pt-pt\/wp-json\/wp\/v2\/product"}],"about":[{"href":"https:\/\/uf.estima.site\/pt-pt\/wp-json\/wp\/v2\/types\/product"}],"replies":[{"embeddable":true,"href":"https:\/\/uf.estima.site\/pt-pt\/wp-json\/wp\/v2\/comments?post=61087"}],"wp:featuredmedia":[{"embeddable":true,"href":"https:\/\/uf.estima.site\/pt-pt\/wp-json\/wp\/v2\/media\/60957"}],"wp:attachment":[{"href":"https:\/\/uf.estima.site\/pt-pt\/wp-json\/wp\/v2\/media?parent=61087"}],"wp:term":[{"taxonomy":"product_brand","embeddable":true,"href":"https:\/\/uf.estima.site\/pt-pt\/wp-json\/wp\/v2\/product_brand?post=61087"},{"taxonomy":"product_cat","embeddable":true,"href":"https:\/\/uf.estima.site\/pt-pt\/wp-json\/wp\/v2\/product_cat?post=61087"},{"taxonomy":"product_tag","embeddable":true,"href":"https:\/\/uf.estima.site\/pt-pt\/wp-json\/wp\/v2\/product_tag?post=61087"}],"curies":[{"name":"wp","href":"https:\/\/api.w.org\/{rel}","templated":true}]}}