{"id":61122,"date":"2025-07-24T12:53:21","date_gmt":"2025-07-24T11:53:21","guid":{"rendered":"https:\/\/ultrasfactory.com\/product\/la-belle-hf-108-2315\/"},"modified":"2025-11-15T19:25:09","modified_gmt":"2025-11-15T18:25:09","slug":"la-belle-hf-108-2315","status":"publish","type":"product","link":"https:\/\/uf.estima.site\/pt-pt\/product\/la-belle-hf-108-2315\/","title":{"rendered":"La Belle HF-108-2315"},"content":{"rendered":"<p><iframe loading=\"lazy\" title=\"Reprodutor de v\u00eddeo do YouTube\" src=\"https:\/\/www.youtube.com\/embed\/_NbGrzDnX1c?si=ALydPZ2Tzfo1CkkK\" width=\"560\" height=\"315\" frameborder=\"0\" allowfullscreen=\"allowfullscreen\"><\/iframe><\/p>\n<p data-start=\"408\" data-end=\"743\">O <strong data-start=\"431\" data-end=\"457\">HF-108-2315 &#8220;La Belle&#8221;<\/strong> \u00e9 um fogo de artif\u00edcio composto de 108 disparos de qualidade superior, concebido para quem procura um espet\u00e1culo de cortar a respira\u00e7\u00e3o com uma \u00fanica igni\u00e7\u00e3o. Combinando efeitos de n\u00edvel profissional com um ritmo arrojado, <em data-start=\"631\" data-end=\"641\">o La Belle<\/em> oferece um desempenho poderoso e rico em cores, embalado em aproximadamente 45 segundos de espet\u00e1culo a\u00e9reo. <\/p>\n<p data-start=\"745\" data-end=\"1106\">A sequ\u00eancia de disparos mistura <strong data-start=\"772\" data-end=\"801\">planos rectos e angulares<\/strong>, apresentando uma gama din\u00e2mica de efeitos: <strong data-start=\"851\" data-end=\"862\">estrobosc\u00f3pios<\/strong> brilhantes, <strong data-start=\"864\" data-end=\"881\">brocados dourados<\/strong>, <strong data-start=\"883\" data-end=\"899\">pe\u00f3nias azuis<\/strong>, <strong data-start=\"901\" data-end=\"918\">efeitos de coroa<\/strong> e um <strong data-start=\"940\" data-end=\"960\">final de chuva de tempo de<\/strong> cortar a respira\u00e7\u00e3o. As r\u00e1pidas barragens e a simetria art\u00edstica tornam este bolo ideal para um grand finale ou uma pe\u00e7a central para exibi\u00e7\u00f5es semi-profissionais e de alta qualidade. <\/p>\n<p data-start=\"1108\" data-end=\"1125\"><strong data-start=\"1108\" data-end=\"1124\">Carater\u00edsticas principais<\/strong>:<\/p>\n<ul data-start=\"1126\" data-end=\"1399\">\n<li data-start=\"1126\" data-end=\"1187\">\n<p data-start=\"1128\" data-end=\"1187\">108 fotografias variadas com um ritmo elevado e um forte ritmo visual<\/p>\n<\/li>\n<li data-start=\"1188\" data-end=\"1236\">\n<p data-start=\"1190\" data-end=\"1236\">Transi\u00e7\u00f5es e efeitos de qualidade profissional<\/p>\n<\/li>\n<li data-start=\"1237\" data-end=\"1290\">\n<p data-start=\"1239\" data-end=\"1290\">Mistura de disparos rectos e angulares para uma maior profundidade<\/p>\n<\/li>\n<li data-start=\"1291\" data-end=\"1354\">\n<p data-start=\"1293\" data-end=\"1354\">Final com minas de ouro, pontas azuis e explos\u00f5es de cris\u00e2ntemos<\/p>\n<\/li>\n<li data-start=\"1355\" data-end=\"1399\">\n<p data-start=\"1357\" data-end=\"1399\">Alto conte\u00fado NEC para efeitos vibrantes e altos<\/p>\n<\/li>\n<\/ul>\n<p data-start=\"1401\" data-end=\"1534\"><strong data-start=\"1401\" data-end=\"1413\">Caso de utiliza\u00e7\u00e3o<\/strong>:<br data-start=\"1414\" data-end=\"1417\">Perfeito para casamentos, v\u00e9speras de Ano Novo, eventos p\u00fablicos ou piromusicais no quintal, onde o desempenho superior \u00e9 essencial.<\/p>\n<p data-start=\"1536\" data-end=\"1558\"><strong data-start=\"1536\" data-end=\"1557\">Orienta\u00e7\u00f5es de seguran\u00e7a<\/strong>:<\/p>\n<ul data-start=\"1559\" data-end=\"1719\">\n<li data-start=\"1559\" data-end=\"1579\">\n<p data-start=\"1561\" data-end=\"1579\">Apenas para utiliza\u00e7\u00e3o no exterior<\/p>\n<\/li>\n<li data-start=\"1580\" data-end=\"1623\">\n<p data-start=\"1582\" data-end=\"1623\">Fixa-o numa superf\u00edcie plana e n\u00e3o inflam\u00e1vel<\/p>\n<\/li>\n<li data-start=\"1624\" data-end=\"1665\">\n<p data-start=\"1626\" data-end=\"1665\">Dist\u00e2ncia m\u00ednima de seguran\u00e7a: 25-30 metros<\/p>\n<\/li>\n<li data-start=\"1666\" data-end=\"1719\">\n<p data-start=\"1668\" data-end=\"1719\">Segue as leis locais sobre fogo de artif\u00edcio e as normas de seguran\u00e7a da CE<\/p>\n<\/li>\n<\/ul>\n","protected":false},"excerpt":{"rendered":"<h3 data-start=\"98\" data-end=\"160\">HF-108-2315 &#8220;La Belle&#8221; &#8211; Bolo composto de 108 disparos de 25\/30 mm<\/h3>\n<p data-start=\"162\" data-end=\"406\"><strong data-start=\"162\" data-end=\"178\">C\u00f3digo do produto<\/strong>: HF-108-2315<br data-start=\"191\" data-end=\"194\"><strong data-start=\"194\" data-end=\"202\">Nome<\/strong>: <em data-start=\"204\" data-end=\"214\">La Belle<\/em><br data-start=\"214\" data-end=\"217\"><strong data-start=\"217\" data-end=\"233\">Fabricante<\/strong>: Riakeo<br data-start=\"241\" data-end=\"244\"><strong data-start=\"244\" data-end=\"253\">Dispara<\/strong>: 108<br data-start=\"258\" data-end=\"261\"><strong data-start=\"261\" data-end=\"272\">Calibre<\/strong>: 25 mm \/ 30 mm<br data-start=\"287\" data-end=\"290\"><strong data-start=\"290\" data-end=\"321\">NEC (conte\u00fado explosivo l\u00edquido)<\/strong>: aprox. 1875 g <br data-start=\"337\" data-end=\"340\"><strong data-start=\"340\" data-end=\"352\">Categoria<\/strong>: CE F2 (ADR classe 1.3G)<br data-start=\"376\" data-end=\"379\"><strong data-start=\"379\" data-end=\"391\">Dura\u00e7\u00e3o<\/strong>: ~45 segundos<\/p>\n","protected":false},"featured_media":61124,"comment_status":"closed","ping_status":"closed","template":"","meta":{"_acf_changed":false},"product_brand":[],"product_cat":[477,495],"product_tag":[651],"class_list":{"0":"post-61122","1":"product","2":"type-product","3":"status-publish","4":"has-post-thumbnail","6":"product_cat-baterias","7":"product_cat-promocao","8":"product_tag-riakeo","9":"pa_brandx-riakeo","11":"first","12":"instock","13":"sale","14":"taxable","15":"shipping-taxable","16":"purchasable","17":"product-type-simple"},"acf":[],"_links":{"self":[{"href":"https:\/\/uf.estima.site\/pt-pt\/wp-json\/wp\/v2\/product\/61122","targetHints":{"allow":["GET"]}}],"collection":[{"href":"https:\/\/uf.estima.site\/pt-pt\/wp-json\/wp\/v2\/product"}],"about":[{"href":"https:\/\/uf.estima.site\/pt-pt\/wp-json\/wp\/v2\/types\/product"}],"replies":[{"embeddable":true,"href":"https:\/\/uf.estima.site\/pt-pt\/wp-json\/wp\/v2\/comments?post=61122"}],"wp:featuredmedia":[{"embeddable":true,"href":"https:\/\/uf.estima.site\/pt-pt\/wp-json\/wp\/v2\/media\/61124"}],"wp:attachment":[{"href":"https:\/\/uf.estima.site\/pt-pt\/wp-json\/wp\/v2\/media?parent=61122"}],"wp:term":[{"taxonomy":"product_brand","embeddable":true,"href":"https:\/\/uf.estima.site\/pt-pt\/wp-json\/wp\/v2\/product_brand?post=61122"},{"taxonomy":"product_cat","embeddable":true,"href":"https:\/\/uf.estima.site\/pt-pt\/wp-json\/wp\/v2\/product_cat?post=61122"},{"taxonomy":"product_tag","embeddable":true,"href":"https:\/\/uf.estima.site\/pt-pt\/wp-json\/wp\/v2\/product_tag?post=61122"}],"curies":[{"name":"wp","href":"https:\/\/api.w.org\/{rel}","templated":true}]}}