{"id":61125,"date":"2025-07-24T13:10:11","date_gmt":"2025-07-24T12:10:11","guid":{"rendered":"https:\/\/ultrasfactory.com\/product\/aurora-hf24716q\/"},"modified":"2025-10-28T14:47:50","modified_gmt":"2025-10-28T13:47:50","slug":"aurora-hf24716q","status":"publish","type":"product","link":"https:\/\/uf.estima.site\/pt-pt\/product\/aurora-hf24716q\/","title":{"rendered":"Aurora HF24716Q"},"content":{"rendered":"<p><iframe loading=\"lazy\" title=\"Reprodutor de v\u00eddeo do YouTube\" src=\"https:\/\/www.youtube.com\/embed\/LaUDyqpLLaw?si=31eK4Ai2iNoH-xkh\" width=\"560\" height=\"315\" frameborder=\"0\" allowfullscreen=\"allowfullscreen\"><\/iframe><\/p>\n<p data-start=\"427\" data-end=\"521\"><span class=\"relative -mx-px my-[-0.2rem] rounded px-px py-[0.2rem] transition-colors duration-100 ease-in-out\">A <em data-start=\"4\" data-end=\"12\">Aurora<\/em> oferece um espet\u00e1culo de fogo de artif\u00edcio de qualidade superior numa bateria compacta de 16 disparos. Lan\u00e7a uma graciosa <g id=\"gid_1\">onda de flores douradas<\/g>, com transi\u00e7\u00e3o para <g id=\"gid_2\">reflexos cor-de-rosa<\/g>, seguida de uma sequ\u00eancia de <g id=\"gid_3\">d\u00e1lias verdes<\/g>, <g id=\"gid_4\">explos\u00f5es de ameixa vermelha<\/g> e <g id=\"gid_5\">d\u00e1lias lim\u00e3o, azuis e prateadas<\/g> delicadamente acentuadas. Os tubos de disparo direto criam um efeito visual em camadas que aumenta a cor e a intensidade  <\/span><\/p>\n<p data-start=\"523\" data-end=\"540\"><strong data-start=\"523\" data-end=\"539\">Carater\u00edsticas principais<\/strong>:<\/p>\n<ul data-start=\"541\" data-end=\"841\">\n<li data-start=\"541\" data-end=\"616\">\n<p data-start=\"543\" data-end=\"616\"><strong data-start=\"543\" data-end=\"568\">Design visual de alta qualidade<\/strong> &#8211; ondas douradas e explos\u00f5es multicoloridas vibrantes<\/p>\n<\/li>\n<li data-start=\"617\" data-end=\"683\">\n<p data-start=\"619\" data-end=\"683\"><strong data-start=\"619\" data-end=\"646\">Forte poder explosivo<\/strong> &#8211; classifica\u00e7\u00e3o F3 com 640 g NEC<\/p>\n<\/li>\n<li data-start=\"684\" data-end=\"761\">\n<p data-start=\"686\" data-end=\"761\"><strong data-start=\"686\" data-end=\"718\">Adequado para zonas de seguran\u00e7a F3<\/strong> &#8211; obedece a uma dist\u00e2ncia m\u00ednima de seguran\u00e7a (\u226525 m)<\/p>\n<\/li>\n<li data-start=\"762\" data-end=\"841\">\n<p data-start=\"764\" data-end=\"841\"><strong data-start=\"764\" data-end=\"785\">Desempenho s\u00f3lido<\/strong> &#8211; ~35 segundos de tempo de exibi\u00e7\u00e3o, atingindo at\u00e9 40 m de altitude<\/p>\n<\/li>\n<\/ul>\n<p data-start=\"843\" data-end=\"863\"><strong data-start=\"843\" data-end=\"862\">Casos de utiliza\u00e7\u00e3o ideais<\/strong>:<\/p>\n<ul data-start=\"864\" data-end=\"1001\">\n<li data-start=\"864\" data-end=\"931\">\n<p data-start=\"866\" data-end=\"931\">Celebra\u00e7\u00f5es no quintal onde s\u00e3o permitidos fogos de artif\u00edcio de maior impacto<\/p>\n<\/li>\n<li data-start=\"932\" data-end=\"1001\">\n<p data-start=\"934\" data-end=\"1001\">Ecr\u00e3s semi-profissionais que requerem uma bateria compacta mas potente<\/p>\n<\/li>\n<\/ul>\n<p data-start=\"1003\" data-end=\"1027\"><strong data-start=\"1003\" data-end=\"1026\">Instru\u00e7\u00f5es de seguran\u00e7a<\/strong>:<\/p>\n<ul data-start=\"1028\" data-end=\"1193\">\n<li data-start=\"1028\" data-end=\"1048\">\n<p data-start=\"1030\" data-end=\"1048\">Apenas para utiliza\u00e7\u00e3o no exterior<\/p>\n<\/li>\n<li data-start=\"1049\" data-end=\"1082\">\n<p data-start=\"1051\" data-end=\"1082\">Coloca-o sobre uma superf\u00edcie est\u00e1vel e plana<\/p>\n<\/li>\n<li data-start=\"1083\" data-end=\"1132\">\n<p data-start=\"1085\" data-end=\"1132\">Mant\u00e9m a dist\u00e2ncia de seguran\u00e7a em conformidade com a norma F3 (\u226525 m)<\/p>\n<\/li>\n<li data-start=\"1133\" data-end=\"1193\">\n<p data-start=\"1135\" data-end=\"1193\">Segue os regulamentos locais relativos a fogos de artif\u00edcio e as normas de seguran\u00e7a da CE<\/p>\n<\/li>\n<\/ul>\n","protected":false},"excerpt":{"rendered":"<h3 data-start=\"86\" data-end=\"144\">HF24716Q &#8220;Aurora&#8221; &#8211; Bateria F3 de 36 mm com 16 disparos<\/h3>\n<p data-start=\"146\" data-end=\"425\"><strong data-start=\"146\" data-end=\"155\">Modelo<\/strong>: HF24716Q (&#8220;Aurora&#8221;)<br data-start=\"176\" data-end=\"179\"><strong data-start=\"179\" data-end=\"195\">Fabricante<\/strong>: Riakeo<br data-start=\"203\" data-end=\"206\"><strong data-start=\"206\" data-end=\"215\">Dispara<\/strong>: 16<br data-start=\"219\" data-end=\"222\"><strong data-start=\"222\" data-end=\"233\">Calibre<\/strong>: 36 mm (1,4\u2033)<br data-start=\"247\" data-end=\"250\"><strong data-start=\"250\" data-end=\"259\">Classe<\/strong>: CE F3 (ADR 1.3G)<br data-start=\"277\" data-end=\"280\"><strong data-start=\"280\" data-end=\"311\">Conte\u00fado explosivo l\u00edquido (NEC)<\/strong>: aprox. 640 g <br data-start=\"326\" data-end=\"329\"><strong data-start=\"329\" data-end=\"341\">Dura\u00e7\u00e3o<\/strong>: 30-35 segundos<br data-start=\"356\" data-end=\"359\"><strong data-start=\"359\" data-end=\"376\">Altura de voo<\/strong>: 30-40 m<\/p>\n","protected":false},"featured_media":61126,"comment_status":"closed","ping_status":"closed","template":"","meta":{"_acf_changed":false},"product_brand":[],"product_cat":[477,495],"product_tag":[651],"class_list":{"0":"post-61125","1":"product","2":"type-product","3":"status-publish","4":"has-post-thumbnail","6":"product_cat-baterias","7":"product_cat-promocao","8":"product_tag-riakeo","9":"pa_brandx-riakeo","11":"first","12":"instock","13":"sale","14":"taxable","15":"shipping-taxable","16":"purchasable","17":"product-type-simple"},"acf":[],"_links":{"self":[{"href":"https:\/\/uf.estima.site\/pt-pt\/wp-json\/wp\/v2\/product\/61125","targetHints":{"allow":["GET"]}}],"collection":[{"href":"https:\/\/uf.estima.site\/pt-pt\/wp-json\/wp\/v2\/product"}],"about":[{"href":"https:\/\/uf.estima.site\/pt-pt\/wp-json\/wp\/v2\/types\/product"}],"replies":[{"embeddable":true,"href":"https:\/\/uf.estima.site\/pt-pt\/wp-json\/wp\/v2\/comments?post=61125"}],"wp:featuredmedia":[{"embeddable":true,"href":"https:\/\/uf.estima.site\/pt-pt\/wp-json\/wp\/v2\/media\/61126"}],"wp:attachment":[{"href":"https:\/\/uf.estima.site\/pt-pt\/wp-json\/wp\/v2\/media?parent=61125"}],"wp:term":[{"taxonomy":"product_brand","embeddable":true,"href":"https:\/\/uf.estima.site\/pt-pt\/wp-json\/wp\/v2\/product_brand?post=61125"},{"taxonomy":"product_cat","embeddable":true,"href":"https:\/\/uf.estima.site\/pt-pt\/wp-json\/wp\/v2\/product_cat?post=61125"},{"taxonomy":"product_tag","embeddable":true,"href":"https:\/\/uf.estima.site\/pt-pt\/wp-json\/wp\/v2\/product_tag?post=61125"}],"curies":[{"name":"wp","href":"https:\/\/api.w.org\/{rel}","templated":true}]}}