{"id":61386,"date":"2024-01-11T10:35:48","date_gmt":"2024-01-11T10:35:48","guid":{"rendered":"https:\/\/ultrasfactory.com\/product\/scala-raketen-fr30-sc\/"},"modified":"2025-10-28T14:54:39","modified_gmt":"2025-10-28T13:54:39","slug":"scala-raketen-fr30-sc","status":"publish","type":"product","link":"https:\/\/uf.estima.site\/pt-pt\/product\/scala-raketen-fr30-sc\/","title":{"rendered":"Scala Raketen FR30-SC"},"content":{"rendered":"<p><iframe loading=\"lazy\" title=\"Reprodutor de v\u00eddeo do YouTube\" src=\"https:\/\/www.youtube.com\/embed\/pq2fdW5Z5sc?si=59m99c4q_WwaMKGS\" width=\"560\" height=\"315\" frameborder=\"0\" allowfullscreen=\"allowfullscreen\"><\/iframe><\/p>\n","protected":false},"excerpt":{"rendered":"<ul>\n<li><strong>12 foguetes<\/strong><\/li>\n<li><strong>F2<\/strong><\/li>\n<li><strong>NEC: 32g  <\/strong><\/li>\n<li><strong>1.) Scala-Rakete Crackerweide: Cauda crepitante de timerain de prata para salgueiro crepitante com explos\u00e3o de tit\u00e2nio;  <\/strong><\/li>\n<li><strong>2.) Scala-Rakete Crackling: Cauda crepitante de timerain prateado para pe\u00f3nia crepitante com explos\u00e3o de tit\u00e2nio;<\/strong><\/li>\n<li><strong>  3.) Scala-Rakete Rot: Cauda prateada para D\u00e1lia vermelho sangue de galinha com explos\u00e3o de tit\u00e2nio;  <\/strong><\/li>\n<li><strong>4.) Scala-Rakete Blau: Cauda prateada para Blue Dahlia com explos\u00e3o de tit\u00e2nio<\/strong><\/li>\n<li><strong>Funke<\/strong><\/li>\n<\/ul>\n","protected":false},"featured_media":61388,"comment_status":"open","ping_status":"closed","template":"","meta":{"_acf_changed":false},"product_brand":[],"product_cat":[493],"product_tag":[581,588,601,652,653,611,621,553,648,658],"class_list":{"0":"post-61386","1":"product","2":"type-product","3":"status-publish","4":"has-post-thumbnail","6":"product_cat-foguetes","7":"product_tag-crepitante","8":"product_tag-exclusivo","9":"product_tag-fogos-de-artificio-2","10":"product_tag-foguete","11":"product_tag-foguetes","12":"product_tag-funk","13":"product_tag-linha-iskra","14":"product_tag-prata","15":"product_tag-pyro","16":"product_tag-saudacao","18":"first","19":"instock","20":"taxable","21":"shipping-taxable","22":"purchasable","23":"product-type-simple"},"acf":[],"_links":{"self":[{"href":"https:\/\/uf.estima.site\/pt-pt\/wp-json\/wp\/v2\/product\/61386","targetHints":{"allow":["GET"]}}],"collection":[{"href":"https:\/\/uf.estima.site\/pt-pt\/wp-json\/wp\/v2\/product"}],"about":[{"href":"https:\/\/uf.estima.site\/pt-pt\/wp-json\/wp\/v2\/types\/product"}],"replies":[{"embeddable":true,"href":"https:\/\/uf.estima.site\/pt-pt\/wp-json\/wp\/v2\/comments?post=61386"}],"wp:featuredmedia":[{"embeddable":true,"href":"https:\/\/uf.estima.site\/pt-pt\/wp-json\/wp\/v2\/media\/61388"}],"wp:attachment":[{"href":"https:\/\/uf.estima.site\/pt-pt\/wp-json\/wp\/v2\/media?parent=61386"}],"wp:term":[{"taxonomy":"product_brand","embeddable":true,"href":"https:\/\/uf.estima.site\/pt-pt\/wp-json\/wp\/v2\/product_brand?post=61386"},{"taxonomy":"product_cat","embeddable":true,"href":"https:\/\/uf.estima.site\/pt-pt\/wp-json\/wp\/v2\/product_cat?post=61386"},{"taxonomy":"product_tag","embeddable":true,"href":"https:\/\/uf.estima.site\/pt-pt\/wp-json\/wp\/v2\/product_tag?post=61386"}],"curies":[{"name":"wp","href":"https:\/\/api.w.org\/{rel}","templated":true}]}}