{"id":61662,"date":"2025-09-03T15:44:14","date_gmt":"2025-09-03T14:44:14","guid":{"rendered":"https:\/\/ultrasfactory.com\/product\/metralhadora-150-tiros-zbc163\/"},"modified":"2025-11-07T01:38:45","modified_gmt":"2025-11-07T00:38:45","slug":"metralhadora-150-tiros-zbc163","status":"publish","type":"product","link":"https:\/\/uf.estima.site\/pt-pt\/product\/metralhadora-150-tiros-zbc163\/","title":{"rendered":"Metralhadora 150 tiros ZBC163"},"content":{"rendered":"<p><iframe loading=\"lazy\" title=\"Reprodutor de v\u00eddeo do YouTube\" src=\"https:\/\/www.youtube.com\/embed\/0H3hn_HHYBM?si=6dBpY90iMYOpJYVl\" width=\"560\" height=\"315\" frameborder=\"0\" allowfullscreen=\"allowfullscreen\"><\/iframe><\/p>\n","protected":false},"excerpt":{"rendered":"<table>\n<thead>\n<tr>\n<th>Carater\u00edstica<\/th>\n<th>Especifica\u00e7\u00e3o<\/th>\n<\/tr>\n<\/thead>\n<tbody>\n<tr>\n<td><strong>Efeito<\/strong><\/td>\n<td>Sequ\u00eancia de velas romanas de disparo r\u00e1pido que proporciona um espet\u00e1culo de &#8220;metralhadora&#8221; &#8211; explos\u00f5es r\u00e1pidas e r\u00edtmicas.<\/td>\n<\/tr>\n<tr>\n<td><strong>Disparos<\/strong><\/td>\n<td><strong>150 disparos consecutivos<\/strong>.<\/td>\n<\/tr>\n<tr>\n<td><strong>Categoria e certifica\u00e7\u00e3o<\/strong><\/td>\n<td>Certifica\u00e7\u00e3o CE, <strong>Categoria F2 &#8211; para<\/strong>utiliza\u00e7\u00e3o recreativa por adultos.<a title=\"Metralhadora 150s ZBC163\" href=\"https:\/\/ultrasstore.com\/de\/ultras-store\/2662-machine-gun-150s-zbc163.html?utm_source=chatgpt.com\">(Ultrasstore<\/a>)<\/td>\n<\/tr>\n<tr>\n<td><strong>Nota de seguran\u00e7a<\/strong><\/td>\n<td><strong>Apenas<\/strong> para <strong>adultos<\/strong>, utiliza de acordo com os protocolos de seguran\u00e7a padr\u00e3o F2.<\/td>\n<\/tr>\n<tr>\n<td><\/td>\n<td><\/td>\n<\/tr>\n<\/tbody>\n<\/table>\n","protected":false},"featured_media":60954,"comment_status":"closed","ping_status":"closed","template":"","meta":{"_acf_changed":false},"product_brand":[],"product_cat":[495,496],"product_tag":[],"class_list":{"0":"post-61662","1":"product","2":"type-product","3":"status-publish","4":"has-post-thumbnail","6":"product_cat-promocao","7":"product_cat-tiros-unicos","8":"pa_brandx-zom-bum","10":"first","11":"instock","12":"sale","13":"taxable","14":"shipping-taxable","15":"purchasable","16":"product-type-simple"},"acf":[],"_links":{"self":[{"href":"https:\/\/uf.estima.site\/pt-pt\/wp-json\/wp\/v2\/product\/61662","targetHints":{"allow":["GET"]}}],"collection":[{"href":"https:\/\/uf.estima.site\/pt-pt\/wp-json\/wp\/v2\/product"}],"about":[{"href":"https:\/\/uf.estima.site\/pt-pt\/wp-json\/wp\/v2\/types\/product"}],"replies":[{"embeddable":true,"href":"https:\/\/uf.estima.site\/pt-pt\/wp-json\/wp\/v2\/comments?post=61662"}],"wp:featuredmedia":[{"embeddable":true,"href":"https:\/\/uf.estima.site\/pt-pt\/wp-json\/wp\/v2\/media\/60954"}],"wp:attachment":[{"href":"https:\/\/uf.estima.site\/pt-pt\/wp-json\/wp\/v2\/media?parent=61662"}],"wp:term":[{"taxonomy":"product_brand","embeddable":true,"href":"https:\/\/uf.estima.site\/pt-pt\/wp-json\/wp\/v2\/product_brand?post=61662"},{"taxonomy":"product_cat","embeddable":true,"href":"https:\/\/uf.estima.site\/pt-pt\/wp-json\/wp\/v2\/product_cat?post=61662"},{"taxonomy":"product_tag","embeddable":true,"href":"https:\/\/uf.estima.site\/pt-pt\/wp-json\/wp\/v2\/product_tag?post=61662"}],"curies":[{"name":"wp","href":"https:\/\/api.w.org\/{rel}","templated":true}]}}