{"id":61664,"date":"2025-04-11T11:25:29","date_gmt":"2025-04-11T10:25:29","guid":{"rendered":"https:\/\/ultrasfactory.com\/product\/air-smoke-sm30-ignicao-eletronica\/"},"modified":"2025-10-28T14:57:50","modified_gmt":"2025-10-28T13:57:50","slug":"air-smoke-sm30-ignicao-eletronica","status":"publish","type":"product","link":"https:\/\/uf.estima.site\/pt-pt\/product\/air-smoke-sm30-ignicao-eletronica\/","title":{"rendered":"Air Smoke SM30 (Igni\u00e7\u00e3o eletr\u00f3nica)"},"content":{"rendered":"<p><iframe loading=\"lazy\" title=\"Air Smoke (Electronic Igniter) = NO MORE FUSE | ULTRASFACTORY.COM\" width=\"563\" height=\"1000\" src=\"https:\/\/www.youtube.com\/embed\/I17foAWGTw4?feature=oembed\" frameborder=\"0\" allow=\"accelerometer; autoplay; clipboard-write; encrypted-media; gyroscope; picture-in-picture; web-share\" referrerpolicy=\"strict-origin-when-cross-origin\" allowfullscreen><\/iframe><\/p>\n<p><iframe loading=\"lazy\" title=\"Reprodutor de v\u00eddeo do YouTube\" src=\"https:\/\/www.youtube.com\/embed\/xXfSMaoqFhQ?si=OAVUIaTW5A7IKu6T\" width=\"560\" height=\"315\" frameborder=\"0\" allowfullscreen=\"allowfullscreen\"><\/iframe><\/p>\n","protected":false},"excerpt":{"rendered":"<ul>\n<li><strong>IGNI\u00c7\u00c3O ELECTR\u00d3NICA  <\/strong><\/li>\n<li><strong>Fumo para todas as ocasi\u00f5es<\/strong><\/li>\n<li><strong>Alvo no c\u00e9u<\/strong><\/li>\n<li><strong>O mais vendido para eventos!<\/strong><\/li>\n<\/ul>\n","protected":false},"featured_media":60871,"comment_status":"closed","ping_status":"closed","template":"","meta":{"_acf_changed":false},"product_brand":[],"product_cat":[476,497,495],"product_tag":[],"class_list":{"0":"post-61664","1":"product","2":"type-product","3":"status-publish","4":"has-post-thumbnail","6":"product_cat-eventos","7":"product_cat-bomba-de-fumo","8":"product_cat-promocao","10":"first","11":"instock","12":"sale","13":"taxable","14":"shipping-taxable","15":"purchasable","16":"product-type-variable"},"acf":[],"_links":{"self":[{"href":"https:\/\/uf.estima.site\/pt-pt\/wp-json\/wp\/v2\/product\/61664","targetHints":{"allow":["GET"]}}],"collection":[{"href":"https:\/\/uf.estima.site\/pt-pt\/wp-json\/wp\/v2\/product"}],"about":[{"href":"https:\/\/uf.estima.site\/pt-pt\/wp-json\/wp\/v2\/types\/product"}],"replies":[{"embeddable":true,"href":"https:\/\/uf.estima.site\/pt-pt\/wp-json\/wp\/v2\/comments?post=61664"}],"wp:featuredmedia":[{"embeddable":true,"href":"https:\/\/uf.estima.site\/pt-pt\/wp-json\/wp\/v2\/media\/60871"}],"wp:attachment":[{"href":"https:\/\/uf.estima.site\/pt-pt\/wp-json\/wp\/v2\/media?parent=61664"}],"wp:term":[{"taxonomy":"product_brand","embeddable":true,"href":"https:\/\/uf.estima.site\/pt-pt\/wp-json\/wp\/v2\/product_brand?post=61664"},{"taxonomy":"product_cat","embeddable":true,"href":"https:\/\/uf.estima.site\/pt-pt\/wp-json\/wp\/v2\/product_cat?post=61664"},{"taxonomy":"product_tag","embeddable":true,"href":"https:\/\/uf.estima.site\/pt-pt\/wp-json\/wp\/v2\/product_tag?post=61664"}],"curies":[{"name":"wp","href":"https:\/\/api.w.org\/{rel}","templated":true}]}}