{"id":61819,"date":"2024-01-11T10:34:46","date_gmt":"2024-01-11T10:34:46","guid":{"rendered":"https:\/\/ultrasfactory.com\/product\/startowac-sfc26\/"},"modified":"2025-10-28T14:59:20","modified_gmt":"2025-10-28T13:59:20","slug":"startowac-sfc26","status":"publish","type":"product","link":"https:\/\/uf.estima.site\/pt-pt\/product\/startowac-sfc26\/","title":{"rendered":"Startowac SFC26"},"content":{"rendered":"<p><iframe loading=\"lazy\" title=\"Reprodutor de v\u00eddeo do YouTube\" src=\"https:\/\/www.youtube.com\/embed\/qlF9_I98T6I?si=xYx4cpQ03r2yppHq\" width=\"560\" height=\"315\" frameborder=\"0\" allowfullscreen=\"allowfullscreen\"><\/iframe><\/p>\n","protected":false},"excerpt":{"rendered":"<ul>\n<li><strong>86 tiros<\/strong><\/li>\n<li><strong>NEC: 1385,8g<\/strong><\/li>\n<li><strong>F2<\/strong><\/li>\n<li><strong>Linha Iskra \/ Funke<\/strong><\/li>\n<li><strong>25\/30mm<\/strong><\/li>\n<li><strong>Efeitos: Cauda de tigre dourada para palmeira dourada grande com pe\u00f3nia vermelha; cauda de tigre dourada para palmeira dourada grande com pe\u00f3nia verde; cauda de tigre dourada para palmeira dourada grande com pe\u00f3nia roxa; cauda de tigre dourada para palmeira dourada grande com pe\u00f3nia azul celeste; cauda de tigre dourada para Brocade King com pe\u00f3nia vermelha e pe\u00f3nia verde: \u00c0 esquerda, cauda verde para d\u00e1lia verde com cris\u00e2ntemo; \u00c0 direita, cauda azul para d\u00e1lia azul com cris\u00e2ntemo; No meio, cauda vermelha para d\u00e1lia vermelha com cris\u00e2ntemo Cauda vermelha para palmeira vermelha com estrobosc\u00f3pio branco; Cauda verde para palmeira verde com estrobosc\u00f3pio dourado; Cauda vermelha para palmeira roxa com estrobosc\u00f3pio verde; Cauda verde para palmeira azul com estrobosc\u00f3pio vermelho; Cauda azul para coroa Brocade com pe\u00f3nia vermelha, pe\u00f3nia verde, pe\u00f3nia roxa, pe\u00f3nia azul celeste<\/strong><\/li>\n<\/ul>\n","protected":false},"featured_media":61822,"comment_status":"open","ping_status":"closed","template":"","meta":{"_acf_changed":false},"product_brand":[],"product_cat":[477,495],"product_tag":[560,559,601,611,621,648],"class_list":{"0":"post-61819","1":"product","2":"type-product","3":"status-publish","4":"has-post-thumbnail","6":"product_cat-baterias","7":"product_cat-promocao","8":"product_tag-bateria","9":"product_tag-baterias-2","10":"product_tag-fogos-de-artificio-2","11":"product_tag-funk","12":"product_tag-linha-iskra","13":"product_tag-pyro","14":"pa_brandx-iskra-line","16":"first","17":"instock","18":"sale","19":"taxable","20":"shipping-taxable","21":"purchasable","22":"product-type-simple"},"acf":[],"_links":{"self":[{"href":"https:\/\/uf.estima.site\/pt-pt\/wp-json\/wp\/v2\/product\/61819","targetHints":{"allow":["GET"]}}],"collection":[{"href":"https:\/\/uf.estima.site\/pt-pt\/wp-json\/wp\/v2\/product"}],"about":[{"href":"https:\/\/uf.estima.site\/pt-pt\/wp-json\/wp\/v2\/types\/product"}],"replies":[{"embeddable":true,"href":"https:\/\/uf.estima.site\/pt-pt\/wp-json\/wp\/v2\/comments?post=61819"}],"wp:featuredmedia":[{"embeddable":true,"href":"https:\/\/uf.estima.site\/pt-pt\/wp-json\/wp\/v2\/media\/61822"}],"wp:attachment":[{"href":"https:\/\/uf.estima.site\/pt-pt\/wp-json\/wp\/v2\/media?parent=61819"}],"wp:term":[{"taxonomy":"product_brand","embeddable":true,"href":"https:\/\/uf.estima.site\/pt-pt\/wp-json\/wp\/v2\/product_brand?post=61819"},{"taxonomy":"product_cat","embeddable":true,"href":"https:\/\/uf.estima.site\/pt-pt\/wp-json\/wp\/v2\/product_cat?post=61819"},{"taxonomy":"product_tag","embeddable":true,"href":"https:\/\/uf.estima.site\/pt-pt\/wp-json\/wp\/v2\/product_tag?post=61819"}],"curies":[{"name":"wp","href":"https:\/\/api.w.org\/{rel}","templated":true}]}}