{"id":62658,"date":"2025-08-22T10:59:28","date_gmt":"2025-08-22T09:59:28","guid":{"rendered":"https:\/\/ultrasfactory.com\/product\/riakeo-vengeance-hf-116-2213h\/"},"modified":"2025-10-28T15:14:27","modified_gmt":"2025-10-28T14:14:27","slug":"riakeo-vengeance-hf-116-2213h","status":"publish","type":"product","link":"https:\/\/uf.estima.site\/pt-pt\/product\/riakeo-vengeance-hf-116-2213h\/","title":{"rendered":"Riakeo Vengeance HF-116-2213H"},"content":{"rendered":"<h4 data-start=\"563\" data-end=\"637\"><strong data-start=\"568\" data-end=\"637\">Riakeo HF-116-2213H &#8220;Vengeance&#8221; &#8211; Bolo composto de 116 tiros 25\/30 mm<\/strong><\/h4>\n<p data-start=\"639\" data-end=\"717\"><span class=\"relative -mx-px my-[-0.2rem] rounded px-px py-[0.2rem] transition-colors duration-100 ease-in-out\">Experimenta quase <strong data-start=\"18\" data-end=\"32\">95 segundos<\/strong> de fogos de artif\u00edcio multidimensionais inspiradores com a <strong data-start=\"87\" data-end=\"100\">Vengeance<\/strong> by Riakeo. Com <strong data-start=\"122\" data-end=\"135\">116 disparos<\/strong> em <strong data-start=\"143\" data-end=\"176\">tubos de calibre 25 mm e 30 mm<\/strong> em configura\u00e7\u00f5es combinadas <strong data-start=\"189\" data-end=\"208\">em forma de I e em leque<\/strong>, esta bateria composta cria um espet\u00e1culo visual rico <\/span><\/p>\n<p data-start=\"719\" data-end=\"739\"><strong data-start=\"719\" data-end=\"739\">Os efeitos incluem:<\/strong><\/p>\n<ul data-start=\"740\" data-end=\"1129\">\n<li data-start=\"740\" data-end=\"783\">\n<p data-start=\"742\" data-end=\"783\"><span class=\"relative -mx-px my-[-0.2rem] rounded px-px py-[0.2rem] transition-colors duration-100 ease-in-out\">Cauda vermelha em d\u00e1lias vermelhas\/azuis com estrobosc\u00f3pio branco<\/span><\/p>\n<\/li>\n<li data-start=\"784\" data-end=\"827\">\n<p data-start=\"786\" data-end=\"827\"><span class=\"relative -mx-px my-[-0.2rem] rounded px-px py-[0.2rem] transition-colors duration-100 ease-in-out\">Cauda verde com transi\u00e7\u00e3o para d\u00e1lias roxas\/verdes com estrobosc\u00f3pio dourado<\/span><\/p>\n<\/li>\n<li data-start=\"828\" data-end=\"871\">\n<p data-start=\"830\" data-end=\"871\"><span class=\"relative -mx-px my-[-0.2rem] rounded px-px py-[0.2rem] transition-colors duration-100 ease-in-out\">Cauda vermelha em d\u00e1lias vermelhas\/azuis com ameixa branca<\/span><\/p>\n<\/li>\n<li data-start=\"872\" data-end=\"915\">\n<p data-start=\"874\" data-end=\"915\"><span class=\"relative -mx-px my-[-0.2rem] rounded px-px py-[0.2rem] transition-colors duration-100 ease-in-out\">Cauda dourada em coco dourado tit\u00e2nio com strobe dourado e ameixa vermelha<\/span><\/p>\n<\/li>\n<li data-start=\"916\" data-end=\"959\">\n<p data-start=\"918\" data-end=\"959\"><span class=\"relative -mx-px my-[-0.2rem] rounded px-px py-[0.2rem] transition-colors duration-100 ease-in-out\">D\u00e1lia de lim\u00e3o com cris\u00e2ntemo<\/span><\/p>\n<\/li>\n<li data-start=\"960\" data-end=\"1003\">\n<p data-start=\"962\" data-end=\"1003\"><span class=\"relative -mx-px my-[-0.2rem] rounded px-px py-[0.2rem] transition-colors duration-100 ease-in-out\">Salgueiro crepitante com d\u00e1lia roxa\/verde e estrobosc\u00f3pio vermelho<\/span><\/p>\n<\/li>\n<li data-start=\"1004\" data-end=\"1047\">\n<p data-start=\"1006\" data-end=\"1047\"><span class=\"relative -mx-px my-[-0.2rem] rounded px-px py-[0.2rem] transition-colors duration-100 ease-in-out\">Cauda de coco dourada em tit\u00e2nio at\u00e9 \u00e0 coroa com estrobosc\u00f3pio dourado e d\u00e1lias multicoloridas<\/span><\/p>\n<\/li>\n<li data-start=\"1048\" data-end=\"1129\">\n<p data-start=\"1050\" data-end=\"1129\"><span class=\"relative -mx-px my-[-0.2rem] rounded px-px py-[0.2rem] transition-colors duration-100 ease-in-out\">Cauda de espinheiro prateada em d\u00e1lias com cris\u00e2ntemo prateado e outras combina\u00e7\u00f5es ricas<\/span><\/p>\n<\/li>\n<\/ul>\n<p data-start=\"1131\" data-end=\"1170\"><span class=\"relative -mx-px my-[-0.2rem] rounded px-px py-[0.2rem] transition-colors duration-100 ease-in-out\">Constru\u00eddo para impacto e precis\u00e3o, <strong data-start=\"32\" data-end=\"45\">o Vengeance<\/strong> mant\u00e9m o desempenho com compatibilidade m\u00ednima de ru\u00eddo. \u00c9 uma pe\u00e7a de destaque perfeita como final ou pe\u00e7a central em configura\u00e7\u00f5es semi-profissionais. <\/span><\/p>\n","protected":false},"excerpt":{"rendered":"<ul>\n<li data-start=\"239\" data-end=\"280\">\n<p data-start=\"241\" data-end=\"280\"><span class=\"relative -mx-px my-[-0.2rem] rounded px-px py-[0.2rem] transition-colors duration-100 ease-in-out\"><strong data-start=\"0\" data-end=\"9\" data-is-only-node=\"\">Tira fotografias<\/strong>: 116 (25 mm e 30 mm)<\/span><\/p>\n<\/li>\n<li data-start=\"281\" data-end=\"322\">\n<p data-start=\"283\" data-end=\"322\"><span class=\"relative -mx-px my-[-0.2rem] rounded px-px py-[0.2rem] transition-colors duration-100 ease-in-out\"><strong data-start=\"0\" data-end=\"12\" data-is-only-node=\"\">Dura\u00e7\u00e3o<\/strong>: ~95 segundos<\/span><\/p>\n<\/li>\n<li data-start=\"323\" data-end=\"364\">\n<p data-start=\"325\" data-end=\"364\"><span class=\"relative -mx-px my-[-0.2rem] rounded px-px py-[0.2rem] transition-colors duration-100 ease-in-out\"><strong data-start=\"0\" data-end=\"10\" data-is-only-node=\"\">Disposi\u00e7\u00e3o<\/strong>: Forma em I + padr\u00f5es em leque<\/span><\/p>\n<\/li>\n<li data-start=\"365\" data-end=\"406\">\n<p data-start=\"367\" data-end=\"406\"><span class=\"relative -mx-px my-[-0.2rem] rounded px-px py-[0.2rem] transition-colors duration-100 ease-in-out\"><strong data-start=\"0\" data-end=\"12\" data-is-only-node=\"\">Categoria<\/strong>: CE F2 \/ ADR 1.3G<\/span><\/p>\n<\/li>\n<li data-start=\"407\" data-end=\"524\">\n<p data-start=\"409\" data-end=\"524\"><span class=\"relative -mx-px my-[-0.2rem] rounded px-px py-[0.2rem] transition-colors duration-100 ease-in-out\"><strong data-start=\"0\" data-end=\"15\" data-is-only-node=\"\">N\u00edvel de \u00e1udio<\/strong>: &gt;90 dB<\/span><br data-start=\"446\" data-end=\"449\"><span class=\"relative -mx-px my-[-0.2rem] rounded px-px py-[0.2rem] transition-colors duration-100 ease-in-out\">Repleto de efeitos din\u00e2micos, incluindo caudas vibrantes, explos\u00f5es estrobosc\u00f3picas e d\u00e1lias &#8211; ideal para finais dram\u00e1ticos e apresenta\u00e7\u00f5es de tamanho m\u00e9dio.<\/span><\/p>\n<\/li>\n<\/ul>\n","protected":false},"featured_media":62659,"comment_status":"closed","ping_status":"closed","template":"","meta":{"_acf_changed":false},"product_brand":[],"product_cat":[477,495],"product_tag":[],"class_list":{"0":"post-62658","1":"product","2":"type-product","3":"status-publish","4":"has-post-thumbnail","6":"product_cat-baterias","7":"product_cat-promocao","8":"pa_brandx-riakeo","10":"first","11":"instock","12":"sale","13":"taxable","14":"shipping-taxable","15":"purchasable","16":"product-type-simple"},"acf":[],"_links":{"self":[{"href":"https:\/\/uf.estima.site\/pt-pt\/wp-json\/wp\/v2\/product\/62658","targetHints":{"allow":["GET"]}}],"collection":[{"href":"https:\/\/uf.estima.site\/pt-pt\/wp-json\/wp\/v2\/product"}],"about":[{"href":"https:\/\/uf.estima.site\/pt-pt\/wp-json\/wp\/v2\/types\/product"}],"replies":[{"embeddable":true,"href":"https:\/\/uf.estima.site\/pt-pt\/wp-json\/wp\/v2\/comments?post=62658"}],"wp:featuredmedia":[{"embeddable":true,"href":"https:\/\/uf.estima.site\/pt-pt\/wp-json\/wp\/v2\/media\/62659"}],"wp:attachment":[{"href":"https:\/\/uf.estima.site\/pt-pt\/wp-json\/wp\/v2\/media?parent=62658"}],"wp:term":[{"taxonomy":"product_brand","embeddable":true,"href":"https:\/\/uf.estima.site\/pt-pt\/wp-json\/wp\/v2\/product_brand?post=62658"},{"taxonomy":"product_cat","embeddable":true,"href":"https:\/\/uf.estima.site\/pt-pt\/wp-json\/wp\/v2\/product_cat?post=62658"},{"taxonomy":"product_tag","embeddable":true,"href":"https:\/\/uf.estima.site\/pt-pt\/wp-json\/wp\/v2\/product_tag?post=62658"}],"curies":[{"name":"wp","href":"https:\/\/api.w.org\/{rel}","templated":true}]}}