{"id":62667,"date":"2025-08-22T11:48:48","date_gmt":"2025-08-22T10:48:48","guid":{"rendered":"https:\/\/ultrasfactory.com\/product\/vortex-2-hf2245\/"},"modified":"2025-10-28T15:14:28","modified_gmt":"2025-10-28T14:14:28","slug":"vortex-2-hf2245","status":"publish","type":"product","link":"https:\/\/uf.estima.site\/pt-pt\/product\/vortex-2-hf2245\/","title":{"rendered":"Vortex 2 HF2245"},"content":{"rendered":"<p data-start=\"1036\" data-end=\"1096\"><strong data-start=\"1036\" data-end=\"1096\">Riakeo HF-2245 &#8220;Vortex 2&#8221; &#8211; Bolo composto de 30 mm, 21 disparos<\/strong><\/p>\n<p data-start=\"1098\" data-end=\"1177\"><span class=\"relative -mx-px my-[-0.2rem] rounded px-px py-[0.2rem] transition-colors duration-100 ease-in-out\">Acende um ecr\u00e3 deslumbrante com o <strong data-start=\"35\" data-end=\"47\">Vortex 2<\/strong>, um bolo de 21 disparos da Riakeo concebido para proporcionar cerca de <strong data-start=\"103\" data-end=\"117\">37 segundos<\/strong> de desempenho visual de cortar a respira\u00e7\u00e3o. Cada igni\u00e7\u00e3o fornece caudas de salgueiro de tit\u00e2nio dourado que se transformam em d\u00e1lias em tons vibrantes &#8211; roxo, verde, azul e lim\u00e3o &#8211; dispostas em layouts de disparo em linha reta ou em leque para um espet\u00e1culo din\u00e2mico e em camadas. Com uma altura de at\u00e9 <strong data-start=\"391\" data-end=\"404\">35 metros<\/strong>, este efeito oferece profundidade e escala num s\u00f3  <\/span><\/p>\n<p data-start=\"1179\" data-end=\"1258\"><span class=\"relative -mx-px my-[-0.2rem] rounded px-px py-[0.2rem] transition-colors duration-100 ease-in-out\">O <strong data-start=\"4\" data-end=\"17\">NEC de 420 g<\/strong> garante um impacto visual arrojado, enquanto a sua classifica\u00e7\u00e3o <strong data-start=\"56\" data-end=\"62\">F2<\/strong> e a intensidade de <strong data-start=\"82\" data-end=\"92\">&gt;90 dB<\/strong> criam um espet\u00e1culo que \u00e9 simultaneamente poderoso e acess\u00edvel a consumidores experientes. Embalado quatro vezes por caixa, \u00e9 uma escolha vers\u00e1til &#8211; igualmente eficaz como pe\u00e7a individual ou integrado em conjuntos de fogo de artif\u00edcio maiores. <\/span><\/p>\n","protected":false},"excerpt":{"rendered":"<ul>\n<li data-start=\"172\" data-end=\"213\">\n<p data-start=\"174\" data-end=\"213\"><span class=\"relative -mx-px my-[-0.2rem] rounded px-px py-[0.2rem] transition-colors duration-100 ease-in-out\"><strong data-start=\"0\" data-end=\"16\" data-is-only-node=\"\">C\u00f3digo do produto<\/strong>: HF-2245<\/span><\/p>\n<\/li>\n<li data-start=\"214\" data-end=\"255\">\n<p data-start=\"216\" data-end=\"255\"><span class=\"relative -mx-px my-[-0.2rem] rounded px-px py-[0.2rem] transition-colors duration-100 ease-in-out\"><strong data-start=\"0\" data-end=\"8\" data-is-only-node=\"\">Nome<\/strong>: Vortex 2<\/span><\/p>\n<\/li>\n<li data-start=\"256\" data-end=\"284\">\n<p data-start=\"258\" data-end=\"284\"><strong data-start=\"258\" data-end=\"274\">Fabricante<\/strong>: Riakeo<\/p>\n<\/li>\n<li data-start=\"285\" data-end=\"302\">\n<p data-start=\"287\" data-end=\"302\"><strong data-start=\"287\" data-end=\"296\">Chuta<\/strong>: 21<\/p>\n<\/li>\n<li data-start=\"303\" data-end=\"344\">\n<p data-start=\"305\" data-end=\"344\"><span class=\"relative -mx-px my-[-0.2rem] rounded px-px py-[0.2rem] transition-colors duration-100 ease-in-out\"><strong data-start=\"0\" data-end=\"11\" data-is-only-node=\"\">Calibre<\/strong>: 30 mm<\/span><\/p>\n<\/li>\n<li data-start=\"345\" data-end=\"424\">\n<p data-start=\"347\" data-end=\"424\"><span class=\"relative -mx-px my-[-0.2rem] rounded px-px py-[0.2rem] transition-colors duration-100 ease-in-out\"><strong data-start=\"0\" data-end=\"12\" data-is-only-node=\"\">Dura\u00e7\u00e3o<\/strong>: ~37 segundos<\/span><\/p>\n<\/li>\n<li data-start=\"425\" data-end=\"504\">\n<p data-start=\"427\" data-end=\"504\"><span class=\"relative -mx-px my-[-0.2rem] rounded px-px py-[0.2rem] transition-colors duration-100 ease-in-out\"><strong data-start=\"0\" data-end=\"18\" data-is-only-node=\"\">Padr\u00e3o de disparo<\/strong>: Disposi\u00e7\u00e3o mista &#8211; reta (em forma de I) e em leque<\/span><\/p>\n<\/li>\n<li data-start=\"505\" data-end=\"586\">\n<p data-start=\"507\" data-end=\"586\"><span class=\"relative -mx-px my-[-0.2rem] rounded px-px py-[0.2rem] transition-colors duration-100 ease-in-out\"><strong data-start=\"0\" data-end=\"17\" data-is-only-node=\"\">Altura do efeito<\/strong>: ~35 metros<\/span><\/p>\n<\/li>\n<li data-start=\"587\" data-end=\"670\">\n<p data-start=\"589\" data-end=\"670\"><span class=\"relative -mx-px my-[-0.2rem] rounded px-px py-[0.2rem] transition-colors duration-100 ease-in-out\"><strong data-start=\"0\" data-end=\"31\" data-is-only-node=\"\">NEC (Conte\u00fado Explosivo L\u00edquido)<\/strong>: ~420 g<\/span><\/p>\n<\/li>\n<li data-start=\"671\" data-end=\"754\">\n<p data-start=\"673\" data-end=\"754\"><span class=\"relative -mx-px my-[-0.2rem] rounded px-px py-[0.2rem] transition-colors duration-100 ease-in-out\"><strong data-start=\"0\" data-end=\"15\" data-is-only-node=\"\">N\u00edvel sonoro<\/strong>: &gt;90 dB<\/span><\/p>\n<\/li>\n<li data-start=\"755\" data-end=\"838\">\n<p data-start=\"757\" data-end=\"838\"><span class=\"relative -mx-px my-[-0.2rem] rounded px-px py-[0.2rem] transition-colors duration-100 ease-in-out\"><strong data-start=\"0\" data-end=\"15\" data-is-only-node=\"\">Categoria CE<\/strong>: F2 (consumidor)<\/span><\/p>\n<\/li>\n<\/ul>\n","protected":false},"featured_media":62668,"comment_status":"closed","ping_status":"closed","template":"","meta":{"_acf_changed":false},"product_brand":[],"product_cat":[477,495],"product_tag":[],"class_list":{"0":"post-62667","1":"product","2":"type-product","3":"status-publish","4":"has-post-thumbnail","6":"product_cat-baterias","7":"product_cat-promocao","8":"pa_brandx-riakeo","10":"first","11":"instock","12":"sale","13":"taxable","14":"shipping-taxable","15":"purchasable","16":"product-type-simple"},"acf":[],"_links":{"self":[{"href":"https:\/\/uf.estima.site\/pt-pt\/wp-json\/wp\/v2\/product\/62667","targetHints":{"allow":["GET"]}}],"collection":[{"href":"https:\/\/uf.estima.site\/pt-pt\/wp-json\/wp\/v2\/product"}],"about":[{"href":"https:\/\/uf.estima.site\/pt-pt\/wp-json\/wp\/v2\/types\/product"}],"replies":[{"embeddable":true,"href":"https:\/\/uf.estima.site\/pt-pt\/wp-json\/wp\/v2\/comments?post=62667"}],"wp:featuredmedia":[{"embeddable":true,"href":"https:\/\/uf.estima.site\/pt-pt\/wp-json\/wp\/v2\/media\/62668"}],"wp:attachment":[{"href":"https:\/\/uf.estima.site\/pt-pt\/wp-json\/wp\/v2\/media?parent=62667"}],"wp:term":[{"taxonomy":"product_brand","embeddable":true,"href":"https:\/\/uf.estima.site\/pt-pt\/wp-json\/wp\/v2\/product_brand?post=62667"},{"taxonomy":"product_cat","embeddable":true,"href":"https:\/\/uf.estima.site\/pt-pt\/wp-json\/wp\/v2\/product_cat?post=62667"},{"taxonomy":"product_tag","embeddable":true,"href":"https:\/\/uf.estima.site\/pt-pt\/wp-json\/wp\/v2\/product_tag?post=62667"}],"curies":[{"name":"wp","href":"https:\/\/api.w.org\/{rel}","templated":true}]}}