{"id":62677,"date":"2025-09-05T10:50:35","date_gmt":"2025-09-05T09:50:35","guid":{"rendered":"https:\/\/ultrasfactory.com\/product\/tiny-titan-cle4594\/"},"modified":"2025-10-28T15:14:41","modified_gmt":"2025-10-28T14:14:41","slug":"tiny-titan-cle4594","status":"publish","type":"product","link":"https:\/\/uf.estima.site\/pt-pt\/product\/tiny-titan-cle4594\/","title":{"rendered":"Tiny Titan CLE4594"},"content":{"rendered":"<p><iframe loading=\"lazy\" title=\"Reprodutor de v\u00eddeo do YouTube\" src=\"https:\/\/www.youtube.com\/embed\/Q834LyCXTTY?si=cZOWWo6r2N1-tJzF\" width=\"560\" height=\"315\" frameborder=\"0\" allowfullscreen=\"allowfullscreen\"><\/iframe><\/p>\n","protected":false},"excerpt":{"rendered":"<ul>\n<li data-start=\"1218\" data-end=\"1232\">\n<p data-start=\"1220\" data-end=\"1232\">Dispara: 123<\/p>\n<\/li>\n<li data-start=\"1233\" data-end=\"1259\">\n<p data-start=\"1235\" data-end=\"1259\">Calibre: 25 mm \/ 30 mm<\/p>\n<\/li>\n<li data-start=\"1260\" data-end=\"1277\">\n<p data-start=\"1262\" data-end=\"1277\">NEC: ~1,994 g<\/p>\n<\/li>\n<li data-start=\"1278\" data-end=\"1297\">\n<p data-start=\"1280\" data-end=\"1297\">Dura\u00e7\u00e3o: ~55 s<\/p>\n<\/li>\n<li data-start=\"1298\" data-end=\"1323\">\n<p data-start=\"1300\" data-end=\"1323\">Classifica\u00e7\u00e3o: CE F2<\/p>\n<\/li>\n<li data-start=\"1298\" data-end=\"1323\">Prepara-te para o <strong data-start=\"1515\" data-end=\"1529\">Tiny Titan &#8211; um<\/strong>d\u00ednamo de 123 disparos com quase 2 kg de conte\u00fado explosivo. Ao longo de cerca de 55 segundos, liberta uma energia visual implac\u00e1vel, com cada explos\u00e3o em cascata a prometer impulso, profundidade e teatro num pacote compacto. <\/li>\n<\/ul>\n","protected":false},"featured_media":60941,"comment_status":"closed","ping_status":"closed","template":"","meta":{"_acf_changed":false},"product_brand":[],"product_cat":[477,495],"product_tag":[],"class_list":{"0":"post-62677","1":"product","2":"type-product","3":"status-publish","4":"has-post-thumbnail","6":"product_cat-baterias","7":"product_cat-promocao","8":"pa_brandx-srpyro","10":"first","11":"instock","12":"sale","13":"taxable","14":"shipping-taxable","15":"purchasable","16":"product-type-simple"},"acf":[],"_links":{"self":[{"href":"https:\/\/uf.estima.site\/pt-pt\/wp-json\/wp\/v2\/product\/62677","targetHints":{"allow":["GET"]}}],"collection":[{"href":"https:\/\/uf.estima.site\/pt-pt\/wp-json\/wp\/v2\/product"}],"about":[{"href":"https:\/\/uf.estima.site\/pt-pt\/wp-json\/wp\/v2\/types\/product"}],"replies":[{"embeddable":true,"href":"https:\/\/uf.estima.site\/pt-pt\/wp-json\/wp\/v2\/comments?post=62677"}],"wp:featuredmedia":[{"embeddable":true,"href":"https:\/\/uf.estima.site\/pt-pt\/wp-json\/wp\/v2\/media\/60941"}],"wp:attachment":[{"href":"https:\/\/uf.estima.site\/pt-pt\/wp-json\/wp\/v2\/media?parent=62677"}],"wp:term":[{"taxonomy":"product_brand","embeddable":true,"href":"https:\/\/uf.estima.site\/pt-pt\/wp-json\/wp\/v2\/product_brand?post=62677"},{"taxonomy":"product_cat","embeddable":true,"href":"https:\/\/uf.estima.site\/pt-pt\/wp-json\/wp\/v2\/product_cat?post=62677"},{"taxonomy":"product_tag","embeddable":true,"href":"https:\/\/uf.estima.site\/pt-pt\/wp-json\/wp\/v2\/product_tag?post=62677"}],"curies":[{"name":"wp","href":"https:\/\/api.w.org\/{rel}","templated":true}]}}