{"id":62821,"date":"2025-07-14T13:39:53","date_gmt":"2025-07-14T12:39:53","guid":{"rendered":"https:\/\/ultrasfactory.com\/product\/ignitor-de-2-metros-xp1008-2\/"},"modified":"2025-10-28T15:22:04","modified_gmt":"2025-10-28T14:22:04","slug":"ignitor-de-2-metros-xp1008-2","status":"publish","type":"product","link":"https:\/\/uf.estima.site\/pt-pt\/product\/ignitor-de-2-metros-xp1008-2\/","title":{"rendered":"Ignitor de 2 metros XP1008-2"},"content":{"rendered":"<p>Igni\u00e7\u00e3o el\u00e9ctrica, 2 metros de comprimento<\/p>\n","protected":false},"excerpt":{"rendered":"<p>Igni\u00e7\u00e3o el\u00e9ctrica, 2 metros de comprimento<\/p>\n","protected":false},"featured_media":62177,"comment_status":"closed","ping_status":"closed","template":"","meta":{"_acf_changed":false},"product_brand":[],"product_cat":[476,492],"product_tag":[],"class_list":{"0":"post-62821","1":"product","2":"type-product","3":"status-publish","4":"has-post-thumbnail","6":"product_cat-eventos","7":"product_cat-outro","9":"first","10":"instock","11":"taxable","12":"shipping-taxable","13":"purchasable","14":"product-type-simple"},"acf":[],"_links":{"self":[{"href":"https:\/\/uf.estima.site\/pt-pt\/wp-json\/wp\/v2\/product\/62821","targetHints":{"allow":["GET"]}}],"collection":[{"href":"https:\/\/uf.estima.site\/pt-pt\/wp-json\/wp\/v2\/product"}],"about":[{"href":"https:\/\/uf.estima.site\/pt-pt\/wp-json\/wp\/v2\/types\/product"}],"replies":[{"embeddable":true,"href":"https:\/\/uf.estima.site\/pt-pt\/wp-json\/wp\/v2\/comments?post=62821"}],"wp:featuredmedia":[{"embeddable":true,"href":"https:\/\/uf.estima.site\/pt-pt\/wp-json\/wp\/v2\/media\/62177"}],"wp:attachment":[{"href":"https:\/\/uf.estima.site\/pt-pt\/wp-json\/wp\/v2\/media?parent=62821"}],"wp:term":[{"taxonomy":"product_brand","embeddable":true,"href":"https:\/\/uf.estima.site\/pt-pt\/wp-json\/wp\/v2\/product_brand?post=62821"},{"taxonomy":"product_cat","embeddable":true,"href":"https:\/\/uf.estima.site\/pt-pt\/wp-json\/wp\/v2\/product_cat?post=62821"},{"taxonomy":"product_tag","embeddable":true,"href":"https:\/\/uf.estima.site\/pt-pt\/wp-json\/wp\/v2\/product_tag?post=62821"}],"curies":[{"name":"wp","href":"https:\/\/api.w.org\/{rel}","templated":true}]}}