{"id":62835,"date":"2025-07-24T12:20:45","date_gmt":"2025-07-24T11:20:45","guid":{"rendered":"https:\/\/ultrasfactory.com\/product\/rdg-ma0515\/"},"modified":"2025-10-28T15:22:20","modified_gmt":"2025-10-28T14:22:20","slug":"rdg-ma0515","status":"publish","type":"product","link":"https:\/\/uf.estima.site\/pt-pt\/product\/rdg-ma0515\/","title":{"rendered":"RDG (MA0515)"},"content":{"rendered":"<p data-start=\"167\" data-end=\"212\"><strong data-start=\"167\" data-end=\"212\">Granada de fumo dupla face RDG &#8211; 60 segundos<\/strong><\/p>\n<p data-start=\"214\" data-end=\"657\">Liberta fumo vibrante e espesso em ambas as direc\u00e7\u00f5es com a <strong data-start=\"271\" data-end=\"303\">Granada de Fumo de Dupla Face RDG<\/strong> &#8211; um dispositivo pirot\u00e9cnico potente e fi\u00e1vel concebido tanto para profissionais como para entusiastas. Fabricado pela <strong data-start=\"415\" data-end=\"425\">Maxsem<\/strong>, este dispositivo de fumo de categoria P1 oferece um efeito visual impressionante com um tempo de combust\u00e3o de aproximadamente <strong data-start=\"526\" data-end=\"540\">60 segundos<\/strong> (\u00b1), tornando-o ideal para simula\u00e7\u00f5es t\u00e1cticas, produ\u00e7\u00e3o de filmes, airsoft, paintball, fotografia e eventos especiais. <\/p>\n<p data-start=\"1104\" data-end=\"1293\">Quer a utilizes para projectos criativos, cen\u00e1rios de treino ou celebra\u00e7\u00f5es, a granada de fumo RDG proporciona uma sa\u00edda de fumo consistente e intensa com um design compacto e f\u00e1cil de utilizar.<\/p>\n<blockquote data-start=\"1295\" data-end=\"1385\">\n<p data-start=\"1297\" data-end=\"1385\">Segue sempre as instru\u00e7\u00f5es de seguran\u00e7a. Utiliza apenas em \u00e1reas exteriores abertas. N\u00e3o utilizar em interiores.  <\/p>\n<\/blockquote>\n","protected":false},"excerpt":{"rendered":"<ul data-start=\"677\" data-end=\"992\">\n<li data-start=\"677\" data-end=\"742\">\n<p data-start=\"679\" data-end=\"742\"><strong data-start=\"679\" data-end=\"708\">Emiss\u00e3o de fumo de dupla face<\/strong> para m\u00e1xima cobertura e impacto<\/p>\n<\/li>\n<li data-start=\"743\" data-end=\"780\">\n<p data-start=\"745\" data-end=\"780\"><strong data-start=\"745\" data-end=\"758\">Tempo de combust\u00e3o<\/strong>: aprox. 60 segundos <\/p>\n<\/li>\n<li data-start=\"781\" data-end=\"810\">\n<p data-start=\"783\" data-end=\"810\"><strong data-start=\"783\" data-end=\"801\">Peso do produto<\/strong>: 220 g<\/p>\n<\/li>\n<li data-start=\"811\" data-end=\"828\">\n<p data-start=\"813\" data-end=\"828\"><strong data-start=\"813\" data-end=\"820\">NEC<\/strong>: 95 g (preto 115g)<\/p>\n<\/li>\n<li data-start=\"829\" data-end=\"857\">\n<p data-start=\"831\" data-end=\"857\"><strong data-start=\"831\" data-end=\"847\">C\u00f3digo do produto<\/strong>: MA0515<\/p>\n<\/li>\n<li data-start=\"858\" data-end=\"963\">\n<p data-start=\"860\" data-end=\"963\"><strong data-start=\"860\" data-end=\"884\">Categoria pirot\u00e9cnica<\/strong>: P1 (para utiliza\u00e7\u00e3o profissional e n\u00e3o profissional em condi\u00e7\u00f5es adequadas)<\/p>\n<\/li>\n<li data-start=\"964\" data-end=\"992\">\n<p data-start=\"966\" data-end=\"992\"><strong data-start=\"966\" data-end=\"982\">Fabricante<\/strong>: Maxsem<\/p>\n<\/li>\n<\/ul>\n<p data-start=\"994\" data-end=\"1102\"><strong data-start=\"994\" data-end=\"1025\">Dispon\u00edvel em 8 cores vivas<\/strong>:<br data-start=\"1026\" data-end=\"1029\">\ud83d\udd35 Azul &#8211; \ud83d\udfe2 Verde &#8211; \ud83d\udfe1 Amarelo &#8211; \ud83d\udd34 Vermelho &#8211; \ud83d\udfe0 Laranja &#8211; \ud83d\udfe3 Roxo &#8211; \u26aa Branco<\/p>\n","protected":false},"featured_media":62836,"comment_status":"closed","ping_status":"closed","template":"","meta":{"_acf_changed":false},"product_brand":[],"product_cat":[497],"product_tag":[],"class_list":{"0":"post-62835","1":"product","2":"type-product","3":"status-publish","4":"has-post-thumbnail","6":"product_cat-bomba-de-fumo","8":"first","9":"instock","10":"taxable","11":"shipping-taxable","12":"purchasable","13":"product-type-variable"},"acf":[],"_links":{"self":[{"href":"https:\/\/uf.estima.site\/pt-pt\/wp-json\/wp\/v2\/product\/62835","targetHints":{"allow":["GET"]}}],"collection":[{"href":"https:\/\/uf.estima.site\/pt-pt\/wp-json\/wp\/v2\/product"}],"about":[{"href":"https:\/\/uf.estima.site\/pt-pt\/wp-json\/wp\/v2\/types\/product"}],"replies":[{"embeddable":true,"href":"https:\/\/uf.estima.site\/pt-pt\/wp-json\/wp\/v2\/comments?post=62835"}],"wp:featuredmedia":[{"embeddable":true,"href":"https:\/\/uf.estima.site\/pt-pt\/wp-json\/wp\/v2\/media\/62836"}],"wp:attachment":[{"href":"https:\/\/uf.estima.site\/pt-pt\/wp-json\/wp\/v2\/media?parent=62835"}],"wp:term":[{"taxonomy":"product_brand","embeddable":true,"href":"https:\/\/uf.estima.site\/pt-pt\/wp-json\/wp\/v2\/product_brand?post=62835"},{"taxonomy":"product_cat","embeddable":true,"href":"https:\/\/uf.estima.site\/pt-pt\/wp-json\/wp\/v2\/product_cat?post=62835"},{"taxonomy":"product_tag","embeddable":true,"href":"https:\/\/uf.estima.site\/pt-pt\/wp-json\/wp\/v2\/product_tag?post=62835"}],"curies":[{"name":"wp","href":"https:\/\/api.w.org\/{rel}","templated":true}]}}