{"id":63013,"date":"2025-08-22T10:08:33","date_gmt":"2025-08-22T09:08:33","guid":{"rendered":"https:\/\/ultrasfactory.com\/product\/chama-mf0260\/"},"modified":"2025-10-28T15:28:21","modified_gmt":"2025-10-28T14:28:21","slug":"chama-mf0260","status":"publish","type":"product","link":"https:\/\/uf.estima.site\/pt-pt\/product\/chama-mf0260\/","title":{"rendered":"Chama MF0260"},"content":{"rendered":"<h3 data-start=\"954\" data-end=\"988\"><strong data-start=\"958\" data-end=\"986\">MF0260 &#8211; Sinalizador de m\u00e3o 60 s<\/strong><\/h3>\n<p data-start=\"990\" data-end=\"1269\">O <strong data-start=\"994\" data-end=\"1004\">MF0260<\/strong> \u00e9 um sinalizador de m\u00e3o compacto e potente, perfeito para eventos desportivos, espect\u00e1culos ao ar livre e efeitos de palco. Produz luz e fumo intensos, dispon\u00edveis em v\u00e1rias cores (vermelho, verde, branco, azul, amarelo), o que o torna uma excelente escolha para efeitos de atmosfera visual e de multid\u00e3o. <\/p>\n","protected":false},"excerpt":{"rendered":"<h3 data-start=\"1271\" data-end=\"1305\">Especifica\u00e7\u00f5es t\u00e9cnicas:<\/h3>\n<ul data-start=\"1306\" data-end=\"1633\">\n<li data-start=\"1306\" data-end=\"1334\">\n<p data-start=\"1308\" data-end=\"1334\"><strong data-start=\"1308\" data-end=\"1324\">C\u00f3digo do produto<\/strong>: MF0260<\/p>\n<\/li>\n<li data-start=\"1335\" data-end=\"1359\">\n<p data-start=\"1337\" data-end=\"1359\"><strong data-start=\"1337\" data-end=\"1345\">Tipo<\/strong>: foguete de m\u00e3o<\/p>\n<\/li>\n<li data-start=\"1360\" data-end=\"1397\">\n<p data-start=\"1362\" data-end=\"1397\"><strong data-start=\"1362\" data-end=\"1375\">Tempo de combust\u00e3o<\/strong>: aprox. 60 segundos <\/p>\n<\/li>\n<li data-start=\"1398\" data-end=\"1471\">\n<p data-start=\"1400\" data-end=\"1471\"><strong data-start=\"1400\" data-end=\"1410\">Cores<\/strong>: dispon\u00edvel em 5 variantes diferentes (vermelho, verde, branco, azul, amarelo)<\/p>\n<\/li>\n<li data-start=\"1472\" data-end=\"1562\">\n<p data-start=\"1474\" data-end=\"1562\"><strong data-start=\"1474\" data-end=\"1483\">Utiliza\u00e7\u00e3o<\/strong>: eventos desportivos, espect\u00e1culos pirot\u00e9cnicos, reconstitui\u00e7\u00f5es hist\u00f3ricas, efeitos art\u00edsticos<\/p>\n<\/li>\n<li data-start=\"1563\" data-end=\"1633\">\n<p data-start=\"1565\" data-end=\"1633\"><strong data-start=\"1565\" data-end=\"1575\">Seguran\u00e7a<\/strong>: artigo de pirotecnia &#8211; apenas para utiliza\u00e7\u00e3o no exterior, adultos com mais de 18 anos<\/p>\n<\/li>\n<\/ul>\n","protected":false},"featured_media":63015,"comment_status":"closed","ping_status":"closed","template":"","meta":{"_acf_changed":false},"product_brand":[],"product_cat":[495,488],"product_tag":[],"class_list":{"0":"post-63013","1":"product","2":"type-product","3":"status-publish","4":"has-post-thumbnail","6":"product_cat-promocao","7":"product_cat-sinalizadores","9":"first","10":"instock","11":"sale","12":"taxable","13":"shipping-taxable","14":"purchasable","15":"product-type-variable"},"acf":[],"_links":{"self":[{"href":"https:\/\/uf.estima.site\/pt-pt\/wp-json\/wp\/v2\/product\/63013","targetHints":{"allow":["GET"]}}],"collection":[{"href":"https:\/\/uf.estima.site\/pt-pt\/wp-json\/wp\/v2\/product"}],"about":[{"href":"https:\/\/uf.estima.site\/pt-pt\/wp-json\/wp\/v2\/types\/product"}],"replies":[{"embeddable":true,"href":"https:\/\/uf.estima.site\/pt-pt\/wp-json\/wp\/v2\/comments?post=63013"}],"wp:featuredmedia":[{"embeddable":true,"href":"https:\/\/uf.estima.site\/pt-pt\/wp-json\/wp\/v2\/media\/63015"}],"wp:attachment":[{"href":"https:\/\/uf.estima.site\/pt-pt\/wp-json\/wp\/v2\/media?parent=63013"}],"wp:term":[{"taxonomy":"product_brand","embeddable":true,"href":"https:\/\/uf.estima.site\/pt-pt\/wp-json\/wp\/v2\/product_brand?post=63013"},{"taxonomy":"product_cat","embeddable":true,"href":"https:\/\/uf.estima.site\/pt-pt\/wp-json\/wp\/v2\/product_cat?post=63013"},{"taxonomy":"product_tag","embeddable":true,"href":"https:\/\/uf.estima.site\/pt-pt\/wp-json\/wp\/v2\/product_tag?post=63013"}],"curies":[{"name":"wp","href":"https:\/\/api.w.org\/{rel}","templated":true}]}}