{"id":63028,"date":"2025-08-22T10:25:59","date_gmt":"2025-08-22T09:25:59","guid":{"rendered":"https:\/\/ultrasfactory.com\/product\/dumbum-salute-mine-ss14d\/"},"modified":"2025-10-31T12:41:40","modified_gmt":"2025-10-31T11:41:40","slug":"dumbum-salute-mine-ss14d","status":"publish","type":"product","link":"https:\/\/uf.estima.site\/pt-pt\/product\/dumbum-salute-mine-ss14d\/","title":{"rendered":"DumBum Salute Mine SS14D"},"content":{"rendered":"<h3 data-start=\"2094\" data-end=\"2160\"><strong data-start=\"2098\" data-end=\"2160\">DumBum Salute Mine SS14D &#8211; Mina de Salute de 14 mm (Single-Shot)<\/strong><\/h3>\n<p data-start=\"2162\" data-end=\"2358\">O modelo <strong data-start=\"2166\" data-end=\"2175\">SS14D<\/strong> da s\u00e9rie <strong data-start=\"2191\" data-end=\"2201\">DumBum<\/strong> \u00e9 uma mina de salva de 14 mm concebida como um dispositivo de disparo \u00fanico na categoria CE F2. Concebido n\u00e3o para o espet\u00e1culo visual, mas para a sua poderosa pot\u00eancia auditiva.<\/p>\n<p data-start=\"2360\" data-end=\"2397\">Esta sauda\u00e7\u00e3o de um s\u00f3 tiro \u00e9 \u00f3ptima para:<\/p>\n<ul data-start=\"2398\" data-end=\"2556\">\n<li data-start=\"2398\" data-end=\"2441\">\n<p data-start=\"2400\" data-end=\"2441\">serve de cl\u00edmax nos espect\u00e1culos de fogo de artif\u00edcio,<\/p>\n<\/li>\n<li data-start=\"2442\" data-end=\"2496\">\n<p data-start=\"2444\" data-end=\"2496\">melhorar o ambiente em eventos desportivos ou ensaios,<\/p>\n<\/li>\n<li data-start=\"2497\" data-end=\"2556\">\n<p data-start=\"2499\" data-end=\"2556\">dando um toque sonoro em sequ\u00eancias pirot\u00e9cnicas maiores.<\/p>\n<\/li>\n<\/ul>\n<p data-start=\"2558\" data-end=\"2587\"><strong data-start=\"2558\" data-end=\"2587\">Especifica\u00e7\u00f5es t\u00e9cnicas:<\/strong><\/p>\n<ul data-start=\"2588\" data-end=\"2853\">\n<li data-start=\"2588\" data-end=\"2629\">\n<p data-start=\"2590\" data-end=\"2629\">Modelo: <strong data-start=\"2597\" data-end=\"2627\">SS14D (Mina de Sauda\u00e7\u00e3o DumBum)<\/strong><\/p>\n<\/li>\n<li data-start=\"2630\" data-end=\"2652\">\n<p data-start=\"2632\" data-end=\"2652\">Calibre: <strong data-start=\"2641\" data-end=\"2650\">14 mm<\/strong><\/p>\n<\/li>\n<li data-start=\"2653\" data-end=\"2678\">\n<p data-start=\"2655\" data-end=\"2678\">Tipo: <strong data-start=\"2661\" data-end=\"2676\">tiro \u00fanico<\/strong><\/p>\n<\/li>\n<li data-start=\"2679\" data-end=\"2702\">\n<p data-start=\"2681\" data-end=\"2702\">Categoria: <strong data-start=\"2691\" data-end=\"2700\">CE F2<\/strong><\/p>\n<\/li>\n<li data-start=\"2703\" data-end=\"2763\">\n<p data-start=\"2705\" data-end=\"2763\">Efeito: <strong data-start=\"2713\" data-end=\"2761\">ru\u00eddo de sauda\u00e7\u00e3o alto com um efeito visual m\u00ednimo<\/strong><\/p>\n<\/li>\n<li data-start=\"2764\" data-end=\"2853\">\n<p data-start=\"2766\" data-end=\"2853\">Utiliza\u00e7\u00e3o: coloca\u00e7\u00e3o no solo, acionada como uma mina normal, emitindo um relat\u00f3rio poderoso<\/p>\n<\/li>\n<\/ul>\n<p data-start=\"2855\" data-end=\"2870\"><strong data-start=\"2855\" data-end=\"2870\">Destaca:<\/strong><\/p>\n<ul data-start=\"2871\" data-end=\"3029\">\n<li data-start=\"2871\" data-end=\"2909\">\n<p data-start=\"2873\" data-end=\"2909\"><strong data-start=\"2873\" data-end=\"2889\">Tamanho compacto<\/strong> para um manuseamento f\u00e1cil<\/p>\n<\/li>\n<li data-start=\"2910\" data-end=\"2962\">\n<p data-start=\"2912\" data-end=\"2962\"><strong data-start=\"2912\" data-end=\"2937\">Efeito sonoro marcante<\/strong> para amplificar os ambientes<\/p>\n<\/li>\n<li data-start=\"2963\" data-end=\"3029\">\n<p data-start=\"2965\" data-end=\"3029\"><strong data-start=\"2965\" data-end=\"2986\">A classifica\u00e7\u00e3o F2<\/strong> garante a conformidade se for utilizada de acordo com os regulamentos<\/p>\n<\/li>\n<\/ul>\n","protected":false},"excerpt":{"rendered":"<p data-start=\"642\" data-end=\"704\"><strong data-start=\"642\" data-end=\"702\">DumBum Salute Mine SS14D | 14 mm Single-Shot Salute Mine<\/strong><\/p>\n<ul data-start=\"705\" data-end=\"978\">\n<li data-start=\"705\" data-end=\"746\">\n<p data-start=\"707\" data-end=\"746\"><strong data-start=\"707\" data-end=\"716\">Modelo<\/strong>: SS14D &#8211; Mina de Sauda\u00e7\u00e3o DumBum<\/p>\n<\/li>\n<li data-start=\"747\" data-end=\"769\">\n<p data-start=\"749\" data-end=\"769\"><strong data-start=\"749\" data-end=\"760\">Calibre<\/strong>: 14 mm<\/p>\n<\/li>\n<li data-start=\"770\" data-end=\"795\">\n<p data-start=\"772\" data-end=\"795\"><strong data-start=\"772\" data-end=\"780\">Tipo<\/strong>: tiro \u00fanico<\/p>\n<\/li>\n<li data-start=\"796\" data-end=\"978\">\n<p data-start=\"798\" data-end=\"978\"><strong data-start=\"798\" data-end=\"813\">Categoria CE<\/strong>: F2 <br data-start=\"845\" data-end=\"848\">Mina de sauda\u00e7\u00e3o compacta e impactante que emite um relat\u00f3rio alto &#8211; perfeita como um efeito sonoro aumentado para exposi\u00e7\u00f5es ou eventos desportivos.<\/p>\n<\/li>\n<\/ul>\n","protected":false},"featured_media":63030,"comment_status":"closed","ping_status":"closed","template":"","meta":{"_acf_changed":false},"product_brand":[],"product_cat":[495,496],"product_tag":[],"class_list":{"0":"post-63028","1":"product","2":"type-product","3":"status-publish","4":"has-post-thumbnail","6":"product_cat-promocao","7":"product_cat-tiros-unicos","8":"pa_brandx-klasek","10":"first","11":"instock","12":"sale","13":"taxable","14":"shipping-taxable","15":"purchasable","16":"product-type-simple"},"acf":[],"_links":{"self":[{"href":"https:\/\/uf.estima.site\/pt-pt\/wp-json\/wp\/v2\/product\/63028","targetHints":{"allow":["GET"]}}],"collection":[{"href":"https:\/\/uf.estima.site\/pt-pt\/wp-json\/wp\/v2\/product"}],"about":[{"href":"https:\/\/uf.estima.site\/pt-pt\/wp-json\/wp\/v2\/types\/product"}],"replies":[{"embeddable":true,"href":"https:\/\/uf.estima.site\/pt-pt\/wp-json\/wp\/v2\/comments?post=63028"}],"wp:featuredmedia":[{"embeddable":true,"href":"https:\/\/uf.estima.site\/pt-pt\/wp-json\/wp\/v2\/media\/63030"}],"wp:attachment":[{"href":"https:\/\/uf.estima.site\/pt-pt\/wp-json\/wp\/v2\/media?parent=63028"}],"wp:term":[{"taxonomy":"product_brand","embeddable":true,"href":"https:\/\/uf.estima.site\/pt-pt\/wp-json\/wp\/v2\/product_brand?post=63028"},{"taxonomy":"product_cat","embeddable":true,"href":"https:\/\/uf.estima.site\/pt-pt\/wp-json\/wp\/v2\/product_cat?post=63028"},{"taxonomy":"product_tag","embeddable":true,"href":"https:\/\/uf.estima.site\/pt-pt\/wp-json\/wp\/v2\/product_tag?post=63028"}],"curies":[{"name":"wp","href":"https:\/\/api.w.org\/{rel}","templated":true}]}}