{"id":63540,"date":"2024-01-11T10:35:29","date_gmt":"2024-01-11T10:35:29","guid":{"rendered":"https:\/\/ultrasfactory.com\/product\/firlefanz-ac20-16-6\/"},"modified":"2025-10-28T15:34:42","modified_gmt":"2025-10-28T14:34:42","slug":"firlefanz-ac20-16-6","status":"publish","type":"product","link":"https:\/\/uf.estima.site\/pt-pt\/product\/firlefanz-ac20-16-6\/","title":{"rendered":"FirleFanz AC20-16-6"},"content":{"rendered":"<p><iframe loading=\"lazy\" title=\"Reprodutor de v\u00eddeo do YouTube\" src=\"https:\/\/www.youtube.com\/embed\/16874x46Vmw?si=kTRsoIBRt4kJ5XsN\" width=\"560\" height=\"315\" frameborder=\"0\" allowfullscreen=\"allowfullscreen\"><\/iframe><\/p>\n","protected":false},"excerpt":{"rendered":"<ul>\n<li><strong>16 tiros<\/strong><\/li>\n<li><strong>20mm<\/strong><\/li>\n<li><strong>NEC: 134,72g<\/strong><\/li>\n<li><strong>F2<\/strong><\/li>\n<li><strong>Efeito: Coroa as caudas em azul e vermelho at\u00e9 \u00e0 pe\u00f3nia azul com estrobosc\u00f3pio verde e \u00e0 pe\u00f3nia vermelho-sangue com estrobosc\u00f3pio branco.<\/strong><\/li>\n<li><strong>Argento Feuerwerk<\/strong><\/li>\n<\/ul>\n","protected":false},"featured_media":63542,"comment_status":"open","ping_status":"closed","template":"","meta":{"_acf_changed":false},"product_brand":[],"product_cat":[477,495],"product_tag":[560,559,525,601,611,621,553,648],"class_list":{"0":"post-63540","1":"product","2":"type-product","3":"status-publish","4":"has-post-thumbnail","6":"product_cat-baterias","7":"product_cat-promocao","8":"product_tag-bateria","9":"product_tag-baterias-2","10":"product_tag-feuerwerk","11":"product_tag-fogos-de-artificio-2","12":"product_tag-funk","13":"product_tag-linha-iskra","14":"product_tag-prata","15":"product_tag-pyro","16":"pa_brandx-argento-feuerwerk","18":"first","19":"instock","20":"sale","21":"taxable","22":"shipping-taxable","23":"purchasable","24":"product-type-simple"},"acf":[],"_links":{"self":[{"href":"https:\/\/uf.estima.site\/pt-pt\/wp-json\/wp\/v2\/product\/63540","targetHints":{"allow":["GET"]}}],"collection":[{"href":"https:\/\/uf.estima.site\/pt-pt\/wp-json\/wp\/v2\/product"}],"about":[{"href":"https:\/\/uf.estima.site\/pt-pt\/wp-json\/wp\/v2\/types\/product"}],"replies":[{"embeddable":true,"href":"https:\/\/uf.estima.site\/pt-pt\/wp-json\/wp\/v2\/comments?post=63540"}],"wp:featuredmedia":[{"embeddable":true,"href":"https:\/\/uf.estima.site\/pt-pt\/wp-json\/wp\/v2\/media\/63542"}],"wp:attachment":[{"href":"https:\/\/uf.estima.site\/pt-pt\/wp-json\/wp\/v2\/media?parent=63540"}],"wp:term":[{"taxonomy":"product_brand","embeddable":true,"href":"https:\/\/uf.estima.site\/pt-pt\/wp-json\/wp\/v2\/product_brand?post=63540"},{"taxonomy":"product_cat","embeddable":true,"href":"https:\/\/uf.estima.site\/pt-pt\/wp-json\/wp\/v2\/product_cat?post=63540"},{"taxonomy":"product_tag","embeddable":true,"href":"https:\/\/uf.estima.site\/pt-pt\/wp-json\/wp\/v2\/product_tag?post=63540"}],"curies":[{"name":"wp","href":"https:\/\/api.w.org\/{rel}","templated":true}]}}