{"id":64878,"date":"2025-10-29T13:41:29","date_gmt":"2025-10-29T12:41:29","guid":{"rendered":"https:\/\/ultrasfactory.com\/product\/gama-de-assinatura-de-tiros-unicos-ss20sig14\/"},"modified":"2025-10-31T12:36:59","modified_gmt":"2025-10-31T11:36:59","slug":"gama-de-assinatura-de-tiros-unicos-ss20sig14","status":"publish","type":"product","link":"https:\/\/uf.estima.site\/pt-pt\/product\/gama-de-assinatura-de-tiros-unicos-ss20sig14\/","title":{"rendered":"Gama de assinatura de tiros \u00fanicos SS20SIG14"},"content":{"rendered":"<p><iframe loading=\"lazy\" title=\"Reprodutor de v\u00eddeo do YouTube\" src=\"https:\/\/www.youtube.com\/embed\/uZx1B1P4YSw?si=LUSemr88c8GuoaBO\" width=\"560\" height=\"315\" frameborder=\"0\" allowfullscreen=\"allowfullscreen\"><\/iframe><\/p>\n<p data-start=\"768\" data-end=\"1098\">O <strong data-start=\"772\" data-end=\"818\">Single Shots &#8211; Signature Range (SS20SIG14)<\/strong> da <strong data-start=\"824\" data-end=\"835\">Triplex<\/strong> \u00e9 um proj\u00e9til <strong data-start=\"841\" data-end=\"888\">a\u00e9reo de disparo \u00fanico<\/strong> <strong data-start=\"1018\" data-end=\"1034\">de<\/strong> <strong data-start=\"841\" data-end=\"888\">estilo profissional<\/strong> concebido para utiliza\u00e7\u00e3o em ecr\u00e3s de alto impacto. <\/p>\n<p data-start=\"1100\" data-end=\"1451\">Constru\u00eddo como parte da s\u00e9rie <em data-start=\"1121\" data-end=\"1138\">Signature Range<\/em>, o SS20SIG14 proporciona um <strong data-start=\"1168\" data-end=\"1197\">efeito limpo e sim\u00e9trico<\/strong> &#8211; perfeito para sequ\u00eancias de espect\u00e1culos sincronizados, finais ou como um elemento de destaque em exibi\u00e7\u00f5es coreografadas. Est\u00e1 classificado pela CE como <strong data-start=\"1324\" data-end=\"1339\">Categoria F2<\/strong>, <\/p>\n<p data-start=\"1453\" data-end=\"1684\">As variantes visuais t\u00edpicas da gama Signature incluem coroas de brocado dourado, pe\u00f3nias vermelhas ou prateadas, caudas brilhantes ou explos\u00f5es crepitantes de tit\u00e2nio &#8211; assegurando uma presen\u00e7a visual poderosa e de n\u00edvel profissional, mesmo em expositores de pequena escala.<\/p>\n","protected":false},"excerpt":{"rendered":"<ul>\n<li><strong>10 unidades<\/strong><\/li>\n<li><strong>F2<\/strong><\/li>\n<li><strong>Klasek<\/strong><\/li>\n<\/ul>\n","protected":false},"featured_media":64879,"comment_status":"closed","ping_status":"closed","template":"","meta":{"_acf_changed":false},"product_brand":[],"product_cat":[495,496],"product_tag":[],"class_list":{"0":"post-64878","1":"product","2":"type-product","3":"status-publish","4":"has-post-thumbnail","6":"product_cat-promocao","7":"product_cat-tiros-unicos","8":"pa_brandx-klasek","10":"first","11":"instock","12":"sale","13":"taxable","14":"shipping-taxable","15":"purchasable","16":"product-type-simple"},"acf":[],"_links":{"self":[{"href":"https:\/\/uf.estima.site\/pt-pt\/wp-json\/wp\/v2\/product\/64878","targetHints":{"allow":["GET"]}}],"collection":[{"href":"https:\/\/uf.estima.site\/pt-pt\/wp-json\/wp\/v2\/product"}],"about":[{"href":"https:\/\/uf.estima.site\/pt-pt\/wp-json\/wp\/v2\/types\/product"}],"replies":[{"embeddable":true,"href":"https:\/\/uf.estima.site\/pt-pt\/wp-json\/wp\/v2\/comments?post=64878"}],"wp:featuredmedia":[{"embeddable":true,"href":"https:\/\/uf.estima.site\/pt-pt\/wp-json\/wp\/v2\/media\/64879"}],"wp:attachment":[{"href":"https:\/\/uf.estima.site\/pt-pt\/wp-json\/wp\/v2\/media?parent=64878"}],"wp:term":[{"taxonomy":"product_brand","embeddable":true,"href":"https:\/\/uf.estima.site\/pt-pt\/wp-json\/wp\/v2\/product_brand?post=64878"},{"taxonomy":"product_cat","embeddable":true,"href":"https:\/\/uf.estima.site\/pt-pt\/wp-json\/wp\/v2\/product_cat?post=64878"},{"taxonomy":"product_tag","embeddable":true,"href":"https:\/\/uf.estima.site\/pt-pt\/wp-json\/wp\/v2\/product_tag?post=64878"}],"curies":[{"name":"wp","href":"https:\/\/api.w.org\/{rel}","templated":true}]}}