{"id":64881,"date":"2025-10-31T09:36:01","date_gmt":"2025-10-31T08:36:01","guid":{"rendered":"https:\/\/ultrasfactory.com\/product\/bonita-em-rosa-ac25-36-5\/"},"modified":"2025-10-31T12:36:51","modified_gmt":"2025-10-31T11:36:51","slug":"bonita-em-rosa-ac25-36-5","status":"publish","type":"product","link":"https:\/\/uf.estima.site\/pt-pt\/product\/bonita-em-rosa-ac25-36-5\/","title":{"rendered":"Bonita em rosa AC25-36-5"},"content":{"rendered":"<p><iframe loading=\"lazy\" title=\"Reprodutor de v\u00eddeo do YouTube\" src=\"https:\/\/www.youtube.com\/embed\/qD8cPduwZlo?si=T79ib0MX7GhwlqIL\" width=\"560\" height=\"315\" frameborder=\"0\" allowfullscreen=\"allowfullscreen\"><\/iframe><\/p>\n<p>A <strong data-start=\"516\" data-end=\"554\">Argento Pretty in Pink (AC25-36-5)<\/strong> \u00e9 uma impressionante <strong data-start=\"569\" data-end=\"604\">bateria de fogos de artif\u00edcio a\u00e9reos<\/strong> de <strong data-start=\"569\" data-end=\"604\">36 disparos<\/strong> com um calibre de 25 mm, que produz aproximadamente <strong data-start=\"648\" data-end=\"659\">499,9 g<\/strong> de massa explosiva l\u00edquida (NEM).  <br data-start=\"723\" data-end=\"726\">Esta bateria combina uma variedade de efeitos de primeira qualidade: caudas de tit\u00e2nio douradas em salgueiros dourados com piscas douradas e estrelas rosa n\u00e9on; conjuntos de caudas de brocado em leque largo em coroas de brocado com estrelas de n\u00e9on rosa-lim\u00e3o e rosa-\u00e1gua; caudas de bolachas douradas em ramos de bolachas douradas com estrelas de n\u00e9on em rosa, \u00e1gua e lim\u00e3o; e uma dram\u00e1tica <strong data-start=\"1052\" data-end=\"1078\">salva final<\/strong> de bolachas prateadas em <strong data-start=\"1052\" data-end=\"1078\">leque duplo<\/strong> que culmina em ramos de bolachas prateadas e estrelas de d\u00e1lia rosa n\u00e9on brilhantes.<br data-start=\"1210\" data-end=\"1213\">Classificada como <strong data-start=\"1227\" data-end=\"1245\">CE Categoria F2<\/strong> (utiliza\u00e7\u00e3o exterior pelo consumidor) e ADR Classe 1.4G, a Pretty in Pink \u00e9 ideal para expositores de exterior com impacto mas de f\u00e1cil utiliza\u00e7\u00e3o.  <br data-start=\"1400\" data-end=\"1403\">Com cerca de <strong data-start=\"1416\" data-end=\"1430\">40 segundos<\/strong> de efeitos e amplas explos\u00f5es de padr\u00e3o de ventoinha, esta bateria \u00e9 perfeita para casamentos, celebra\u00e7\u00f5es privadas ou como destaque num espet\u00e1culo maior. <br data-start=\"1570\" data-end=\"1573\">A altura do efeito \u00e9 de cerca de 35 m, de acordo com as especifica\u00e7\u00f5es de um retalhista.<\/p>\n","protected":false},"excerpt":{"rendered":"<ul>\n<li><strong>36 tiros<\/strong><\/li>\n<li><strong>25mm<\/strong><\/li>\n<li><strong>F2<\/strong><\/li>\n<\/ul>\n","protected":false},"featured_media":64882,"comment_status":"closed","ping_status":"closed","template":"","meta":{"_acf_changed":false},"product_brand":[],"product_cat":[477,495],"product_tag":[],"class_list":{"0":"post-64881","1":"product","2":"type-product","3":"status-publish","4":"has-post-thumbnail","6":"product_cat-baterias","7":"product_cat-promocao","8":"pa_brandx-albert-feuerwerk","10":"first","11":"instock","12":"sale","13":"taxable","14":"shipping-taxable","15":"purchasable","16":"product-type-simple"},"acf":[],"_links":{"self":[{"href":"https:\/\/uf.estima.site\/pt-pt\/wp-json\/wp\/v2\/product\/64881","targetHints":{"allow":["GET"]}}],"collection":[{"href":"https:\/\/uf.estima.site\/pt-pt\/wp-json\/wp\/v2\/product"}],"about":[{"href":"https:\/\/uf.estima.site\/pt-pt\/wp-json\/wp\/v2\/types\/product"}],"replies":[{"embeddable":true,"href":"https:\/\/uf.estima.site\/pt-pt\/wp-json\/wp\/v2\/comments?post=64881"}],"wp:featuredmedia":[{"embeddable":true,"href":"https:\/\/uf.estima.site\/pt-pt\/wp-json\/wp\/v2\/media\/64882"}],"wp:attachment":[{"href":"https:\/\/uf.estima.site\/pt-pt\/wp-json\/wp\/v2\/media?parent=64881"}],"wp:term":[{"taxonomy":"product_brand","embeddable":true,"href":"https:\/\/uf.estima.site\/pt-pt\/wp-json\/wp\/v2\/product_brand?post=64881"},{"taxonomy":"product_cat","embeddable":true,"href":"https:\/\/uf.estima.site\/pt-pt\/wp-json\/wp\/v2\/product_cat?post=64881"},{"taxonomy":"product_tag","embeddable":true,"href":"https:\/\/uf.estima.site\/pt-pt\/wp-json\/wp\/v2\/product_tag?post=64881"}],"curies":[{"name":"wp","href":"https:\/\/api.w.org\/{rel}","templated":true}]}}